{"id":4765,"date":"2025-05-19T13:03:26","date_gmt":"2025-05-19T10:03:26","guid":{"rendered":"https:\/\/ringspa.ee\/?page_id=4765"},"modified":"2026-02-10T14:45:28","modified_gmt":"2026-02-10T12:45:28","slug":"hostel","status":"publish","type":"page","link":"https:\/\/ringspa.ee\/en\/hostel\/","title":{"rendered":"HOSTEL"},"content":{"rendered":"\n<div style=\"height:90px\" aria-hidden=\"true\" class=\"wp-block-spacer mobile-spacer-0\"><\/div>\n\n\n\n<div class=\"wp-block-cover alignfull\"><img loading=\"lazy\" decoding=\"async\" width=\"1024\" height=\"683\" class=\"wp-block-cover__image-background wp-image-345 size-large\" alt=\"\" src=\"https:\/\/ringspa.ee\/wp-content\/uploads\/2023\/03\/Ring_hostel_Tallinnas-1024x683.jpg\" data-object-fit=\"cover\" srcset=\"https:\/\/ringspa.ee\/wp-content\/uploads\/2023\/03\/Ring_hostel_Tallinnas-1024x683.jpg 1024w, https:\/\/ringspa.ee\/wp-content\/uploads\/2023\/03\/Ring_hostel_Tallinnas-300x200.jpg 300w, https:\/\/ringspa.ee\/wp-content\/uploads\/2023\/03\/Ring_hostel_Tallinnas-768x512.jpg 768w, https:\/\/ringspa.ee\/wp-content\/uploads\/2023\/03\/Ring_hostel_Tallinnas-1536x1024.jpg 1536w, https:\/\/ringspa.ee\/wp-content\/uploads\/2023\/03\/Ring_hostel_Tallinnas-1568x1045.jpg 1568w, https:\/\/ringspa.ee\/wp-content\/uploads\/2023\/03\/Ring_hostel_Tallinnas.jpg 2048w\" sizes=\"auto, (max-width: 1024px) 100vw, 1024px\" \/><span aria-hidden=\"true\" class=\"wp-block-cover__background has-background-dim-60 has-background-dim\" style=\"background-color:#646971\"><\/span><div class=\"wp-block-cover__inner-container is-layout-flow wp-block-cover-is-layout-flow\">\n<div style=\"height:20px\" aria-hidden=\"true\" class=\"wp-block-spacer\"><\/div>\n\n\n\n<div class=\"wp-block-columns is-layout-flex wp-container-core-columns-is-layout-9d6595d7 wp-block-columns-is-layout-flex\">\n<div class=\"wp-block-column is-layout-flow wp-block-column-is-layout-flow\" style=\"padding-top:var(--wp--preset--spacing--30);padding-right:var(--wp--preset--spacing--30);padding-bottom:var(--wp--preset--spacing--30);padding-left:var(--wp--preset--spacing--30);flex-basis:50%\">\n<h1 class=\"wp-block-heading has-white-color has-text-color\">Hostel in Tallinn with spa and saunas<\/h1>\n\n\n\n<p class=\"has-white-color has-text-color has-medium-font-size\">Ring SPA Hostel is an excellent choice for anyone looking to enjoy the local charm of Tallinn affordably and comfortably. The room selection includes simple and clean double rooms with private bathrooms, as well as four-bed dorm rooms with bunk beds and shared bathroom facilities. The latter are ideal for budget-friendly group accommodation.<\/p>\n\n\n\n<p class=\"has-white-color has-text-color has-medium-font-size\"><br>We offer a complimentary light breakfast at the Ring Caf\u00e9 for hostel guests, included in the accommodation price &#8211; perfect for starting the day in a healthy and energetic way. In addition, guests can enjoy unlimited access to the luxurious Ring spa &amp; saunas, offering the perfect relaxation after an active day.<\/p>\n\n\n\n<p><\/p>\n\n\n\n<div class=\"wp-block-buttons is-layout-flex wp-block-buttons-is-layout-flex\">\n<div class=\"wp-block-button has-custom-width wp-block-button__width-50\"><a class=\"wp-block-button__link wp-element-button\" href=\"https:\/\/bouk.io\/booking\/ringspahostel\/818\/rooms\/480?language=en&amp;adults=2\" target=\"_blank\" rel=\"noreferrer noopener\">BOOK ACCOMMODATION<\/a><\/div>\n<\/div>\n<\/div>\n\n\n\n<div class=\"wp-block-column is-layout-flow wp-block-column-is-layout-flow\" style=\"flex-basis:10%\"><\/div>\n\n\n\n<div class=\"wp-block-column has-medium-font-size is-layout-flow wp-block-column-is-layout-flow\" style=\"padding-top:var(--wp--preset--spacing--20);padding-right:var(--wp--preset--spacing--20);padding-bottom:var(--wp--preset--spacing--20);padding-left:var(--wp--preset--spacing--20)\">\n<div class=\"wp-block-create-block-ed-circle-text-block align-center has-white-color has-text-color\"><div class=\"inner-block\" style=\"border:1px solid #fff\"><p>RING HOSTEL<br>CHECK-IN FROM 16:00<br>CHECK-OUT UNTIL 11:00<br><a href=\"mailto:hostel@ringspa.ee\" target=\"_blank\" rel=\"noreferrer noopener\">hostel@ringspa.ee<\/a><br>+372 699 9100<\/p><\/div><\/div>\n<\/div>\n<\/div>\n<\/div><\/div>\n\n\n\n<div style=\"height:20px\" aria-hidden=\"true\" class=\"wp-block-spacer mobile-spacer-10\"><\/div>\n\n\n\n<h2 class=\"wp-block-heading has-text-align-center\">Ring SPA hostel rules and regulations<\/h2>\n\n\n\n<div style=\"height:20px\" aria-hidden=\"true\" class=\"wp-block-spacer mobile-spacer-10\"><\/div>\n\n\n\n<div class=\"wp-block-columns alignwide is-layout-flex wp-container-core-columns-is-layout-30ac8118 wp-block-columns-is-layout-flex\" style=\"padding-right:var(--wp--preset--spacing--50);padding-left:var(--wp--preset--spacing--50)\">\n<div class=\"wp-block-column is-layout-flow wp-block-column-is-layout-flow\" style=\"padding-right:var(--wp--preset--spacing--50);padding-left:var(--wp--preset--spacing--50)\">\n<p>Check-in from 16:00<br>Check-out latest at 11:00<\/p>\n\n\n\n<p>Late check-out is possible upon prior arrangement. Late check-out lasts until 15:00. An additional fee of 10 \u20ac per hour will be charged for each additional hour after 11:00.<br><br>Breakfast is served in Ring Caf\u00e9<br>Every day 8:00-10:00<\/p>\n\n\n\n<p>SMOKING POLICY<br>The hostel follows a smoke-free policy. Customers who smoke in areas where it is not allowed (also at open windows in hotel rooms) will be fined. The fine for smoking in a non-designated area is 200 \u20ac.<\/p>\n\n\n\n<p>PARKING<br>Parking in the unguarded parking lot of the Ring SPA &amp; SPORT center at \u00d5ism\u00e4e tee 130, is managed by \u00dchisteenused AS.<br>Ring spa customers can park for 4 hours free of charge on the center\u2019s territory, upon prior registration at a parking kiosk by entrance or with a parking meter between 11:00 and 22:30.<br>If you need to longer your parking for more than 4 hours, the SPA reception attendant will register your car number at the reception or spa bar, depending on the length of the service.<\/p>\n\n\n\n<p>PETS IN OUR HOSTEL<br>You are always welcome with your pet! Pets are allowed only with prior agreement with the hostel, please let us know when making the reservation. There is an extra charge of 25 \u20ac for a pet, regardless of the size or weight of the furry friend.<br>Additional fees and rules apply to pet owners in accordance with the laws governing animal husbandry, and the owner is responsible for damage caused by the pet (both material and health damage).<br>The pet is always under the supervision and responsibility of the owner in the hotel territory.<br>We ask that pets be kept on a leash at all times on the hotel grounds.<br>The owner of the pet is responsible for the cleanliness of his four-legged friend in the hotel and makes sure that he does not disturb other guests.<br>The owner of the pet bears compensation for damages caused by his ward, including an additional fee if the room needs extensive cleaning (including dry cleaning) after departure.<br>Pets may not stay in catering rooms or areas where they are not safe (slippery surfaces, steep slopes, risk of drowning, etc.).<\/p>\n\n\n\n<p>VIDEO SURVEILLANCE<br>We use security cameras in Metros O\u00dc for the protection of persons (i.e customers, employees and visitors), ensuring safety and for ascertaining whether internal procedure rules are complied with. The data controller is Metros O\u00dc.<\/p>\n<\/div>\n\n\n\n<div class=\"wp-block-column is-layout-flow wp-block-column-is-layout-flow\" style=\"padding-right:var(--wp--preset--spacing--40);padding-left:var(--wp--preset--spacing--40)\">\n<p>MONITORING OF PUBLIC ORDER<br>The hostel complies with all requirements regarding public order, keeping the peace and preventing pollution. In the event of a violation of public order, the hostel will involve security personnel or call the police, if necessary. For violating the peace of fellow citizens, there is a fine of 100 \u20ac for each challenge, depending on the level of the violation, to compensate for the damage caused.<\/p>\n\n\n\n<p>NIGHT REST AT THE HOSTEL<br>Quiet hours at the hostel start at 23:00 and last until 06:00. Violation of the night\u2019s peace means disturbing other persons with sound, light, mechanical, electronic, etc. means. In order to compensate for the damage caused, a fine of 100 \u20ac is imposed for each challenge, depending on the level of the violation.<\/p>\n\n\n\n<p>CUSTOMER\u2019S RESPONSIBILITY IN CASE OF DAMAGE<br>As our guest, you assume the responsibility and obligation to follow the established rules. You are responsible for intentional or unintentional damage that you or your guest may have caused in the hostel room or in the common areas of the hostel. The hostel has the right to demand compensation for material damage caused by the customer. The amount of damage compensation is based on the direct damage caused, plus the costs associated with damage elimination.<\/p>\n\n\n\n<p>GOOD MANNERS AND CUSTOMS<br>We expect our customers to follow the rules established by society, good behavior practices and hostel rules. In case of violation of the rules, the client may be fined in the same way as breach of peace, and if necessary, the client may also be asked to leave the hostel and its territory. In case of departure, the customer is still obliged to pay for the booked accommodation and ordered additional services.<\/p>\n\n\n\n<p>HOSTEL RESPONSIBILITY AND SECURITY<br>The hostel is not responsible for the loss or destruction of personal belongings left unattended by the customer. There is video surveillance in the hostel\u2019s common areas and parking lot. If necessary, a security company will help ensure order in the hostel. The keys issued by the hotel (physical and electronic) are not allowed to be given to third parties.<\/p>\n\n\n\n<p>SETTLEMENT OF CLAIMS<br>The complaint must be submitted immediately, but no later than within two weeks from the discovery of the deficiency. In the event that the service does not comply with the requirements or deficiencies, please send a claim to the e-mail address <a href=\"mailto:hostel@ringspa.ee\" target=\"_blank\" rel=\"noreferrer noopener\"><mark style=\"background-color:rgba(0, 0, 0, 0)\" class=\"has-inline-color has-green-color\">hostel@ringspa.ee<\/mark><\/a>, where the petitioner\u2019s name, contact telephone number, order number and a precise description of the claim are indicated. In order to resolve the claims, the petitioner must keep purchase documents (invoice, contract, etc.) that prove the circumstances of the complaint. Without a supporting document, the hostel may leave the problem unresolved.<br>All claims will be reviewed and the claimant will be contacted as soon as possible, but no later than 15 days after receipt of the claim.<\/p>\n<\/div>\n<\/div>\n","protected":false},"excerpt":{"rendered":"<p>Ring SPA hostel rules and regulations Check-in from 16:00Check-out latest at 11:00 Late check-out is possible upon prior arrangement. Late check-out lasts until 15:00. An additional fee of 10 \u20ac per hour will be charged for each additional hour after 11:00. Breakfast is served in Ring Caf\u00e9Every day 8:00-10:00 SMOKING POLICYThe hostel follows a smoke-free [&hellip;]<\/p>\n","protected":false},"author":4,"featured_media":0,"parent":0,"menu_order":0,"comment_status":"closed","ping_status":"closed","template":"","meta":{"footnotes":""},"class_list":["post-4765","page","type-page","status-publish","hentry"],"yoast_head":"<!-- This site is optimized with the Yoast SEO plugin v25.0 - https:\/\/yoast.com\/wordpress\/plugins\/seo\/ -->\n<title>Ring SPA Hostel Tallinn I Budget Stay with Spa and Sauna<\/title>\n<meta name=\"description\" content=\"Stay at Ring SPA Hostel in Tallinn, good choice for anyone looking to enjoy Tallinn affordably and comfortably. Access to spa included!\" \/>\n<meta name=\"robots\" content=\"index, follow, max-snippet:-1, max-image-preview:large, max-video-preview:-1\" \/>\n<link rel=\"canonical\" href=\"https:\/\/ringspa.ee\/en\/hostel\/\" \/>\n<meta property=\"og:locale\" content=\"en_US\" \/>\n<meta property=\"og:type\" content=\"article\" \/>\n<meta property=\"og:title\" content=\"Ring SPA Hostel Tallinn I Budget Stay with Spa and Sauna\" \/>\n<meta property=\"og:description\" content=\"Stay at Ring SPA Hostel in Tallinn, good choice for anyone looking to enjoy Tallinn affordably and comfortably. Access to spa included!\" \/>\n<meta property=\"og:url\" content=\"https:\/\/ringspa.ee\/en\/hostel\/\" \/>\n<meta property=\"og:site_name\" content=\"Ring Spaa ja Saunad\" \/>\n<meta property=\"article:modified_time\" content=\"2026-02-10T12:45:28+00:00\" \/>\n<meta property=\"og:image\" content=\"https:\/\/ringspa.ee\/wp-content\/uploads\/2023\/03\/Ring_hostel_Tallinnas.jpg\" \/>\n\t<meta property=\"og:image:width\" content=\"2048\" \/>\n\t<meta property=\"og:image:height\" content=\"1365\" \/>\n\t<meta property=\"og:image:type\" content=\"image\/jpeg\" \/>\n<meta name=\"twitter:card\" content=\"summary_large_image\" \/>\n<meta name=\"twitter:label1\" content=\"Est. reading time\" \/>\n\t<meta name=\"twitter:data1\" content=\"6 minutes\" \/>\n<script type=\"application\/ld+json\" class=\"yoast-schema-graph\">{\"@context\":\"https:\/\/schema.org\",\"@graph\":[{\"@type\":\"WebPage\",\"@id\":\"https:\/\/ringspa.ee\/en\/hostel\/\",\"url\":\"https:\/\/ringspa.ee\/en\/hostel\/\",\"name\":\"Ring SPA Hostel Tallinn I Budget Stay with Spa and Sauna\",\"isPartOf\":{\"@id\":\"https:\/\/ringspa.ee\/#website\"},\"primaryImageOfPage\":{\"@id\":\"https:\/\/ringspa.ee\/en\/hostel\/#primaryimage\"},\"image\":{\"@id\":\"https:\/\/ringspa.ee\/en\/hostel\/#primaryimage\"},\"thumbnailUrl\":\"https:\/\/ringspa.ee\/wp-content\/uploads\/2023\/03\/Ring_hostel_Tallinnas-1024x683.jpg\",\"datePublished\":\"2025-05-19T10:03:26+00:00\",\"dateModified\":\"2026-02-10T12:45:28+00:00\",\"description\":\"Stay at Ring SPA Hostel in Tallinn, good choice for anyone looking to enjoy Tallinn affordably and comfortably. Access to spa included!\",\"breadcrumb\":{\"@id\":\"https:\/\/ringspa.ee\/en\/hostel\/#breadcrumb\"},\"inLanguage\":\"en-US\",\"potentialAction\":[{\"@type\":\"ReadAction\",\"target\":[\"https:\/\/ringspa.ee\/en\/hostel\/\"]}]},{\"@type\":\"ImageObject\",\"inLanguage\":\"en-US\",\"@id\":\"https:\/\/ringspa.ee\/en\/hostel\/#primaryimage\",\"url\":\"https:\/\/ringspa.ee\/wp-content\/uploads\/2023\/03\/Ring_hostel_Tallinnas-1024x683.jpg\",\"contentUrl\":\"https:\/\/ringspa.ee\/wp-content\/uploads\/2023\/03\/Ring_hostel_Tallinnas-1024x683.jpg\"},{\"@type\":\"BreadcrumbList\",\"@id\":\"https:\/\/ringspa.ee\/en\/hostel\/#breadcrumb\",\"itemListElement\":[{\"@type\":\"ListItem\",\"position\":1,\"name\":\"Home\",\"item\":\"https:\/\/ringspa.ee\/en\/\"},{\"@type\":\"ListItem\",\"position\":2,\"name\":\"HOSTEL\"}]},{\"@type\":\"WebSite\",\"@id\":\"https:\/\/ringspa.ee\/#website\",\"url\":\"https:\/\/ringspa.ee\/\",\"name\":\"Ring Spaa ja Saunad\",\"description\":\"\",\"potentialAction\":[{\"@type\":\"SearchAction\",\"target\":{\"@type\":\"EntryPoint\",\"urlTemplate\":\"https:\/\/ringspa.ee\/?s={search_term_string}\"},\"query-input\":{\"@type\":\"PropertyValueSpecification\",\"valueRequired\":true,\"valueName\":\"search_term_string\"}}],\"inLanguage\":\"en-US\"}]}<\/script>\n<!-- \/ Yoast SEO plugin. -->","yoast_head_json":{"title":"Ring SPA Hostel Tallinn I Budget Stay with Spa and Sauna","description":"Stay at Ring SPA Hostel in Tallinn, good choice for anyone looking to enjoy Tallinn affordably and comfortably. Access to spa included!","robots":{"index":"index","follow":"follow","max-snippet":"max-snippet:-1","max-image-preview":"max-image-preview:large","max-video-preview":"max-video-preview:-1"},"canonical":"https:\/\/ringspa.ee\/en\/hostel\/","og_locale":"en_US","og_type":"article","og_title":"Ring SPA Hostel Tallinn I Budget Stay with Spa and Sauna","og_description":"Stay at Ring SPA Hostel in Tallinn, good choice for anyone looking to enjoy Tallinn affordably and comfortably. Access to spa included!","og_url":"https:\/\/ringspa.ee\/en\/hostel\/","og_site_name":"Ring Spaa ja Saunad","article_modified_time":"2026-02-10T12:45:28+00:00","og_image":[{"width":2048,"height":1365,"url":"https:\/\/ringspa.ee\/wp-content\/uploads\/2023\/03\/Ring_hostel_Tallinnas.jpg","type":"image\/jpeg"}],"twitter_card":"summary_large_image","twitter_misc":{"Est. reading time":"6 minutes"},"schema":{"@context":"https:\/\/schema.org","@graph":[{"@type":"WebPage","@id":"https:\/\/ringspa.ee\/en\/hostel\/","url":"https:\/\/ringspa.ee\/en\/hostel\/","name":"Ring SPA Hostel Tallinn I Budget Stay with Spa and Sauna","isPartOf":{"@id":"https:\/\/ringspa.ee\/#website"},"primaryImageOfPage":{"@id":"https:\/\/ringspa.ee\/en\/hostel\/#primaryimage"},"image":{"@id":"https:\/\/ringspa.ee\/en\/hostel\/#primaryimage"},"thumbnailUrl":"https:\/\/ringspa.ee\/wp-content\/uploads\/2023\/03\/Ring_hostel_Tallinnas-1024x683.jpg","datePublished":"2025-05-19T10:03:26+00:00","dateModified":"2026-02-10T12:45:28+00:00","description":"Stay at Ring SPA Hostel in Tallinn, good choice for anyone looking to enjoy Tallinn affordably and comfortably. Access to spa included!","breadcrumb":{"@id":"https:\/\/ringspa.ee\/en\/hostel\/#breadcrumb"},"inLanguage":"en-US","potentialAction":[{"@type":"ReadAction","target":["https:\/\/ringspa.ee\/en\/hostel\/"]}]},{"@type":"ImageObject","inLanguage":"en-US","@id":"https:\/\/ringspa.ee\/en\/hostel\/#primaryimage","url":"https:\/\/ringspa.ee\/wp-content\/uploads\/2023\/03\/Ring_hostel_Tallinnas-1024x683.jpg","contentUrl":"https:\/\/ringspa.ee\/wp-content\/uploads\/2023\/03\/Ring_hostel_Tallinnas-1024x683.jpg"},{"@type":"BreadcrumbList","@id":"https:\/\/ringspa.ee\/en\/hostel\/#breadcrumb","itemListElement":[{"@type":"ListItem","position":1,"name":"Home","item":"https:\/\/ringspa.ee\/en\/"},{"@type":"ListItem","position":2,"name":"HOSTEL"}]},{"@type":"WebSite","@id":"https:\/\/ringspa.ee\/#website","url":"https:\/\/ringspa.ee\/","name":"Ring Spaa ja Saunad","description":"","potentialAction":[{"@type":"SearchAction","target":{"@type":"EntryPoint","urlTemplate":"https:\/\/ringspa.ee\/?s={search_term_string}"},"query-input":{"@type":"PropertyValueSpecification","valueRequired":true,"valueName":"search_term_string"}}],"inLanguage":"en-US"}]}},"_links":{"self":[{"href":"https:\/\/ringspa.ee\/en\/wp-json\/wp\/v2\/pages\/4765","targetHints":{"allow":["GET"]}}],"collection":[{"href":"https:\/\/ringspa.ee\/en\/wp-json\/wp\/v2\/pages"}],"about":[{"href":"https:\/\/ringspa.ee\/en\/wp-json\/wp\/v2\/types\/page"}],"author":[{"embeddable":true,"href":"https:\/\/ringspa.ee\/en\/wp-json\/wp\/v2\/users\/4"}],"replies":[{"embeddable":true,"href":"https:\/\/ringspa.ee\/en\/wp-json\/wp\/v2\/comments?post=4765"}],"version-history":[{"count":26,"href":"https:\/\/ringspa.ee\/en\/wp-json\/wp\/v2\/pages\/4765\/revisions"}],"predecessor-version":[{"id":5870,"href":"https:\/\/ringspa.ee\/en\/wp-json\/wp\/v2\/pages\/4765\/revisions\/5870"}],"wp:attachment":[{"href":"https:\/\/ringspa.ee\/en\/wp-json\/wp\/v2\/media?parent=4765"}],"curies":[{"name":"wp","href":"https:\/\/api.w.org\/{rel}","templated":true}]}}