{"id":1199,"date":"2023-03-13T15:11:57","date_gmt":"2023-03-13T13:11:57","guid":{"rendered":"https:\/\/ringspa.ee\/kohvik\/"},"modified":"2026-04-09T12:30:52","modified_gmt":"2026-04-09T09:30:52","slug":"kahvila","status":"publish","type":"page","link":"https:\/\/ringspa.ee\/fi\/kahvila\/","title":{"rendered":"Kahvila"},"content":{"rendered":"\n<div style=\"height:90px\" aria-hidden=\"true\" class=\"wp-block-spacer mobile-spacer-0\"><\/div>\n\n\n\n<div class=\"wp-block-cover alignfull\"><img loading=\"lazy\" decoding=\"async\" width=\"2000\" height=\"1333\" class=\"wp-block-cover__image-background wp-image-348\" alt=\"\" src=\"https:\/\/ringspa.ee\/wp-content\/uploads\/2023\/03\/Ring_spa_kohvik-5.jpg\" data-object-fit=\"cover\" srcset=\"https:\/\/ringspa.ee\/wp-content\/uploads\/2023\/03\/Ring_spa_kohvik-5.jpg 2000w, https:\/\/ringspa.ee\/wp-content\/uploads\/2023\/03\/Ring_spa_kohvik-5-300x200.jpg 300w, https:\/\/ringspa.ee\/wp-content\/uploads\/2023\/03\/Ring_spa_kohvik-5-1024x682.jpg 1024w, https:\/\/ringspa.ee\/wp-content\/uploads\/2023\/03\/Ring_spa_kohvik-5-768x512.jpg 768w, https:\/\/ringspa.ee\/wp-content\/uploads\/2023\/03\/Ring_spa_kohvik-5-1536x1024.jpg 1536w, https:\/\/ringspa.ee\/wp-content\/uploads\/2023\/03\/Ring_spa_kohvik-5-1568x1045.jpg 1568w\" sizes=\"auto, (max-width: 2000px) 100vw, 2000px\" \/><span aria-hidden=\"true\" class=\"wp-block-cover__background has-background-dim-60 has-background-dim\"><\/span><div class=\"wp-block-cover__inner-container is-layout-flow wp-block-cover-is-layout-flow\">\n<div style=\"height:20px\" aria-hidden=\"true\" class=\"wp-block-spacer\"><\/div>\n\n\n\n<div class=\"wp-block-columns is-layout-flex wp-container-core-columns-is-layout-9d6595d7 wp-block-columns-is-layout-flex\">\n<div class=\"wp-block-column is-layout-flow wp-block-column-is-layout-flow\" style=\"padding-top:var(--wp--preset--spacing--30);padding-right:var(--wp--preset--spacing--30);padding-bottom:var(--wp--preset--spacing--30);padding-left:var(--wp--preset--spacing--30);flex-basis:50%\">\n<h1 class=\"wp-block-heading has-white-color has-text-color\">TULE VIIHTYIS\u00c4\u00c4N KAHVILAAMME SY\u00d6M\u00c4\u00c4N<\/h1>\n\n\n\n<p class=\"has-white-color has-text-color has-medium-font-size\">Saunomisen, uimisen ja urheilemisen j\u00e4lkeen n\u00e4l\u00e4n jo kurniessa kutsumme sinut RING-kahvilaan. Tarjoamme sinulle erilaisia hapatepohjaisia pizzoja, salaatteja, pastoja, lihaa ja muita naposteltavia, jotka viev\u00e4t suorastaan kielen menness\u00e4\u00e4n. Meilt\u00e4 l\u00f6yd\u00e4t my\u00f6s hyv\u00e4n valikoiman makeita herkkuja, joiden kanssa voit nauttia kupillisen kahvia.<\/p>\n<\/div>\n\n\n\n<div class=\"wp-block-column is-layout-flow wp-block-column-is-layout-flow\" style=\"flex-basis:10%\"><\/div>\n\n\n\n<div class=\"wp-block-column has-medium-font-size is-layout-flow wp-block-column-is-layout-flow\" style=\"padding-top:var(--wp--preset--spacing--20);padding-right:var(--wp--preset--spacing--20);padding-bottom:var(--wp--preset--spacing--20);padding-left:var(--wp--preset--spacing--20)\">\n<div class=\"wp-block-create-block-ed-circle-text-block align-center has-white-color has-text-color\"><div class=\"inner-block\" style=\"border:1px solid #fff\"><p>RING KAHVILA<br>MA &#8211; SU 12:00 &#8211; 22.00<\/p><\/div><\/div>\n<\/div>\n<\/div>\n\n\n\n<div style=\"height:127px\" aria-hidden=\"true\" class=\"wp-block-spacer\"><\/div>\n<\/div><\/div>\n\n\n\n<div style=\"height:30px\" aria-hidden=\"true\" class=\"wp-block-spacer\"><\/div>\n\n\n\n<h2 class=\"wp-block-heading has-text-align-center\">RUOKALISTA<\/h2>\n\n\n\n<div class=\"wp-block-columns is-layout-flex wp-container-core-columns-is-layout-9d6595d7 wp-block-columns-is-layout-flex\">\n<div class=\"wp-block-column is-layout-flow wp-block-column-is-layout-flow\">\n<figure class=\"wp-block-table is-style-stripes\"><table><thead><tr><th class=\"has-text-align-left\" data-align=\"left\">PIZZAT<\/th><th class=\"has-text-align-right\" data-align=\"right\">HINTA <\/th><\/tr><\/thead><tbody><tr><td class=\"has-text-align-left\" data-align=\"left\">MARGHERITA tomaattikastike, mozzarella, oliivi\u00f6ljy, parmesaani, basilika<\/td><td class=\"has-text-align-right\" data-align=\"right\">10<\/td><\/tr><tr><td class=\"has-text-align-left\" data-align=\"left\">QUATTRO FORMAGGI tomaattikastike, mozzarella, parmesaani, gorgonzola, vuohenjuusto, oliivi\u00f6ljy<\/td><td class=\"has-text-align-right\" data-align=\"right\">15<\/td><\/tr><tr><td class=\"has-text-align-left\" data-align=\"left\">MORTADELLA E FUNGI tomaattikastike, mozzarella, parmesaani, mortadella-kinkku, sienet<\/td><td class=\"has-text-align-right\" data-align=\"right\">13<\/td><\/tr><tr><td class=\"has-text-align-left\" data-align=\"left\">TONNO tomaattikastike, mozzarella, parmesaani, tonnikala, punasipuli, kapris, oliivi, oliivi\u00f6ljy, basilika<\/td><td class=\"has-text-align-right\" data-align=\"right\">13<\/td><\/tr><tr><td class=\"has-text-align-left\" data-align=\"left\">CRUDO tomaattikastike, mozzarella, parmesaani, Parman kinkku, rucola, pesto, basilika<\/td><td class=\"has-text-align-right\" data-align=\"right\">15<\/td><\/tr><tr><td class=\"has-text-align-left\" data-align=\"left\">PICCANTE tomaattikastike, mozzarella, Piccante salami, rucolaa, Grana Padano, basilika, valkosipuli-chili\u00f6ljy<\/td><td class=\"has-text-align-right\" data-align=\"right\">15<\/td><\/tr><tr><td class=\"has-text-align-left\" data-align=\"left\">TRUFFLE mozzarella, mascarpone &amp; tryffelikerma, sienet, parmesaani, rucola, kaprikset, tryffeli\u00f6ljy<\/td><td class=\"has-text-align-right\" data-align=\"right\">15<\/td><\/tr><tr><td class=\"has-text-align-left\" data-align=\"left\">VEGGIE paprika, kes\u00e4kurpitsa, munakoiso, tomaattikastike, mozzarella, parmesaani, pesto, basilika, paprika<\/td><td class=\"has-text-align-right\" data-align=\"right\">13<\/td><\/tr><\/tbody><\/table><\/figure>\n<\/div>\n<\/div>\n\n\n\n<div class=\"wp-block-columns is-layout-flex wp-container-core-columns-is-layout-9d6595d7 wp-block-columns-is-layout-flex\">\n<div class=\"wp-block-column is-layout-flow wp-block-column-is-layout-flow\">\n<figure class=\"wp-block-table is-style-stripes\"><table><thead><tr><th class=\"has-text-align-left\" data-align=\"left\">NAPOSTELTAVAT<\/th><th class=\"has-text-align-right\" data-align=\"right\">HINTA <\/th><\/tr><\/thead><tbody><tr><td class=\"has-text-align-left\" data-align=\"left\">JUUSTOLAUTANEN 2 HENGELLE brie, gorgonzola, vuohenjuusto, hillo, grissini, kirsikkatomaatti, salaatti<\/td><td class=\"has-text-align-right\" data-align=\"right\">16<\/td><\/tr><tr><td class=\"has-text-align-left\" data-align=\"left\">LIHALAUTANEN 2 HENGELLE mortadella-kinkku, crudo-kinkku, oliivi, grissinit, kirsikkatomaatti, salaatti<\/td><td class=\"has-text-align-right\" data-align=\"right\">16<\/td><\/tr><tr><td class=\"has-text-align-left\" data-align=\"left\">NAPOSTELUTARJOTIN 4 HENGELLE ranskalaiset, bataattiranskalaiset, jalapeno-juustopallot, kev\u00e4trullat, kananugetit, ketsuppi, valkosipulikastike<\/td><td class=\"has-text-align-right\" data-align=\"right\">23<\/td><\/tr><tr><td class=\"has-text-align-left\" data-align=\"left\">PERUNAPAISTI friteerattuja peruna-juustopalloja majoneesi-valkosipulikastikkeella<\/td><td class=\"has-text-align-right\" data-align=\"right\">5,50<\/td><\/tr><tr><td class=\"has-text-align-left\" data-align=\"left\">VALKOSIPULILEIV\u00c4T valkosipulikastikkeella<\/td><td class=\"has-text-align-right\" data-align=\"right\">5,50<\/td><\/tr><tr><td class=\"has-text-align-left\" data-align=\"left\">RANSKALAISET KETSUPILLA<\/td><td class=\"has-text-align-right\" data-align=\"right\">5,50<\/td><\/tr><tr><td class=\"has-text-align-left\" data-align=\"left\">BATAATTIRANSKALAISET KETSUPILLA<\/td><td class=\"has-text-align-right\" data-align=\"right\">6,50<\/td><\/tr><tr><td class=\"has-text-align-left\" data-align=\"left\">RANSKALAISET TRYFFELIKASTIKKEEN JA PARMESAANIN KERA<\/td><td class=\"has-text-align-right\" data-align=\"right\">6,50<\/td><\/tr><tr><td class=\"has-text-align-left\" data-align=\"left\">KANANUGETIT JA RANSKALAISET<\/td><td class=\"has-text-align-right\" data-align=\"right\">7<\/td><\/tr><tr><td class=\"has-text-align-left\" data-align=\"left\">KANANSIIVET BBQ-KASTIKKEESSA valkosipulikastikkeella<\/td><td class=\"has-text-align-right\" data-align=\"right\">7,50<\/td><\/tr><tr><td class=\"has-text-align-left\" data-align=\"left\">JALAPENO-JUUSTOPALLOT 8 kpl, valkosipulikastike<\/td><td class=\"has-text-align-right\" data-align=\"right\">6<\/td><\/tr><tr><td class=\"has-text-align-left\" data-align=\"left\">PERUNAKATKARAPUJA sweet chilikastiketta<\/td><td class=\"has-text-align-right\" data-align=\"right\">8,50<\/td><\/tr><tr><td class=\"has-text-align-left\" data-align=\"left\">MAUSTEISET J\u00c4TTIRAVUT<\/td><td class=\"has-text-align-right\" data-align=\"right\">9<\/td><\/tr><\/tbody><\/table><\/figure>\n\n\n\n<figure class=\"wp-block-table is-style-stripes\"><table><thead><tr><th class=\"has-text-align-left\" data-align=\"left\">SALATIT &amp; ALKURUOAT<\/th><th class=\"has-text-align-right\" data-align=\"right\">HINTA <\/th><\/tr><\/thead><tbody><tr><td class=\"has-text-align-left\" data-align=\"left\">TONNIKALASALAATTI<br>salaattisekoitus, tonnikala, kananmuna, kirsikkatomaatti, artisokka, kaprikset, oliivit, salaattikastike<\/td><td class=\"has-text-align-right\" data-align=\"right\">12<\/td><\/tr><tr><td class=\"has-text-align-left\" data-align=\"left\">CAESAR-SALAATTI KANALLA<br>Roomansalaatti, parmesan, kirsikkatomaatti, krutongit, caesar-kastike<\/td><td class=\"has-text-align-right\" data-align=\"right\">12<\/td><\/tr><tr><td class=\"has-text-align-left\" data-align=\"left\">CAESAR-SALAATTI KATKARAPUJEN KANSSA<br>Roomansalaatti, parmesan, kirsikkatomaatti, krutongit, caesar-kastike<\/td><td class=\"has-text-align-right\" data-align=\"right\">14<\/td><\/tr><tr><td class=\"has-text-align-left\" data-align=\"left\">VUOHENJUUSTOSALAATTI<br>salaattisekoitus, uunipunajuuri, vuohenjuusto, aurinkokuivattu tomaatti, kurpitsansiemenet, grillattu leip\u00e4, balsamico, salaattikastike<\/td><td class=\"has-text-align-right\" data-align=\"right\">13<\/td><\/tr><\/tbody><\/table><\/figure>\n\n\n\n<figure class=\"wp-block-table is-style-stripes\"><table><thead><tr><th class=\"has-text-align-left\" data-align=\"left\">PASTA <\/th><th class=\"has-text-align-right\" data-align=\"right\">HINTA <\/th><\/tr><\/thead><tbody><tr><td class=\"has-text-align-left\" data-align=\"left\">KASVISPASTA TOMAATIN KANSSA<br>artisokka, sipuli, valkosipuli, oliiveja, kapriksia, murskattuja tomaattia, basilikaa<\/td><td class=\"has-text-align-right\" data-align=\"right\">8<\/td><\/tr><tr><td class=\"has-text-align-left\" data-align=\"left\">PASTA CARBONARA<br>spagetti, pancetta, valkosipuli, parmesaani, muna, mustapippuri, basilika<\/td><td class=\"has-text-align-right\" data-align=\"right\">9<\/td><\/tr><tr><td class=\"has-text-align-left\" data-align=\"left\">KATKARAPUPASTA SINAPPISOOSILLA<br>kerma, parmesan, valkosipuli, pesto, Dijon-sinappi<\/td><td class=\"has-text-align-right\" data-align=\"right\">13<\/td><\/tr><\/tbody><\/table><\/figure>\n\n\n\n<figure class=\"wp-block-table is-style-stripes\"><table><thead><tr><th class=\"has-text-align-left\" data-align=\"left\">BURGER JA TUHDIMMAT ANNOKSET<\/th><th class=\"has-text-align-right\" data-align=\"right\">HINTA <\/th><\/tr><\/thead><tbody><tr><td class=\"has-text-align-left\" data-align=\"left\">NAUDANLIHABURGERI RANSKALAISILLA<br>briossi, naudanlihapihvi, yrttimajoneesi, salaattisekoitus, tomaatti, marinoitu kurkku, punasipuli, rapea sipuli, ranskalaiset, ketsuppi<\/td><td class=\"has-text-align-right\" data-align=\"right\">14<\/td><\/tr><tr><td class=\"has-text-align-left\" data-align=\"left\">POSSUNLEIKE<br>Ranskalaiset, salaattisekoitus, ketsuppi\u00a0<\/td><td class=\"has-text-align-right\" data-align=\"right\">14<\/td><\/tr><tr><td class=\"has-text-align-left\" data-align=\"left\">PANEROITU ALASKANSEITI JUUSTOLLA JA PINAATILLA<br>ranskalaiset, salaattisekoitus, yrttimajoneesi<\/td><td class=\"has-text-align-right\" data-align=\"right\">14 <\/td><\/tr><\/tbody><\/table><\/figure>\n\n\n\n<figure class=\"wp-block-table is-style-stripes\"><table><thead><tr><th class=\"has-text-align-left\" data-align=\"left\">J\u00c4LKIRUOAT<\/th><th class=\"has-text-align-right\" data-align=\"right\">HINTA <\/th><\/tr><\/thead><tbody><tr><td class=\"has-text-align-left\" data-align=\"left\">AMERIKKALAISIA PANNUKAKKUJA <\/td><td class=\"has-text-align-right\" data-align=\"right\">6<\/td><\/tr><tr><td class=\"has-text-align-left\" data-align=\"left\">Kahvilamme tarjoaa tuoreita, paikan p\u00e4\u00e4ll\u00e4 valmistettuja kakkuja ja makeisia!<\/td><td class=\"has-text-align-right\" data-align=\"right\"><\/td><\/tr><\/tbody><\/table><\/figure>\n<\/div>\n<\/div>\n\n\n\n<p><\/p>\n","protected":false},"excerpt":{"rendered":"<p>RUOKALISTA PIZZAT HINTA MARGHERITA tomaattikastike, mozzarella, oliivi\u00f6ljy, parmesaani, basilika 10 QUATTRO FORMAGGI tomaattikastike, mozzarella, parmesaani, gorgonzola, vuohenjuusto, oliivi\u00f6ljy 15 MORTADELLA E FUNGI tomaattikastike, mozzarella, parmesaani, mortadella-kinkku, sienet 13 TONNO tomaattikastike, mozzarella, parmesaani, tonnikala, punasipuli, kapris, oliivi, oliivi\u00f6ljy, basilika 13 CRUDO tomaattikastike, mozzarella, parmesaani, Parman kinkku, rucola, pesto, basilika 15 PICCANTE tomaattikastike, mozzarella, Piccante salami, rucolaa, [&hellip;]<\/p>\n","protected":false},"author":2,"featured_media":0,"parent":0,"menu_order":0,"comment_status":"closed","ping_status":"closed","template":"","meta":{"footnotes":""},"class_list":["post-1199","page","type-page","status-publish","hentry"],"yoast_head":"<!-- This site is optimized with the Yoast SEO plugin v27.4 - https:\/\/yoast.com\/product\/yoast-seo-wordpress\/ -->\n<title>Kahvila - Ring Spaa ja Saunad<\/title>\n<meta name=\"robots\" content=\"index, follow, max-snippet:-1, max-image-preview:large, max-video-preview:-1\" \/>\n<link rel=\"canonical\" href=\"https:\/\/ringspa.ee\/fi\/kahvila\/\" \/>\n<meta property=\"og:locale\" content=\"fi_FI\" \/>\n<meta property=\"og:type\" content=\"article\" \/>\n<meta property=\"og:title\" content=\"Kahvila - Ring Spaa ja Saunad\" \/>\n<meta property=\"og:description\" content=\"RUOKALISTA PIZZAT HINTA MARGHERITA tomaattikastike, mozzarella, oliivi\u00f6ljy, parmesaani, basilika 10 QUATTRO FORMAGGI tomaattikastike, mozzarella, parmesaani, gorgonzola, vuohenjuusto, oliivi\u00f6ljy 15 MORTADELLA E FUNGI tomaattikastike, mozzarella, parmesaani, mortadella-kinkku, sienet 13 TONNO tomaattikastike, mozzarella, parmesaani, tonnikala, punasipuli, kapris, oliivi, oliivi\u00f6ljy, basilika 13 CRUDO tomaattikastike, mozzarella, parmesaani, Parman kinkku, rucola, pesto, basilika 15 PICCANTE tomaattikastike, mozzarella, Piccante salami, rucolaa, [&hellip;]\" \/>\n<meta property=\"og:url\" content=\"https:\/\/ringspa.ee\/fi\/kahvila\/\" \/>\n<meta property=\"og:site_name\" content=\"Ring Spaa ja Saunad\" \/>\n<meta property=\"article:modified_time\" content=\"2026-04-09T09:30:52+00:00\" \/>\n<meta property=\"og:image\" content=\"https:\/\/ringspa.ee\/wp-content\/uploads\/2023\/03\/Ring_spa_kohvik-5.jpg\" \/>\n\t<meta property=\"og:image:width\" content=\"2000\" \/>\n\t<meta property=\"og:image:height\" content=\"1333\" \/>\n\t<meta property=\"og:image:type\" content=\"image\/jpeg\" \/>\n<meta name=\"twitter:card\" content=\"summary_large_image\" \/>\n<meta name=\"twitter:label1\" content=\"Arvioitu lukuaika\" \/>\n\t<meta name=\"twitter:data1\" content=\"2 minuuttia\" \/>\n<script type=\"application\/ld+json\" class=\"yoast-schema-graph\">{\"@context\":\"https:\\\/\\\/schema.org\",\"@graph\":[{\"@type\":\"WebPage\",\"@id\":\"https:\\\/\\\/ringspa.ee\\\/fi\\\/kahvila\\\/\",\"url\":\"https:\\\/\\\/ringspa.ee\\\/fi\\\/kahvila\\\/\",\"name\":\"Kahvila - Ring Spaa ja Saunad\",\"isPartOf\":{\"@id\":\"https:\\\/\\\/ringspa.ee\\\/#website\"},\"primaryImageOfPage\":{\"@id\":\"https:\\\/\\\/ringspa.ee\\\/fi\\\/kahvila\\\/#primaryimage\"},\"image\":{\"@id\":\"https:\\\/\\\/ringspa.ee\\\/fi\\\/kahvila\\\/#primaryimage\"},\"thumbnailUrl\":\"https:\\\/\\\/ringspa.ee\\\/wp-content\\\/uploads\\\/2023\\\/03\\\/Ring_spa_kohvik-5.jpg\",\"datePublished\":\"2023-03-13T13:11:57+00:00\",\"dateModified\":\"2026-04-09T09:30:52+00:00\",\"breadcrumb\":{\"@id\":\"https:\\\/\\\/ringspa.ee\\\/fi\\\/kahvila\\\/#breadcrumb\"},\"inLanguage\":\"fi\",\"potentialAction\":[{\"@type\":\"ReadAction\",\"target\":[\"https:\\\/\\\/ringspa.ee\\\/fi\\\/kahvila\\\/\"]}]},{\"@type\":\"ImageObject\",\"inLanguage\":\"fi\",\"@id\":\"https:\\\/\\\/ringspa.ee\\\/fi\\\/kahvila\\\/#primaryimage\",\"url\":\"https:\\\/\\\/ringspa.ee\\\/wp-content\\\/uploads\\\/2023\\\/03\\\/Ring_spa_kohvik-5.jpg\",\"contentUrl\":\"https:\\\/\\\/ringspa.ee\\\/wp-content\\\/uploads\\\/2023\\\/03\\\/Ring_spa_kohvik-5.jpg\"},{\"@type\":\"BreadcrumbList\",\"@id\":\"https:\\\/\\\/ringspa.ee\\\/fi\\\/kahvila\\\/#breadcrumb\",\"itemListElement\":[{\"@type\":\"ListItem\",\"position\":1,\"name\":\"Home\",\"item\":\"https:\\\/\\\/ringspa.ee\\\/fi\\\/\"},{\"@type\":\"ListItem\",\"position\":2,\"name\":\"Kahvila\"}]},{\"@type\":\"WebSite\",\"@id\":\"https:\\\/\\\/ringspa.ee\\\/#website\",\"url\":\"https:\\\/\\\/ringspa.ee\\\/\",\"name\":\"Ring Spaa ja Saunad\",\"description\":\"\",\"potentialAction\":[{\"@type\":\"SearchAction\",\"target\":{\"@type\":\"EntryPoint\",\"urlTemplate\":\"https:\\\/\\\/ringspa.ee\\\/?s={search_term_string}\"},\"query-input\":{\"@type\":\"PropertyValueSpecification\",\"valueRequired\":true,\"valueName\":\"search_term_string\"}}],\"inLanguage\":\"fi\"}]}<\/script>\n<!-- \/ Yoast SEO plugin. -->","yoast_head_json":{"title":"Kahvila - Ring Spaa ja Saunad","robots":{"index":"index","follow":"follow","max-snippet":"max-snippet:-1","max-image-preview":"max-image-preview:large","max-video-preview":"max-video-preview:-1"},"canonical":"https:\/\/ringspa.ee\/fi\/kahvila\/","og_locale":"fi_FI","og_type":"article","og_title":"Kahvila - Ring Spaa ja Saunad","og_description":"RUOKALISTA PIZZAT HINTA MARGHERITA tomaattikastike, mozzarella, oliivi\u00f6ljy, parmesaani, basilika 10 QUATTRO FORMAGGI tomaattikastike, mozzarella, parmesaani, gorgonzola, vuohenjuusto, oliivi\u00f6ljy 15 MORTADELLA E FUNGI tomaattikastike, mozzarella, parmesaani, mortadella-kinkku, sienet 13 TONNO tomaattikastike, mozzarella, parmesaani, tonnikala, punasipuli, kapris, oliivi, oliivi\u00f6ljy, basilika 13 CRUDO tomaattikastike, mozzarella, parmesaani, Parman kinkku, rucola, pesto, basilika 15 PICCANTE tomaattikastike, mozzarella, Piccante salami, rucolaa, [&hellip;]","og_url":"https:\/\/ringspa.ee\/fi\/kahvila\/","og_site_name":"Ring Spaa ja Saunad","article_modified_time":"2026-04-09T09:30:52+00:00","og_image":[{"width":2000,"height":1333,"url":"https:\/\/ringspa.ee\/wp-content\/uploads\/2023\/03\/Ring_spa_kohvik-5.jpg","type":"image\/jpeg"}],"twitter_card":"summary_large_image","twitter_misc":{"Arvioitu lukuaika":"2 minuuttia"},"schema":{"@context":"https:\/\/schema.org","@graph":[{"@type":"WebPage","@id":"https:\/\/ringspa.ee\/fi\/kahvila\/","url":"https:\/\/ringspa.ee\/fi\/kahvila\/","name":"Kahvila - Ring Spaa ja Saunad","isPartOf":{"@id":"https:\/\/ringspa.ee\/#website"},"primaryImageOfPage":{"@id":"https:\/\/ringspa.ee\/fi\/kahvila\/#primaryimage"},"image":{"@id":"https:\/\/ringspa.ee\/fi\/kahvila\/#primaryimage"},"thumbnailUrl":"https:\/\/ringspa.ee\/wp-content\/uploads\/2023\/03\/Ring_spa_kohvik-5.jpg","datePublished":"2023-03-13T13:11:57+00:00","dateModified":"2026-04-09T09:30:52+00:00","breadcrumb":{"@id":"https:\/\/ringspa.ee\/fi\/kahvila\/#breadcrumb"},"inLanguage":"fi","potentialAction":[{"@type":"ReadAction","target":["https:\/\/ringspa.ee\/fi\/kahvila\/"]}]},{"@type":"ImageObject","inLanguage":"fi","@id":"https:\/\/ringspa.ee\/fi\/kahvila\/#primaryimage","url":"https:\/\/ringspa.ee\/wp-content\/uploads\/2023\/03\/Ring_spa_kohvik-5.jpg","contentUrl":"https:\/\/ringspa.ee\/wp-content\/uploads\/2023\/03\/Ring_spa_kohvik-5.jpg"},{"@type":"BreadcrumbList","@id":"https:\/\/ringspa.ee\/fi\/kahvila\/#breadcrumb","itemListElement":[{"@type":"ListItem","position":1,"name":"Home","item":"https:\/\/ringspa.ee\/fi\/"},{"@type":"ListItem","position":2,"name":"Kahvila"}]},{"@type":"WebSite","@id":"https:\/\/ringspa.ee\/#website","url":"https:\/\/ringspa.ee\/","name":"Ring Spaa ja Saunad","description":"","potentialAction":[{"@type":"SearchAction","target":{"@type":"EntryPoint","urlTemplate":"https:\/\/ringspa.ee\/?s={search_term_string}"},"query-input":{"@type":"PropertyValueSpecification","valueRequired":true,"valueName":"search_term_string"}}],"inLanguage":"fi"}]}},"_links":{"self":[{"href":"https:\/\/ringspa.ee\/fi\/wp-json\/wp\/v2\/pages\/1199","targetHints":{"allow":["GET"]}}],"collection":[{"href":"https:\/\/ringspa.ee\/fi\/wp-json\/wp\/v2\/pages"}],"about":[{"href":"https:\/\/ringspa.ee\/fi\/wp-json\/wp\/v2\/types\/page"}],"author":[{"embeddable":true,"href":"https:\/\/ringspa.ee\/fi\/wp-json\/wp\/v2\/users\/2"}],"replies":[{"embeddable":true,"href":"https:\/\/ringspa.ee\/fi\/wp-json\/wp\/v2\/comments?post=1199"}],"version-history":[{"count":10,"href":"https:\/\/ringspa.ee\/fi\/wp-json\/wp\/v2\/pages\/1199\/revisions"}],"predecessor-version":[{"id":6038,"href":"https:\/\/ringspa.ee\/fi\/wp-json\/wp\/v2\/pages\/1199\/revisions\/6038"}],"wp:attachment":[{"href":"https:\/\/ringspa.ee\/fi\/wp-json\/wp\/v2\/media?parent=1199"}],"curies":[{"name":"wp","href":"https:\/\/api.w.org\/{rel}","templated":true}]}}