{"id":1204,"date":"2023-03-13T16:46:31","date_gmt":"2023-03-13T14:46:31","guid":{"rendered":"https:\/\/ringspa.ee\/laste-sunnipaevad\/"},"modified":"2026-04-09T15:39:48","modified_gmt":"2026-04-09T12:39:48","slug":"lasten-syntymapaivat","status":"publish","type":"page","link":"https:\/\/ringspa.ee\/fi\/lasten-syntymapaivat\/","title":{"rendered":"LASTEN SYNTYM\u00c4P\u00c4IVAT"},"content":{"rendered":"\n<div style=\"height:90px\" aria-hidden=\"true\" class=\"wp-block-spacer mobile-spacer-0\"><\/div>\n\n\n\n<div class=\"wp-block-columns alignfull has-background is-layout-flex wp-container-core-columns-is-layout-9d6595d7 wp-block-columns-is-layout-flex\" style=\"background-color:#3e755f\">\n<div class=\"wp-block-column is-vertically-aligned-top space10 is-layout-flow wp-block-column-is-layout-flow\" style=\"padding-top:0;padding-right:0;padding-bottom:0;padding-left:0\">\n<div style=\"height:14px\" aria-hidden=\"true\" class=\"wp-block-spacer\"><\/div>\n\n\n\n<div class=\"wp-block-columns is-layout-flex wp-container-core-columns-is-layout-9d6595d7 wp-block-columns-is-layout-flex\">\n<div class=\"wp-block-column is-layout-flow wp-block-column-is-layout-flow\">\n<div class=\"wp-block-buttons is-content-justification-center is-layout-flex wp-container-core-buttons-is-layout-16018d1d wp-block-buttons-is-layout-flex\">\n<div class=\"wp-block-button is-style-fill\"><a class=\"wp-block-button__link has-white-color has-text-color wp-element-button\" href=\"https:\/\/ringspa.ee\/fi\/vauhdikas-yritystapahtuma\/\">JUHLAT JA TAPAHTUMAT<\/a><\/div>\n\n\n\n<div class=\"wp-block-button is-style-fill\"><a class=\"wp-block-button__link has-white-color has-text-color wp-element-button\" href=\"https:\/\/ringspa.ee\/fi\/lasten-syntymapaivat\/\">LASTEN SYNTYM\u00c4P\u00c4IV\u00c4T<\/a><\/div>\n<\/div>\n<\/div>\n<\/div>\n\n\n\n<div class=\"wp-block-columns space2 is-layout-flex wp-container-core-columns-is-layout-9d6595d7 wp-block-columns-is-layout-flex\">\n<div class=\"wp-block-column is-vertically-aligned-center space10 is-layout-flow wp-block-column-is-layout-flow\" style=\"padding-top:var(--wp--preset--spacing--80);padding-right:var(--wp--preset--spacing--80);padding-bottom:var(--wp--preset--spacing--80);padding-left:var(--wp--preset--spacing--80)\">\n<h2 class=\"wp-block-heading has-white-color has-text-color\" style=\"font-size:55px\">LASTEN SYNTYM\u00c4P\u00c4IV\u00c4T<\/h2>\n\n\n\n<p class=\"has-white-color has-text-color\" style=\"font-size:18px\">S\u00e4ihkyv\u00e4t silm\u00e4t, vilpit\u00f6n ilo ja kiljahdukset ovat v\u00e4ist\u00e4m\u00e4t\u00f6n tosiasia, jos j\u00e4rjest\u00e4t lapsen syntym\u00e4p\u00e4iv\u00e4n vesipuistossa. Usko pois, sit\u00e4 muistellaan viel\u00e4 vuosia! My\u00f6s vanhemmilla ja isovanhemmilla riitt\u00e4\u00e4 tekemist\u00e4 vesipuistossa ja saunoissa, ja aika kuluu kuin siivill\u00e4. Syntym\u00e4p\u00e4iv\u00e4 on vain kerran vuodessa, joten sit\u00e4 kannattaa viett\u00e4\u00e4 erityisell\u00e4 tavalla.<\/p>\n\n\n\n<p class=\"has-white-color has-text-color\" style=\"font-size:18px\">MA-TO 17 \u20ac \/ henkil\u00f6<br>PE-SU 23 \u20ac \/ henkil\u00f6<br><\/p>\n\n\n\n<div class=\"wp-block-buttons is-layout-flex wp-block-buttons-is-layout-flex\">\n<div class=\"wp-block-button is-style-edream-button-2\"><a class=\"wp-block-button__link has-white-color has-text-color has-custom-font-size wp-element-button\" href=\"mailto:info@ringspa.ee\" style=\"font-size:18px\" target=\"_blank\" rel=\"noreferrer noopener\">PYYD\u00c4 TARJOUS<\/a><\/div>\n\n\n\n<div class=\"wp-block-button is-style-edream-button-2\"><a class=\"wp-block-button__link has-white-color has-text-color has-custom-font-size wp-element-button\" href=\"https:\/\/ringspa.ee\/wp-content\/uploads\/2023\/08\/RingSpa_Sunnipaevkutse.pdf\" style=\"font-size:18px\">KUTSUKORTTI<\/a><\/div>\n<\/div>\n<\/div>\n\n\n\n<div class=\"wp-block-column space2 is-layout-flow wp-block-column-is-layout-flow\" style=\"padding-top:var(--wp--preset--spacing--80);padding-right:var(--wp--preset--spacing--80);padding-bottom:var(--wp--preset--spacing--80);padding-left:var(--wp--preset--spacing--80)\">\n<figure class=\"wp-block-image aligncenter size-full is-resized is-style-rounded\"><img loading=\"lazy\" decoding=\"async\" width=\"808\" height=\"808\" src=\"https:\/\/ringspa.ee\/wp-content\/uploads\/2023\/03\/Ringspa-laste-sunnipaev.jpeg\" alt=\"\" class=\"wp-image-560\" style=\"width:450px;height:undefinedpx\" srcset=\"https:\/\/ringspa.ee\/wp-content\/uploads\/2023\/03\/Ringspa-laste-sunnipaev.jpeg 808w, https:\/\/ringspa.ee\/wp-content\/uploads\/2023\/03\/Ringspa-laste-sunnipaev-300x300.jpeg 300w, https:\/\/ringspa.ee\/wp-content\/uploads\/2023\/03\/Ringspa-laste-sunnipaev-150x150.jpeg 150w, https:\/\/ringspa.ee\/wp-content\/uploads\/2023\/03\/Ringspa-laste-sunnipaev-768x768.jpeg 768w\" sizes=\"auto, (max-width: 808px) 100vw, 808px\" \/><\/figure>\n<\/div>\n<\/div>\n\n\n\n<div style=\"height:13px\" aria-hidden=\"true\" class=\"wp-block-spacer\"><\/div>\n<\/div>\n<\/div>\n\n\n\n<div class=\"wp-block-columns alignfull has-background is-layout-flex wp-container-core-columns-is-layout-9d6595d7 wp-block-columns-is-layout-flex\" style=\"background-color:#3e755f\">\n<div class=\"wp-block-column is-vertically-aligned-center space10 has-white-color has-text-color is-layout-flow wp-block-column-is-layout-flow\" style=\"padding-top:var(--wp--preset--spacing--80);padding-right:var(--wp--preset--spacing--80);padding-bottom:var(--wp--preset--spacing--80);padding-left:var(--wp--preset--spacing--80)\">\n<h2 class=\"wp-block-heading has-white-color has-text-color\" style=\"font-size:35px\">HINTAAN SIS\u00c4LTYY<\/h2>\n\n\n\n<p style=\"font-size:18px\">Kylpyl\u00e4n altaiden ja saunakeskuksen (10 eri saunaa) k\u00e4ytt\u00f6 ilman aikarajoitusta. Mahdollisuus tilata lis\u00e4maksusta naposteltavia ja juomia spa-baarista ja maksaa ne poistuessa kassalla.<\/p>\n\n\n\n<p>Hinta on voimassa v\u00e4hint\u00e4\u00e4n 10 hengen syntym\u00e4p\u00e4iv\u00e4seurueelle (kaikille yli 7-vuotiaille).<\/p>\n\n\n\n<p>Tilaa syntym\u00e4p\u00e4iv\u00e4n ruoat ja juomat Ring-saunakeskuksen spa-baarista!<\/p>\n\n\n\n<p style=\"font-size:18px\">SPA-BAARISTA TEHDYLL\u00c4 ENNAKKOTILAUKSELLA SEURUEENNE SAA LIS\u00c4KSI YKSITYISK\u00c4YTT\u00d6\u00d6N 3 TUNNIKSI SYNTYM\u00c4P\u00c4IV\u00c4HUONEEN, JOSSA ON 16\u201320 ISTUMAPAIKKAA.<\/p>\n\n\n\n<p><\/p>\n\n\n\n<div class=\"wp-block-buttons is-layout-flex wp-block-buttons-is-layout-flex\">\n<div class=\"wp-block-button is-style-edream-button-2\"><a class=\"wp-block-button__link has-white-color has-text-color has-custom-font-size wp-element-button\" href=\"mailto:info@ringspa.ee\" style=\"font-size:18px\" target=\"_blank\" rel=\"noreferrer noopener\">PYYD\u00c4 TARJOUS<\/a><\/div>\n<\/div>\n<\/div>\n\n\n\n<div class=\"wp-block-column is-vertically-aligned-center space10 is-layout-flow wp-block-column-is-layout-flow\" style=\"padding-top:var(--wp--preset--spacing--80);padding-right:var(--wp--preset--spacing--80);padding-bottom:var(--wp--preset--spacing--80);padding-left:var(--wp--preset--spacing--80)\">\n<figure class=\"wp-block-image aligncenter size-full is-resized is-style-rounded\"><img loading=\"lazy\" decoding=\"async\" width=\"808\" height=\"808\" src=\"https:\/\/ringspa.ee\/wp-content\/uploads\/2023\/03\/Ringspa-basseinid-2.png\" alt=\"\" class=\"wp-image-565\" style=\"width:450px;height:undefinedpx\" srcset=\"https:\/\/ringspa.ee\/wp-content\/uploads\/2023\/03\/Ringspa-basseinid-2.png 808w, https:\/\/ringspa.ee\/wp-content\/uploads\/2023\/03\/Ringspa-basseinid-2-300x300.png 300w, https:\/\/ringspa.ee\/wp-content\/uploads\/2023\/03\/Ringspa-basseinid-2-150x150.png 150w, https:\/\/ringspa.ee\/wp-content\/uploads\/2023\/03\/Ringspa-basseinid-2-768x768.png 768w\" sizes=\"auto, (max-width: 808px) 100vw, 808px\" \/><\/figure>\n\n\n\n<div style=\"height:14px\" aria-hidden=\"true\" class=\"wp-block-spacer mobile-spacer-0\"><\/div>\n\n\n\n<div style=\"height:14px\" aria-hidden=\"true\" class=\"wp-block-spacer\"><\/div>\n<\/div>\n<\/div>\n\n\n\n<div class=\"wp-block-columns alignwide is-layout-flex wp-container-core-columns-is-layout-9d6595d7 wp-block-columns-is-layout-flex\">\n<div class=\"wp-block-column is-layout-flow wp-block-column-is-layout-flow\" style=\"font-size:18px\">\n<figure class=\"wp-block-table is-style-stripes\"><table><thead><tr><th class=\"has-text-align-left\" data-align=\"left\">SYNTYM\u00c4P\u00c4IVIEN RUOKALISTA*<\/th><th class=\"has-text-align-right\" data-align=\"right\">HINTA <\/th><\/tr><\/thead><tbody><tr><td class=\"has-text-align-left\" data-align=\"left\">Pizza MARGHERITA <\/td><td class=\"has-text-align-right\" data-align=\"right\">9<\/td><\/tr><tr><td class=\"has-text-align-left\" data-align=\"left\">Pizza QUATTRO FORMAGGI<\/td><td class=\"has-text-align-right\" data-align=\"right\">13,50<\/td><\/tr><tr><td class=\"has-text-align-left\" data-align=\"left\">Pizza MORTADELLA E FUNGI<\/td><td class=\"has-text-align-right\" data-align=\"right\">11,70<\/td><\/tr><tr><td class=\"has-text-align-left\" data-align=\"left\">Pizza TONNO<\/td><td class=\"has-text-align-right\" data-align=\"right\">11,70<\/td><\/tr><tr><td class=\"has-text-align-left\" data-align=\"left\">Pizza CRUDO<\/td><td class=\"has-text-align-right\" data-align=\"right\">13,50<\/td><\/tr><tr><td class=\"has-text-align-left\" data-align=\"left\">Pizza VEGGIE<\/td><td class=\"has-text-align-right\" data-align=\"right\">11,70<\/td><\/tr><tr><td class=\"has-text-align-left\" data-align=\"left\">Hedelm\u00e4tarjotin 2 kg<\/td><td class=\"has-text-align-right\" data-align=\"right\">25<\/td><\/tr><tr><td class=\"has-text-align-left\" data-align=\"left\">Ranskalaiset ketsupilla 10 hengelle<\/td><td class=\"has-text-align-right\" data-align=\"right\">45<\/td><\/tr><tr><td class=\"has-text-align-left\" data-align=\"left\">Bataattiranskalaiset 10 hengelle<\/td><td class=\"has-text-align-right\" data-align=\"right\">50<\/td><\/tr><tr><td class=\"has-text-align-left\" data-align=\"left\">Ranskalaiset tryffelikastikkeen ja parmesaanin kera 10 hengelle<\/td><td class=\"has-text-align-right\" data-align=\"right\">50<\/td><\/tr><tr><td class=\"has-text-align-left\" data-align=\"left\">Kananugetit ja ranskalaiset 10 hengelle<\/td><td class=\"has-text-align-right\" data-align=\"right\">59<\/td><\/tr><tr><td class=\"has-text-align-left\" data-align=\"left\">Pannukakut 10 hengelle<\/td><td class=\"has-text-align-right\" data-align=\"right\">40<\/td><\/tr><tr><td class=\"has-text-align-left\" data-align=\"left\">Kannumehu 2 L&nbsp;<\/td><td class=\"has-text-align-right\" data-align=\"right\">4<\/td><\/tr><tr><td class=\"has-text-align-left\" data-align=\"left\">Kannuvesi\/kivenn\u00e4isvesi<\/td><td class=\"has-text-align-right\" data-align=\"right\">ilmainen<\/td><\/tr><\/tbody><\/table><figcaption class=\"wp-element-caption\">*Hinta on voimassa 10 tai useammalle henkil\u00f6lle ennakkovarauksella 3 arkip\u00e4iv\u00e4\u00e4 ennen juhlien alkua. \u00c4l\u00e4 tuo omia juomia ja ruokia.<\/figcaption><\/figure>\n<\/div>\n\n\n\n<div class=\"wp-block-column space10 is-layout-flow wp-block-column-is-layout-flow\" style=\"padding-top:var(--wp--preset--spacing--60);padding-right:var(--wp--preset--spacing--60);padding-bottom:var(--wp--preset--spacing--60);padding-left:var(--wp--preset--spacing--60)\">\n<h2 class=\"wp-block-heading\">EHDOT<\/h2>\n\n\n\n<ul style=\"font-size:18px\" class=\"wp-block-list\">\n<li>Hinta koskee kaikkia syntym\u00e4p\u00e4iv\u00e4vieraita (yli 7-vuotiaat lapset ja heid\u00e4n vanhempansa).<\/li>\n\n\n\n<li>Mukana olevat alle 2-vuotiaat lapset ilmaiseksi; 3-vuotiaat lapset 6 \u20ac.<\/li>\n\n\n\n<li>Hinta koskee varauslomakkeella\/s\u00e4hk\u00f6postitse\/puhelimitse tehtyj\u00e4 ennakkovarauksia.<\/li>\n\n\n\n<li>Perhelippu ja muut alennukset eiv\u00e4t koske syntym\u00e4p\u00e4iv\u00e4varauksia.<\/li>\n\n\n\n<li>Hinta koskee spa-altaiden ja saunakeskuksen k\u00e4ytt\u00f6\u00e4 4 tunnin ajan.<\/li>\n\n\n\n<li>Jos syntym\u00e4p\u00e4iv\u00e4n ruokavalikoima ei ole riitt\u00e4v\u00e4, tarjoamme syntym\u00e4p\u00e4iv\u00e4n viett\u00e4jille 10 % alennuksen koko Ring-span baarin ruokalistasta (pyyd\u00e4mme tilaamaan v\u00e4hint\u00e4\u00e4n 3 arkip\u00e4iv\u00e4\u00e4 ennen tilaisuutta).<\/li>\n\n\n\n<li>Voit tuoda syntym\u00e4p\u00e4iville oman kakun ja kertak\u00e4ytt\u00f6lautaset\/-lusikat sen sy\u00f6miseen. Kakun voi antaa tullessa aulan kahvilan j\u00e4\u00e4kaappiin, jossa s\u00e4ilyt\u00e4mme sit\u00e4 tarjoiluun asti. Omien juomien ja muiden elintarvikkeiden tuominen on kielletty.<\/li>\n\n\n\n<li>Paikan p\u00e4\u00e4ll\u00e4 spa-baarin ruokalistalta lis\u00e4ksi tilatut ruoat ja juomat voi lis\u00e4t\u00e4 rannekkeelle ja maksaa ne saunakeskuksesta poistuttaessa.<\/li>\n\n\n\n<li>Omien juomien ja muiden elintarvikkeiden tuominen keskukseen on kielletty.<\/li>\n<\/ul>\n<\/div>\n<\/div>\n","protected":false},"excerpt":{"rendered":"<p>LASTEN SYNTYM\u00c4P\u00c4IV\u00c4T S\u00e4ihkyv\u00e4t silm\u00e4t, vilpit\u00f6n ilo ja kiljahdukset ovat v\u00e4ist\u00e4m\u00e4t\u00f6n tosiasia, jos j\u00e4rjest\u00e4t lapsen syntym\u00e4p\u00e4iv\u00e4n vesipuistossa. Usko pois, sit\u00e4 muistellaan viel\u00e4 vuosia! My\u00f6s vanhemmilla ja isovanhemmilla riitt\u00e4\u00e4 tekemist\u00e4 vesipuistossa ja saunoissa, ja aika kuluu kuin siivill\u00e4. Syntym\u00e4p\u00e4iv\u00e4 on vain kerran vuodessa, joten sit\u00e4 kannattaa viett\u00e4\u00e4 erityisell\u00e4 tavalla. MA-TO 17 \u20ac \/ henkil\u00f6PE-SU 23 \u20ac \/ [&hellip;]<\/p>\n","protected":false},"author":2,"featured_media":0,"parent":0,"menu_order":0,"comment_status":"closed","ping_status":"closed","template":"","meta":{"footnotes":""},"class_list":["post-1204","page","type-page","status-publish","hentry"],"yoast_head":"<!-- This site is optimized with the Yoast SEO plugin v25.0 - https:\/\/yoast.com\/wordpress\/plugins\/seo\/ -->\n<title>LASTEN SYNTYM\u00c4P\u00c4IVAT - Ring Spaa ja Saunad<\/title>\n<meta name=\"robots\" content=\"index, follow, max-snippet:-1, max-image-preview:large, max-video-preview:-1\" \/>\n<link rel=\"canonical\" href=\"https:\/\/ringspa.ee\/fi\/lasten-syntymapaivat\/\" \/>\n<meta property=\"og:locale\" content=\"fi_FI\" \/>\n<meta property=\"og:type\" content=\"article\" \/>\n<meta property=\"og:title\" content=\"LASTEN SYNTYM\u00c4P\u00c4IVAT - Ring Spaa ja Saunad\" \/>\n<meta property=\"og:description\" content=\"LASTEN SYNTYM\u00c4P\u00c4IV\u00c4T S\u00e4ihkyv\u00e4t silm\u00e4t, vilpit\u00f6n ilo ja kiljahdukset ovat v\u00e4ist\u00e4m\u00e4t\u00f6n tosiasia, jos j\u00e4rjest\u00e4t lapsen syntym\u00e4p\u00e4iv\u00e4n vesipuistossa. Usko pois, sit\u00e4 muistellaan viel\u00e4 vuosia! My\u00f6s vanhemmilla ja isovanhemmilla riitt\u00e4\u00e4 tekemist\u00e4 vesipuistossa ja saunoissa, ja aika kuluu kuin siivill\u00e4. Syntym\u00e4p\u00e4iv\u00e4 on vain kerran vuodessa, joten sit\u00e4 kannattaa viett\u00e4\u00e4 erityisell\u00e4 tavalla. MA-TO 17 \u20ac \/ henkil\u00f6PE-SU 23 \u20ac \/ [&hellip;]\" \/>\n<meta property=\"og:url\" content=\"https:\/\/ringspa.ee\/fi\/lasten-syntymapaivat\/\" \/>\n<meta property=\"og:site_name\" content=\"Ring Spaa ja Saunad\" \/>\n<meta property=\"article:modified_time\" content=\"2026-04-09T12:39:48+00:00\" \/>\n<meta property=\"og:image\" content=\"https:\/\/ringspa.ee\/wp-content\/uploads\/2023\/03\/Ringspa-laste-sunnipaev.jpeg\" \/>\n\t<meta property=\"og:image:width\" content=\"808\" \/>\n\t<meta property=\"og:image:height\" content=\"808\" \/>\n\t<meta property=\"og:image:type\" content=\"image\/jpeg\" \/>\n<meta name=\"twitter:card\" content=\"summary_large_image\" \/>\n<meta name=\"twitter:label1\" content=\"Arvioitu lukuaika\" \/>\n\t<meta name=\"twitter:data1\" content=\"3 minuuttia\" \/>\n<script type=\"application\/ld+json\" class=\"yoast-schema-graph\">{\"@context\":\"https:\/\/schema.org\",\"@graph\":[{\"@type\":\"WebPage\",\"@id\":\"https:\/\/ringspa.ee\/fi\/lasten-syntymapaivat\/\",\"url\":\"https:\/\/ringspa.ee\/fi\/lasten-syntymapaivat\/\",\"name\":\"LASTEN SYNTYM\u00c4P\u00c4IVAT - Ring Spaa ja Saunad\",\"isPartOf\":{\"@id\":\"https:\/\/ringspa.ee\/#website\"},\"primaryImageOfPage\":{\"@id\":\"https:\/\/ringspa.ee\/fi\/lasten-syntymapaivat\/#primaryimage\"},\"image\":{\"@id\":\"https:\/\/ringspa.ee\/fi\/lasten-syntymapaivat\/#primaryimage\"},\"thumbnailUrl\":\"https:\/\/ringspa.ee\/wp-content\/uploads\/2023\/03\/Ringspa-laste-sunnipaev.jpeg\",\"datePublished\":\"2023-03-13T14:46:31+00:00\",\"dateModified\":\"2026-04-09T12:39:48+00:00\",\"breadcrumb\":{\"@id\":\"https:\/\/ringspa.ee\/fi\/lasten-syntymapaivat\/#breadcrumb\"},\"inLanguage\":\"fi\",\"potentialAction\":[{\"@type\":\"ReadAction\",\"target\":[\"https:\/\/ringspa.ee\/fi\/lasten-syntymapaivat\/\"]}]},{\"@type\":\"ImageObject\",\"inLanguage\":\"fi\",\"@id\":\"https:\/\/ringspa.ee\/fi\/lasten-syntymapaivat\/#primaryimage\",\"url\":\"https:\/\/ringspa.ee\/wp-content\/uploads\/2023\/03\/Ringspa-laste-sunnipaev.jpeg\",\"contentUrl\":\"https:\/\/ringspa.ee\/wp-content\/uploads\/2023\/03\/Ringspa-laste-sunnipaev.jpeg\"},{\"@type\":\"BreadcrumbList\",\"@id\":\"https:\/\/ringspa.ee\/fi\/lasten-syntymapaivat\/#breadcrumb\",\"itemListElement\":[{\"@type\":\"ListItem\",\"position\":1,\"name\":\"Home\",\"item\":\"https:\/\/ringspa.ee\/fi\/\"},{\"@type\":\"ListItem\",\"position\":2,\"name\":\"LASTEN SYNTYM\u00c4P\u00c4IVAT\"}]},{\"@type\":\"WebSite\",\"@id\":\"https:\/\/ringspa.ee\/#website\",\"url\":\"https:\/\/ringspa.ee\/\",\"name\":\"Ring Spaa ja Saunad\",\"description\":\"\",\"potentialAction\":[{\"@type\":\"SearchAction\",\"target\":{\"@type\":\"EntryPoint\",\"urlTemplate\":\"https:\/\/ringspa.ee\/?s={search_term_string}\"},\"query-input\":{\"@type\":\"PropertyValueSpecification\",\"valueRequired\":true,\"valueName\":\"search_term_string\"}}],\"inLanguage\":\"fi\"}]}<\/script>\n<!-- \/ Yoast SEO plugin. -->","yoast_head_json":{"title":"LASTEN SYNTYM\u00c4P\u00c4IVAT - Ring Spaa ja Saunad","robots":{"index":"index","follow":"follow","max-snippet":"max-snippet:-1","max-image-preview":"max-image-preview:large","max-video-preview":"max-video-preview:-1"},"canonical":"https:\/\/ringspa.ee\/fi\/lasten-syntymapaivat\/","og_locale":"fi_FI","og_type":"article","og_title":"LASTEN SYNTYM\u00c4P\u00c4IVAT - Ring Spaa ja Saunad","og_description":"LASTEN SYNTYM\u00c4P\u00c4IV\u00c4T S\u00e4ihkyv\u00e4t silm\u00e4t, vilpit\u00f6n ilo ja kiljahdukset ovat v\u00e4ist\u00e4m\u00e4t\u00f6n tosiasia, jos j\u00e4rjest\u00e4t lapsen syntym\u00e4p\u00e4iv\u00e4n vesipuistossa. Usko pois, sit\u00e4 muistellaan viel\u00e4 vuosia! My\u00f6s vanhemmilla ja isovanhemmilla riitt\u00e4\u00e4 tekemist\u00e4 vesipuistossa ja saunoissa, ja aika kuluu kuin siivill\u00e4. Syntym\u00e4p\u00e4iv\u00e4 on vain kerran vuodessa, joten sit\u00e4 kannattaa viett\u00e4\u00e4 erityisell\u00e4 tavalla. MA-TO 17 \u20ac \/ henkil\u00f6PE-SU 23 \u20ac \/ [&hellip;]","og_url":"https:\/\/ringspa.ee\/fi\/lasten-syntymapaivat\/","og_site_name":"Ring Spaa ja Saunad","article_modified_time":"2026-04-09T12:39:48+00:00","og_image":[{"width":808,"height":808,"url":"https:\/\/ringspa.ee\/wp-content\/uploads\/2023\/03\/Ringspa-laste-sunnipaev.jpeg","type":"image\/jpeg"}],"twitter_card":"summary_large_image","twitter_misc":{"Arvioitu lukuaika":"3 minuuttia"},"schema":{"@context":"https:\/\/schema.org","@graph":[{"@type":"WebPage","@id":"https:\/\/ringspa.ee\/fi\/lasten-syntymapaivat\/","url":"https:\/\/ringspa.ee\/fi\/lasten-syntymapaivat\/","name":"LASTEN SYNTYM\u00c4P\u00c4IVAT - Ring Spaa ja Saunad","isPartOf":{"@id":"https:\/\/ringspa.ee\/#website"},"primaryImageOfPage":{"@id":"https:\/\/ringspa.ee\/fi\/lasten-syntymapaivat\/#primaryimage"},"image":{"@id":"https:\/\/ringspa.ee\/fi\/lasten-syntymapaivat\/#primaryimage"},"thumbnailUrl":"https:\/\/ringspa.ee\/wp-content\/uploads\/2023\/03\/Ringspa-laste-sunnipaev.jpeg","datePublished":"2023-03-13T14:46:31+00:00","dateModified":"2026-04-09T12:39:48+00:00","breadcrumb":{"@id":"https:\/\/ringspa.ee\/fi\/lasten-syntymapaivat\/#breadcrumb"},"inLanguage":"fi","potentialAction":[{"@type":"ReadAction","target":["https:\/\/ringspa.ee\/fi\/lasten-syntymapaivat\/"]}]},{"@type":"ImageObject","inLanguage":"fi","@id":"https:\/\/ringspa.ee\/fi\/lasten-syntymapaivat\/#primaryimage","url":"https:\/\/ringspa.ee\/wp-content\/uploads\/2023\/03\/Ringspa-laste-sunnipaev.jpeg","contentUrl":"https:\/\/ringspa.ee\/wp-content\/uploads\/2023\/03\/Ringspa-laste-sunnipaev.jpeg"},{"@type":"BreadcrumbList","@id":"https:\/\/ringspa.ee\/fi\/lasten-syntymapaivat\/#breadcrumb","itemListElement":[{"@type":"ListItem","position":1,"name":"Home","item":"https:\/\/ringspa.ee\/fi\/"},{"@type":"ListItem","position":2,"name":"LASTEN SYNTYM\u00c4P\u00c4IVAT"}]},{"@type":"WebSite","@id":"https:\/\/ringspa.ee\/#website","url":"https:\/\/ringspa.ee\/","name":"Ring Spaa ja Saunad","description":"","potentialAction":[{"@type":"SearchAction","target":{"@type":"EntryPoint","urlTemplate":"https:\/\/ringspa.ee\/?s={search_term_string}"},"query-input":{"@type":"PropertyValueSpecification","valueRequired":true,"valueName":"search_term_string"}}],"inLanguage":"fi"}]}},"_links":{"self":[{"href":"https:\/\/ringspa.ee\/fi\/wp-json\/wp\/v2\/pages\/1204","targetHints":{"allow":["GET"]}}],"collection":[{"href":"https:\/\/ringspa.ee\/fi\/wp-json\/wp\/v2\/pages"}],"about":[{"href":"https:\/\/ringspa.ee\/fi\/wp-json\/wp\/v2\/types\/page"}],"author":[{"embeddable":true,"href":"https:\/\/ringspa.ee\/fi\/wp-json\/wp\/v2\/users\/2"}],"replies":[{"embeddable":true,"href":"https:\/\/ringspa.ee\/fi\/wp-json\/wp\/v2\/comments?post=1204"}],"version-history":[{"count":25,"href":"https:\/\/ringspa.ee\/fi\/wp-json\/wp\/v2\/pages\/1204\/revisions"}],"predecessor-version":[{"id":6049,"href":"https:\/\/ringspa.ee\/fi\/wp-json\/wp\/v2\/pages\/1204\/revisions\/6049"}],"wp:attachment":[{"href":"https:\/\/ringspa.ee\/fi\/wp-json\/wp\/v2\/media?parent=1204"}],"curies":[{"name":"wp","href":"https:\/\/api.w.org\/{rel}","templated":true}]}}