{"id":1224,"date":"2023-03-13T17:31:36","date_gmt":"2023-03-13T15:31:36","guid":{"rendered":"https:\/\/ringspa.ee\/saunarituaalid\/"},"modified":"2026-03-04T15:21:13","modified_gmt":"2026-03-04T13:21:13","slug":"saunarituaalit","status":"publish","type":"page","link":"https:\/\/ringspa.ee\/fi\/saunarituaalit\/","title":{"rendered":"Saunarituaalit"},"content":{"rendered":"\n<div style=\"height:90px\" aria-hidden=\"true\" class=\"wp-block-spacer mobile-spacer-0\"><\/div>\n\n\n\n<div class=\"wp-block-columns alignfull has-background is-layout-flex wp-container-core-columns-is-layout-9d6595d7 wp-block-columns-is-layout-flex\" style=\"background-color:#3e755f\">\n<div class=\"wp-block-column is-vertically-aligned-center space10 has-white-color has-text-color is-layout-flow wp-block-column-is-layout-flow\" style=\"padding-top:var(--wp--preset--spacing--80);padding-right:var(--wp--preset--spacing--80);padding-bottom:var(--wp--preset--spacing--80);padding-left:var(--wp--preset--spacing--80);font-size:18px\">\n<h1 class=\"wp-block-heading has-white-color has-text-color\" style=\"font-size:55px\">SAUNA\u00adRITUAALIT<\/h1>\n\n\n\n<p>H\u00d6YRY-, SUOLA- JA AROMIRITUAALIT SEK\u00c4 SAUNA YOGA TREENAUKSET SIS\u00c4LTYV\u00c4T SAUNAKESKUKSEN VIERAILUN HINTAAN.<\/p>\n\n\n\n<p>Saunarituaalit ovat todellinen herkku sek\u00e4 keholle ett\u00e4 mielelle, ottaen ajatukset arjen asioista pois. Saunamestareidemme huolehtivat miellytt\u00e4v\u00e4st\u00e4 ilmapiirist\u00e4 saunarituaalin aikana, tehden siit\u00e4 yksinoikeuden ja muistettavan kokemuksen! <\/p>\n\n\n\n<p>VIHDO ITSESI L\u00c4MPIM\u00c4KSI, PUHTAAKSI JA TUOKSUVAKSI PUUL\u00c4MMIST\u00c4SESS\u00c4 ULKOSAUNASSAMME!*<br><br>Tammi- ja eukalyptusvihtoja voi ostaa kylpyl\u00e4baarista hintaan 4,90 \u20ac.<br>Saunavihta on terveellinen nautinto. Terveytt\u00e4si kohottaaksesi vihtominen on sallittua puul\u00e4mmitteisess\u00e4 ulkosaunassamme spa-baarista ostetulla vihtalla.<br>Eucalyptus-vihdalla puhdistetaan hengitystiet ja saadaan saunaan hyv\u00e4t tuoksut, tammivihta rentouttaa lihaksia.<\/p>\n\n\n\n<p>HUOM! Vihtomisen j\u00e4lkeen saunassa, osoita huolta muita saunavieraita kohtaan ja siivoa lehdet j\u00e4lkesi, kiitos!<br>*Omien vihtojen k\u00e4ytt\u00f6 ei ole sallittua!<br><\/p>\n\n\n\n<div class=\"wp-block-buttons is-layout-flex wp-block-buttons-is-layout-flex\"><\/div>\n<\/div>\n\n\n\n<div class=\"wp-block-column is-vertically-aligned-center is-layout-flow wp-block-column-is-layout-flow\">\n<figure class=\"wp-block-image alignleft size-full\"><img loading=\"lazy\" decoding=\"async\" width=\"875\" height=\"830\" src=\"https:\/\/ringspa.ee\/wp-content\/uploads\/2023\/03\/Ringspa-saunarituaalid.png\" alt=\"\" class=\"wp-image-383\" srcset=\"https:\/\/ringspa.ee\/wp-content\/uploads\/2023\/03\/Ringspa-saunarituaalid.png 875w, https:\/\/ringspa.ee\/wp-content\/uploads\/2023\/03\/Ringspa-saunarituaalid-300x285.png 300w, https:\/\/ringspa.ee\/wp-content\/uploads\/2023\/03\/Ringspa-saunarituaalid-768x729.png 768w\" sizes=\"auto, (max-width: 875px) 100vw, 875px\" \/><\/figure>\n<\/div>\n<\/div>\n\n\n\n<div class=\"wp-block-columns alignfull has-background is-layout-flex wp-container-core-columns-is-layout-9d6595d7 wp-block-columns-is-layout-flex\" style=\"background-color:#3e755f\">\n<div class=\"wp-block-column is-vertically-aligned-center space10 has-white-color has-text-color is-layout-flow wp-block-column-is-layout-flow\" style=\"padding-top:var(--wp--preset--spacing--80);padding-right:var(--wp--preset--spacing--80);padding-bottom:var(--wp--preset--spacing--80);padding-left:var(--wp--preset--spacing--80)\">\n<h2 class=\"wp-block-heading has-white-color has-text-color\">SAUNARITUAALIEN AIKATAULU<\/h2>\n\n\n\n<p style=\"font-size:18px\">MAANANTAI &#8211;  PERJANTAI<br>18:00 Aromirituaali (puul\u00e4mmitteinen ulkosauna)<br>19:00 L\u00f6ylyrituaali (puul\u00e4mmitteinen ulkosauna)<br>20:00 Suolarituaali (suola-h\u00f6yrysauna)<br>21:00 L\u00f6ylyrituaali (puul\u00e4mmitteinen ulkosauna)<\/p>\n\n\n\n<p>LAUANTAI, SUNNUNTAI<br>16:00 Aromirituaali (puul\u00e4mmitteinen ulkosauna)<br>17:00 Suolarituaali (suola-h\u00f6yrysauna)<br>18:00 L\u00f6ylyrituaali (puul\u00e4mmitteinen ulkosauna)<br>19:00 Aromirituaali (puul\u00e4mmitteinen ulkosauna)<br>20:00 Suolarituaali (suola-h\u00f6yrysauna)<br>21:00 L\u00f6ylyrituaali (puul\u00e4mmitteinen ulkosauna)<\/p>\n\n\n\n<p>SAUNA YOGA <br>Tiistaisin ja perjantaisin (13.03 alkaen) klo 18:15<br><br>SAUNA YOGA kylpyl\u00e4n Katajasaunassa (50-55 \u00b0C) tai Hamamissa kest\u00e4\u00e4 30 minuuttia yhdist\u00e4en erilaisia joogatyylej\u00e4 ja -asentoja rauhassa ja hiljaisuudessa.<\/p>\n\n\n\n<div class=\"wp-block-buttons is-layout-flex wp-block-buttons-is-layout-flex\">\n<div class=\"wp-block-button is-style-edream-button-2\"><a class=\"wp-block-button__link has-white-color has-text-color has-link-color wp-element-button\" href=\"https:\/\/ringspa.ee\/fi\/sauna-yoga\/\">LUE LIS\u00c4\u00c4<\/a><\/div>\n<\/div>\n<\/div>\n\n\n\n<div class=\"wp-block-column is-vertically-aligned-center space10 is-layout-flow wp-block-column-is-layout-flow\" style=\"padding-top:var(--wp--preset--spacing--80);padding-right:var(--wp--preset--spacing--80);padding-bottom:var(--wp--preset--spacing--80);padding-left:var(--wp--preset--spacing--80)\">\n<div style=\"height:14px\" aria-hidden=\"true\" class=\"wp-block-spacer\"><\/div>\n\n\n\n<figure class=\"wp-block-image aligncenter size-full is-resized is-style-rounded\"><img loading=\"lazy\" decoding=\"async\" width=\"808\" height=\"808\" src=\"https:\/\/ringspa.ee\/wp-content\/uploads\/2023\/03\/saunarituaalid-viht.jpeg\" alt=\"\" class=\"wp-image-576\" style=\"width:450px;height:450px\" srcset=\"https:\/\/ringspa.ee\/wp-content\/uploads\/2023\/03\/saunarituaalid-viht.jpeg 808w, https:\/\/ringspa.ee\/wp-content\/uploads\/2023\/03\/saunarituaalid-viht-300x300.jpeg 300w, https:\/\/ringspa.ee\/wp-content\/uploads\/2023\/03\/saunarituaalid-viht-150x150.jpeg 150w, https:\/\/ringspa.ee\/wp-content\/uploads\/2023\/03\/saunarituaalid-viht-768x768.jpeg 768w\" sizes=\"auto, (max-width: 808px) 100vw, 808px\" \/><\/figure>\n\n\n\n<div style=\"height:14px\" aria-hidden=\"true\" class=\"wp-block-spacer\"><\/div>\n<\/div>\n<\/div>\n\n\n\n<div class=\"wp-block-columns alignfull has-background is-layout-flex wp-container-core-columns-is-layout-9d6595d7 wp-block-columns-is-layout-flex\" style=\"background-color:#3e755f\">\n<div class=\"wp-block-column is-vertically-aligned-center space10 has-white-color has-text-color is-layout-flow wp-block-column-is-layout-flow\" style=\"padding-top:var(--wp--preset--spacing--80);padding-right:var(--wp--preset--spacing--80);padding-bottom:var(--wp--preset--spacing--80);padding-left:var(--wp--preset--spacing--80)\">\n<h2 class=\"wp-block-heading has-white-color has-text-color\">L\u00f6ylyrituaalit<\/h2>\n\n\n\n<p style=\"font-size:18px\">L\u00f6ylyrituaaleja j\u00e4rjestet\u00e4\u00e4n puul\u00e4mmitteisess\u00e4 saunassa. Toisille on l\u00f6ylyt saunomisen kohokohta, toisille syy pikaisesti l\u00e4hte\u00e4. Ole meid\u00e4n vieraana l\u00f6ylyseansseill\u00e4, jossa l\u00e4mp\u00f6tilaerot nopeuttaa verenkiertoa ja lis\u00e4\u00e4v\u00e4t elimist\u00f6n vastustuskyky\u00e4, mik\u00e4 auttaa p\u00e4\u00e4sem\u00e4\u00e4n eroon kuona-aineista, rauhoittaa ja virkist\u00e4\u00e4 kehoa.<br>Kutsumme sinua nauttimaan poikkeuksellisesta el\u00e4myksest\u00e4 kuuman ilman, j\u00e4\u00e4n ja tuoksun maailmassa. <\/p>\n<\/div>\n\n\n\n<div class=\"wp-block-column is-vertically-aligned-center space10 is-layout-flow wp-block-column-is-layout-flow\" style=\"padding-top:var(--wp--preset--spacing--80);padding-right:var(--wp--preset--spacing--80);padding-bottom:var(--wp--preset--spacing--80);padding-left:var(--wp--preset--spacing--80)\">\n<div style=\"height:14px\" aria-hidden=\"true\" class=\"wp-block-spacer\"><\/div>\n\n\n\n<figure class=\"wp-block-image aligncenter size-full is-resized is-style-rounded\"><img loading=\"lazy\" decoding=\"async\" width=\"700\" height=\"700\" src=\"https:\/\/ringspa.ee\/wp-content\/uploads\/2023\/03\/Puukyttega_saun.png\" alt=\"\" class=\"wp-image-860\" style=\"width:450px;height:450px\" srcset=\"https:\/\/ringspa.ee\/wp-content\/uploads\/2023\/03\/Puukyttega_saun.png 700w, https:\/\/ringspa.ee\/wp-content\/uploads\/2023\/03\/Puukyttega_saun-300x300.png 300w, https:\/\/ringspa.ee\/wp-content\/uploads\/2023\/03\/Puukyttega_saun-150x150.png 150w\" sizes=\"auto, (max-width: 700px) 100vw, 700px\" \/><\/figure>\n\n\n\n<div style=\"height:14px\" aria-hidden=\"true\" class=\"wp-block-spacer\"><\/div>\n<\/div>\n<\/div>\n\n\n\n<div class=\"wp-block-columns alignfull has-background is-layout-flex wp-container-core-columns-is-layout-9d6595d7 wp-block-columns-is-layout-flex\" style=\"background-color:#3e755f\">\n<div class=\"wp-block-column is-vertically-aligned-center space10 has-white-color has-text-color is-layout-flow wp-block-column-is-layout-flow\" style=\"padding-top:var(--wp--preset--spacing--80);padding-right:var(--wp--preset--spacing--80);padding-bottom:var(--wp--preset--spacing--80);padding-left:var(--wp--preset--spacing--80)\">\n<h2 class=\"wp-block-heading has-white-color has-text-color\">Aromirituaalit<\/h2>\n\n\n\n<p style=\"font-size:18px\">Aromirituaalit j\u00e4rjestet\u00e4\u00e4n ulkosaunassa. K\u00e4ytet\u00e4\u00e4n monia erilaisia aromeja, jotka virkist\u00e4v\u00e4t kehoa ja sielua kaikin tavoin. Lis\u00e4ksi tarjotaan erilaisia viilent\u00e4vi\u00e4 menetelmi\u00e4. T\u00e4m\u00e4 rituaali on tarkoitettu juuri Sinulle, jos tavoitteenasi on p\u00e4\u00e4st\u00e4 eroon arkihuolista ja rentoutua aromimaailmassa.<\/p>\n\n\n\n<div class=\"wp-block-columns is-layout-flex wp-container-core-columns-is-layout-9d6595d7 wp-block-columns-is-layout-flex\">\n<div class=\"wp-block-column is-layout-flow wp-block-column-is-layout-flow\"><\/div>\n<\/div>\n<\/div>\n\n\n\n<div class=\"wp-block-column is-vertically-aligned-center space10 is-layout-flow wp-block-column-is-layout-flow\" style=\"padding-top:var(--wp--preset--spacing--80);padding-right:var(--wp--preset--spacing--80);padding-bottom:var(--wp--preset--spacing--80);padding-left:var(--wp--preset--spacing--80)\">\n<div style=\"height:14px\" aria-hidden=\"true\" class=\"wp-block-spacer\"><\/div>\n\n\n\n<figure class=\"wp-block-image aligncenter size-full is-resized is-style-rounded\"><img loading=\"lazy\" decoding=\"async\" width=\"808\" height=\"808\" src=\"https:\/\/ringspa.ee\/wp-content\/uploads\/2023\/03\/Leilirituaalid.jpeg\" alt=\"\" class=\"wp-image-580\" style=\"width:450px;height:450px\" srcset=\"https:\/\/ringspa.ee\/wp-content\/uploads\/2023\/03\/Leilirituaalid.jpeg 808w, https:\/\/ringspa.ee\/wp-content\/uploads\/2023\/03\/Leilirituaalid-300x300.jpeg 300w, https:\/\/ringspa.ee\/wp-content\/uploads\/2023\/03\/Leilirituaalid-150x150.jpeg 150w, https:\/\/ringspa.ee\/wp-content\/uploads\/2023\/03\/Leilirituaalid-768x768.jpeg 768w\" sizes=\"auto, (max-width: 808px) 100vw, 808px\" \/><\/figure>\n\n\n\n<div style=\"height:14px\" aria-hidden=\"true\" class=\"wp-block-spacer\"><\/div>\n<\/div>\n<\/div>\n\n\n\n<div class=\"wp-block-columns alignfull has-background is-layout-flex wp-container-core-columns-is-layout-9d6595d7 wp-block-columns-is-layout-flex\" style=\"background-color:#3e755f\">\n<div class=\"wp-block-column is-vertically-aligned-center space10 has-white-color has-text-color is-layout-flow wp-block-column-is-layout-flow\" style=\"padding-top:var(--wp--preset--spacing--80);padding-right:var(--wp--preset--spacing--80);padding-bottom:var(--wp--preset--spacing--80);padding-left:var(--wp--preset--spacing--80)\">\n<h2 class=\"wp-block-heading\">Suolarituaalit<\/h2>\n\n\n\n<p style=\"font-size:18px\">Rituaalit, jotka sis\u00e4lt\u00e4v\u00e4t kuorinnalla vartalohoitoa j\u00e4rjestet\u00e4\u00e4n suola-h\u00f6yrysaunassa. Vartalokuorinnassa k\u00e4ytet\u00e4\u00e4n suolan ja orgaanisen hunajan tai \u00f6ljyn seosta, joka antaa iholle pehmeytt\u00e4 ja kiiltoa. Suola poistaa iholta kuolleet solut, \u00f6ljyll\u00e4 on ravitseva, puhdistava ja pehment\u00e4v\u00e4 vaikutus. Luonnollinen vartalokuorinta sopii erinomaisesti kaikille ihotyypeille.<\/p>\n<\/div>\n\n\n\n<div class=\"wp-block-column is-vertically-aligned-center space10 is-layout-flow wp-block-column-is-layout-flow\" style=\"padding-top:var(--wp--preset--spacing--80);padding-right:var(--wp--preset--spacing--80);padding-bottom:var(--wp--preset--spacing--80);padding-left:var(--wp--preset--spacing--80)\">\n<div style=\"height:14px\" aria-hidden=\"true\" class=\"wp-block-spacer\"><\/div>\n\n\n\n<figure class=\"wp-block-image aligncenter size-full is-resized is-style-rounded\"><img loading=\"lazy\" decoding=\"async\" width=\"808\" height=\"808\" src=\"https:\/\/ringspa.ee\/wp-content\/uploads\/2023\/03\/Soolarituaalid-.jpeg\" alt=\"\" class=\"wp-image-572\" style=\"width:450px;height:450px\" srcset=\"https:\/\/ringspa.ee\/wp-content\/uploads\/2023\/03\/Soolarituaalid-.jpeg 808w, https:\/\/ringspa.ee\/wp-content\/uploads\/2023\/03\/Soolarituaalid--300x300.jpeg 300w, https:\/\/ringspa.ee\/wp-content\/uploads\/2023\/03\/Soolarituaalid--150x150.jpeg 150w, https:\/\/ringspa.ee\/wp-content\/uploads\/2023\/03\/Soolarituaalid--768x768.jpeg 768w\" sizes=\"auto, (max-width: 808px) 100vw, 808px\" \/><\/figure>\n\n\n\n<div style=\"height:14px\" aria-hidden=\"true\" class=\"wp-block-spacer\"><\/div>\n<\/div>\n<\/div>\n","protected":false},"excerpt":{"rendered":"<p>SAUNA\u00adRITUAALIT H\u00d6YRY-, SUOLA- JA AROMIRITUAALIT SEK\u00c4 SAUNA YOGA TREENAUKSET SIS\u00c4LTYV\u00c4T SAUNAKESKUKSEN VIERAILUN HINTAAN. Saunarituaalit ovat todellinen herkku sek\u00e4 keholle ett\u00e4 mielelle, ottaen ajatukset arjen asioista pois. Saunamestareidemme huolehtivat miellytt\u00e4v\u00e4st\u00e4 ilmapiirist\u00e4 saunarituaalin aikana, tehden siit\u00e4 yksinoikeuden ja muistettavan kokemuksen! VIHDO ITSESI L\u00c4MPIM\u00c4KSI, PUHTAAKSI JA TUOKSUVAKSI PUUL\u00c4MMIST\u00c4SESS\u00c4 ULKOSAUNASSAMME!* Tammi- ja eukalyptusvihtoja voi ostaa kylpyl\u00e4baarista hintaan 4,90 \u20ac.Saunavihta [&hellip;]<\/p>\n","protected":false},"author":2,"featured_media":0,"parent":0,"menu_order":0,"comment_status":"closed","ping_status":"closed","template":"","meta":{"footnotes":""},"class_list":["post-1224","page","type-page","status-publish","hentry"],"yoast_head":"<!-- This site is optimized with the Yoast SEO plugin v25.0 - https:\/\/yoast.com\/wordpress\/plugins\/seo\/ -->\n<title>Saunarituaalit - Ring Spaa ja Saunad<\/title>\n<meta name=\"robots\" content=\"index, follow, max-snippet:-1, max-image-preview:large, max-video-preview:-1\" \/>\n<link rel=\"canonical\" href=\"https:\/\/ringspa.ee\/fi\/saunarituaalit\/\" \/>\n<meta property=\"og:locale\" content=\"fi_FI\" \/>\n<meta property=\"og:type\" content=\"article\" \/>\n<meta property=\"og:title\" content=\"Saunarituaalit - Ring Spaa ja Saunad\" \/>\n<meta property=\"og:description\" content=\"SAUNA\u00adRITUAALIT H\u00d6YRY-, SUOLA- JA AROMIRITUAALIT SEK\u00c4 SAUNA YOGA TREENAUKSET SIS\u00c4LTYV\u00c4T SAUNAKESKUKSEN VIERAILUN HINTAAN. Saunarituaalit ovat todellinen herkku sek\u00e4 keholle ett\u00e4 mielelle, ottaen ajatukset arjen asioista pois. Saunamestareidemme huolehtivat miellytt\u00e4v\u00e4st\u00e4 ilmapiirist\u00e4 saunarituaalin aikana, tehden siit\u00e4 yksinoikeuden ja muistettavan kokemuksen! VIHDO ITSESI L\u00c4MPIM\u00c4KSI, PUHTAAKSI JA TUOKSUVAKSI PUUL\u00c4MMIST\u00c4SESS\u00c4 ULKOSAUNASSAMME!* Tammi- ja eukalyptusvihtoja voi ostaa kylpyl\u00e4baarista hintaan 4,90 \u20ac.Saunavihta [&hellip;]\" \/>\n<meta property=\"og:url\" content=\"https:\/\/ringspa.ee\/fi\/saunarituaalit\/\" \/>\n<meta property=\"og:site_name\" content=\"Ring Spaa ja Saunad\" \/>\n<meta property=\"article:modified_time\" content=\"2026-03-04T13:21:13+00:00\" \/>\n<meta property=\"og:image\" content=\"https:\/\/ringspa.ee\/wp-content\/uploads\/2023\/03\/Ringspa-saunarituaalid.png\" \/>\n\t<meta property=\"og:image:width\" content=\"875\" \/>\n\t<meta property=\"og:image:height\" content=\"830\" \/>\n\t<meta property=\"og:image:type\" content=\"image\/png\" \/>\n<meta name=\"twitter:card\" content=\"summary_large_image\" \/>\n<meta name=\"twitter:label1\" content=\"Arvioitu lukuaika\" \/>\n\t<meta name=\"twitter:data1\" content=\"3 minuuttia\" \/>\n<script type=\"application\/ld+json\" class=\"yoast-schema-graph\">{\"@context\":\"https:\/\/schema.org\",\"@graph\":[{\"@type\":\"WebPage\",\"@id\":\"https:\/\/ringspa.ee\/fi\/saunarituaalit\/\",\"url\":\"https:\/\/ringspa.ee\/fi\/saunarituaalit\/\",\"name\":\"Saunarituaalit - Ring Spaa ja Saunad\",\"isPartOf\":{\"@id\":\"https:\/\/ringspa.ee\/#website\"},\"primaryImageOfPage\":{\"@id\":\"https:\/\/ringspa.ee\/fi\/saunarituaalit\/#primaryimage\"},\"image\":{\"@id\":\"https:\/\/ringspa.ee\/fi\/saunarituaalit\/#primaryimage\"},\"thumbnailUrl\":\"https:\/\/ringspa.ee\/wp-content\/uploads\/2023\/03\/Ringspa-saunarituaalid.png\",\"datePublished\":\"2023-03-13T15:31:36+00:00\",\"dateModified\":\"2026-03-04T13:21:13+00:00\",\"breadcrumb\":{\"@id\":\"https:\/\/ringspa.ee\/fi\/saunarituaalit\/#breadcrumb\"},\"inLanguage\":\"fi\",\"potentialAction\":[{\"@type\":\"ReadAction\",\"target\":[\"https:\/\/ringspa.ee\/fi\/saunarituaalit\/\"]}]},{\"@type\":\"ImageObject\",\"inLanguage\":\"fi\",\"@id\":\"https:\/\/ringspa.ee\/fi\/saunarituaalit\/#primaryimage\",\"url\":\"https:\/\/ringspa.ee\/wp-content\/uploads\/2023\/03\/Ringspa-saunarituaalid.png\",\"contentUrl\":\"https:\/\/ringspa.ee\/wp-content\/uploads\/2023\/03\/Ringspa-saunarituaalid.png\"},{\"@type\":\"BreadcrumbList\",\"@id\":\"https:\/\/ringspa.ee\/fi\/saunarituaalit\/#breadcrumb\",\"itemListElement\":[{\"@type\":\"ListItem\",\"position\":1,\"name\":\"Home\",\"item\":\"https:\/\/ringspa.ee\/fi\/\"},{\"@type\":\"ListItem\",\"position\":2,\"name\":\"Saunarituaalit\"}]},{\"@type\":\"WebSite\",\"@id\":\"https:\/\/ringspa.ee\/#website\",\"url\":\"https:\/\/ringspa.ee\/\",\"name\":\"Ring Spaa ja Saunad\",\"description\":\"\",\"potentialAction\":[{\"@type\":\"SearchAction\",\"target\":{\"@type\":\"EntryPoint\",\"urlTemplate\":\"https:\/\/ringspa.ee\/?s={search_term_string}\"},\"query-input\":{\"@type\":\"PropertyValueSpecification\",\"valueRequired\":true,\"valueName\":\"search_term_string\"}}],\"inLanguage\":\"fi\"}]}<\/script>\n<!-- \/ Yoast SEO plugin. -->","yoast_head_json":{"title":"Saunarituaalit - Ring Spaa ja Saunad","robots":{"index":"index","follow":"follow","max-snippet":"max-snippet:-1","max-image-preview":"max-image-preview:large","max-video-preview":"max-video-preview:-1"},"canonical":"https:\/\/ringspa.ee\/fi\/saunarituaalit\/","og_locale":"fi_FI","og_type":"article","og_title":"Saunarituaalit - Ring Spaa ja Saunad","og_description":"SAUNA\u00adRITUAALIT H\u00d6YRY-, SUOLA- JA AROMIRITUAALIT SEK\u00c4 SAUNA YOGA TREENAUKSET SIS\u00c4LTYV\u00c4T SAUNAKESKUKSEN VIERAILUN HINTAAN. Saunarituaalit ovat todellinen herkku sek\u00e4 keholle ett\u00e4 mielelle, ottaen ajatukset arjen asioista pois. Saunamestareidemme huolehtivat miellytt\u00e4v\u00e4st\u00e4 ilmapiirist\u00e4 saunarituaalin aikana, tehden siit\u00e4 yksinoikeuden ja muistettavan kokemuksen! VIHDO ITSESI L\u00c4MPIM\u00c4KSI, PUHTAAKSI JA TUOKSUVAKSI PUUL\u00c4MMIST\u00c4SESS\u00c4 ULKOSAUNASSAMME!* Tammi- ja eukalyptusvihtoja voi ostaa kylpyl\u00e4baarista hintaan 4,90 \u20ac.Saunavihta [&hellip;]","og_url":"https:\/\/ringspa.ee\/fi\/saunarituaalit\/","og_site_name":"Ring Spaa ja Saunad","article_modified_time":"2026-03-04T13:21:13+00:00","og_image":[{"width":875,"height":830,"url":"https:\/\/ringspa.ee\/wp-content\/uploads\/2023\/03\/Ringspa-saunarituaalid.png","type":"image\/png"}],"twitter_card":"summary_large_image","twitter_misc":{"Arvioitu lukuaika":"3 minuuttia"},"schema":{"@context":"https:\/\/schema.org","@graph":[{"@type":"WebPage","@id":"https:\/\/ringspa.ee\/fi\/saunarituaalit\/","url":"https:\/\/ringspa.ee\/fi\/saunarituaalit\/","name":"Saunarituaalit - Ring Spaa ja Saunad","isPartOf":{"@id":"https:\/\/ringspa.ee\/#website"},"primaryImageOfPage":{"@id":"https:\/\/ringspa.ee\/fi\/saunarituaalit\/#primaryimage"},"image":{"@id":"https:\/\/ringspa.ee\/fi\/saunarituaalit\/#primaryimage"},"thumbnailUrl":"https:\/\/ringspa.ee\/wp-content\/uploads\/2023\/03\/Ringspa-saunarituaalid.png","datePublished":"2023-03-13T15:31:36+00:00","dateModified":"2026-03-04T13:21:13+00:00","breadcrumb":{"@id":"https:\/\/ringspa.ee\/fi\/saunarituaalit\/#breadcrumb"},"inLanguage":"fi","potentialAction":[{"@type":"ReadAction","target":["https:\/\/ringspa.ee\/fi\/saunarituaalit\/"]}]},{"@type":"ImageObject","inLanguage":"fi","@id":"https:\/\/ringspa.ee\/fi\/saunarituaalit\/#primaryimage","url":"https:\/\/ringspa.ee\/wp-content\/uploads\/2023\/03\/Ringspa-saunarituaalid.png","contentUrl":"https:\/\/ringspa.ee\/wp-content\/uploads\/2023\/03\/Ringspa-saunarituaalid.png"},{"@type":"BreadcrumbList","@id":"https:\/\/ringspa.ee\/fi\/saunarituaalit\/#breadcrumb","itemListElement":[{"@type":"ListItem","position":1,"name":"Home","item":"https:\/\/ringspa.ee\/fi\/"},{"@type":"ListItem","position":2,"name":"Saunarituaalit"}]},{"@type":"WebSite","@id":"https:\/\/ringspa.ee\/#website","url":"https:\/\/ringspa.ee\/","name":"Ring Spaa ja Saunad","description":"","potentialAction":[{"@type":"SearchAction","target":{"@type":"EntryPoint","urlTemplate":"https:\/\/ringspa.ee\/?s={search_term_string}"},"query-input":{"@type":"PropertyValueSpecification","valueRequired":true,"valueName":"search_term_string"}}],"inLanguage":"fi"}]}},"_links":{"self":[{"href":"https:\/\/ringspa.ee\/fi\/wp-json\/wp\/v2\/pages\/1224","targetHints":{"allow":["GET"]}}],"collection":[{"href":"https:\/\/ringspa.ee\/fi\/wp-json\/wp\/v2\/pages"}],"about":[{"href":"https:\/\/ringspa.ee\/fi\/wp-json\/wp\/v2\/types\/page"}],"author":[{"embeddable":true,"href":"https:\/\/ringspa.ee\/fi\/wp-json\/wp\/v2\/users\/2"}],"replies":[{"embeddable":true,"href":"https:\/\/ringspa.ee\/fi\/wp-json\/wp\/v2\/comments?post=1224"}],"version-history":[{"count":23,"href":"https:\/\/ringspa.ee\/fi\/wp-json\/wp\/v2\/pages\/1224\/revisions"}],"predecessor-version":[{"id":5947,"href":"https:\/\/ringspa.ee\/fi\/wp-json\/wp\/v2\/pages\/1224\/revisions\/5947"}],"wp:attachment":[{"href":"https:\/\/ringspa.ee\/fi\/wp-json\/wp\/v2\/media?parent=1224"}],"curies":[{"name":"wp","href":"https:\/\/api.w.org\/{rel}","templated":true}]}}