{"id":1227,"date":"2023-04-04T14:30:03","date_gmt":"2023-04-04T11:30:03","guid":{"rendered":"https:\/\/ringspa.ee\/spaa-baari-menuu\/"},"modified":"2023-06-26T12:20:26","modified_gmt":"2023-06-26T09:20:26","slug":"spa-baari-ruokalista","status":"publish","type":"page","link":"https:\/\/ringspa.ee\/fi\/spa-baari-ruokalista\/","title":{"rendered":"Spa baari ruokalista"},"content":{"rendered":"\n<div style=\"height:90px\" aria-hidden=\"true\" class=\"wp-block-spacer mobile-spacer-0\"><\/div>\n\n\n\n<div class=\"wp-block-cover alignfull\" style=\"min-height:118px;aspect-ratio:unset;\"><span aria-hidden=\"true\" class=\"wp-block-cover__background has-background-dim-100 has-background-dim\" style=\"background-color:#3e755e\"><\/span><div class=\"wp-block-cover__inner-container is-layout-flow wp-block-cover-is-layout-flow\">\n<h1 class=\"has-text-align-center wp-block-heading\" style=\"font-size:40px\">SPA-BAARI<\/h1>\n<\/div><\/div>\n\n\n\n<div style=\"height:30px\" aria-hidden=\"true\" class=\"wp-block-spacer\"><\/div>\n\n\n\n<h2 class=\"has-text-align-center wp-block-heading\">RUOKALISTA<\/h2>\n\n\n\n<div class=\"wp-block-columns is-layout-flex wp-container-core-columns-is-layout-9d6595d7 wp-block-columns-is-layout-flex\">\n<div class=\"wp-block-column is-layout-flow wp-block-column-is-layout-flow\">\n<figure class=\"wp-block-table is-style-stripes\"><table><thead><tr><th class=\"has-text-align-left\" data-align=\"left\">PIZZAT<\/th><th class=\"has-text-align-right\" data-align=\"right\">HINTA <\/th><\/tr><\/thead><tbody><tr><td class=\"has-text-align-left\" data-align=\"left\">MARGHERITA tomaattikastike, mozzarella, oliivi\u00f6ljy, parmesaani, basilika<\/td><td class=\"has-text-align-right\" data-align=\"right\">8<\/td><\/tr><tr><td class=\"has-text-align-left\" data-align=\"left\">QUATTRO FORMAGGI tomaattikastike, mozzarella, parmesaani, gorgonzola, vuohenjuusto, oliivi\u00f6ljy<\/td><td class=\"has-text-align-right\" data-align=\"right\">14<\/td><\/tr><tr><td class=\"has-text-align-left\" data-align=\"left\">MORTADELLA E FUNGI tomaattikastike, mozzarella, parmesaani, mortadella-kinkku, sienet<\/td><td class=\"has-text-align-right\" data-align=\"right\">12<\/td><\/tr><tr><td class=\"has-text-align-left\" data-align=\"left\">TONNO tomaattikastike, mozzarella, parmesaani, tonnikala, punasipuli, kapris, oliivi, oliivi\u00f6ljy, basilika<\/td><td class=\"has-text-align-right\" data-align=\"right\">12<\/td><\/tr><tr><td class=\"has-text-align-left\" data-align=\"left\">CRUDO tomaattikastike, mozzarella, parmesaani, Parman kinkku, rucola, pesto, basilika&nbsp;<\/td><td class=\"has-text-align-right\" data-align=\"right\">14<\/td><\/tr><tr><td class=\"has-text-align-left\" data-align=\"left\">PICCANTE tomaattikastiketta, mozzarellaa, Piccante salamia, rucolaa, Grana Padanoa, basilikaa, valkosipuli-chili\u00f6ljy\u00e4<\/td><td class=\"has-text-align-right\" data-align=\"right\">14<\/td><\/tr><tr><td class=\"has-text-align-left\" data-align=\"left\">BIANCA mozzarella, ricotta, valkosipulilastut, Grana Padano, basilika, oliivi\u00f6ljy<\/td><td class=\"has-text-align-right\" data-align=\"right\">12<\/td><\/tr><tr><td class=\"has-text-align-left\" data-align=\"left\">VEGGIE paprika, kes\u00e4kurpitsa, munakoiso, tomaattikastike, mozzarella, parmesaani, pesto, basilika, paprika<\/td><td class=\"has-text-align-right\" data-align=\"right\">12<\/td><\/tr><\/tbody><\/table><\/figure>\n<\/div>\n<\/div>\n\n\n\n<div class=\"wp-block-columns is-layout-flex wp-container-core-columns-is-layout-9d6595d7 wp-block-columns-is-layout-flex\">\n<div class=\"wp-block-column is-layout-flow wp-block-column-is-layout-flow\">\n<figure class=\"wp-block-table is-style-stripes\" style=\"text-transform:capitalize\"><table><thead><tr><th class=\"has-text-align-left\" data-align=\"left\">NAPOSTELTAVAT<\/th><th class=\"has-text-align-right\" data-align=\"right\">HINTA <\/th><\/tr><\/thead><tbody><tr><td class=\"has-text-align-left\" data-align=\"left\">jUUSTOTARJOTIN 2 hengelle brie, gorgonzola, vuohenjuusto, hillo, grissini, kirsikkatomaatti, salaatti<\/td><td class=\"has-text-align-right\" data-align=\"right\">16<\/td><\/tr><tr><td class=\"has-text-align-left\" data-align=\"left\">LIHATARJOTIN 2 hengelle salami, mortadella-kinkku, crudo-kinkku, oliivit, grissinit, kirsikkatomaatti, salaatti<\/td><td class=\"has-text-align-right\" data-align=\"right\">16<\/td><\/tr><tr><td class=\"has-text-align-left\" data-align=\"left\">NAPOSTELUTARJOTIN 4 hengelle ranskalaiset, bataattiranskalaiset, jalapeno-juustopallot, kev\u00e4trullat, kananugetit, ketsuppi, valkosipulikastike<\/td><td class=\"has-text-align-right\" data-align=\"right\">23<\/td><\/tr><tr><td class=\"has-text-align-left\" data-align=\"left\">TUUNIKALASALAT tuunikala, muna, salatisegu, punane sibul, kaste, kirsstomat, beebikartul, oliivid<\/td><td class=\"has-text-align-right\" data-align=\"right\">10<\/td><\/tr><tr><td class=\"has-text-align-left\" data-align=\"left\">CAESARI SALAT KANAGA rooma salat, parmesan, kirsstomat, krutoonid, caesari kaste<\/td><td class=\"has-text-align-right\" data-align=\"right\">12<\/td><\/tr><tr><td class=\"has-text-align-left\" data-align=\"left\">KITSEJUUSTUSALAT grillitud kitsejuust, rukola, lambasalat, r\u00f6stsai, peet, kirsstomat, k\u00f5rvitsaseemned<\/td><td class=\"has-text-align-right\" data-align=\"right\">13<\/td><\/tr><tr><td class=\"has-text-align-left\" data-align=\"left\">KARTULI R\u00d6STI Friteeritud&nbsp; kartuli-juustupallid majoneesi-k\u00fc\u00fcslaugukastmega<\/td><td class=\"has-text-align-right\" data-align=\"right\">4.50<\/td><\/tr><tr><td class=\"has-text-align-left\" data-align=\"left\">KREVETID FILOTAIGNAS T\u0160ILLIKASTMEGA<\/td><td class=\"has-text-align-right\" data-align=\"right\">7<\/td><\/tr><tr><td class=\"has-text-align-left\" data-align=\"left\">RANSKALAISET KETSUPILLA<\/td><td class=\"has-text-align-right\" data-align=\"right\">4<\/td><\/tr><tr><td class=\"has-text-align-left\" data-align=\"left\">BATAATTIRANSKALAISET KETSUPILLA<\/td><td class=\"has-text-align-right\" data-align=\"right\">6<\/td><\/tr><tr><td class=\"has-text-align-left\" data-align=\"left\">RANSKALAISET TRYFFELIKASTIKKEELLA JA PARMESAANILLA<\/td><td class=\"has-text-align-right\" data-align=\"right\">6<\/td><\/tr><tr><td class=\"has-text-align-left\" data-align=\"left\">KANANUGETIT JA RANSKALAISET<\/td><td class=\"has-text-align-right\" data-align=\"right\">6.5<\/td><\/tr><tr><td class=\"has-text-align-left\" data-align=\"left\">JALAPENO-JUUSTOPALLOT<\/td><td class=\"has-text-align-right\" data-align=\"right\">5<\/td><\/tr><tr><td class=\"has-text-align-left\" data-align=\"left\">AMERIKKALAISET PANNUKAKUT 3KPL J\u00c4\u00c4TEL\u00d6\u00c4 JA MARJAKASTIKETTA<\/td><td class=\"has-text-align-right\" data-align=\"right\">5<\/td><\/tr><tr><td class=\"has-text-align-left\" data-align=\"left\">J\u00c4\u00c4TEL\u00d6<\/td><td class=\"has-text-align-right\" data-align=\"right\">4<\/td><\/tr><\/tbody><\/table><\/figure>\n<\/div>\n<\/div>\n","protected":false},"excerpt":{"rendered":"<p>RUOKALISTA PIZZAT HINTA MARGHERITA tomaattikastike, mozzarella, oliivi\u00f6ljy, parmesaani, basilika 8 QUATTRO FORMAGGI tomaattikastike, mozzarella, parmesaani, gorgonzola, vuohenjuusto, oliivi\u00f6ljy 14 MORTADELLA E FUNGI tomaattikastike, mozzarella, parmesaani, mortadella-kinkku, sienet 12 TONNO tomaattikastike, mozzarella, parmesaani, tonnikala, punasipuli, kapris, oliivi, oliivi\u00f6ljy, basilika 12 CRUDO tomaattikastike, mozzarella, parmesaani, Parman kinkku, rucola, pesto, basilika&nbsp; 14 PICCANTE tomaattikastiketta, mozzarellaa, Piccante salamia, rucolaa, [&hellip;]<\/p>\n","protected":false},"author":2,"featured_media":0,"parent":0,"menu_order":0,"comment_status":"closed","ping_status":"closed","template":"","meta":{"footnotes":""},"class_list":["post-1227","page","type-page","status-publish","hentry"],"yoast_head":"<!-- This site is optimized with the Yoast SEO plugin v27.4 - https:\/\/yoast.com\/product\/yoast-seo-wordpress\/ -->\n<title>Spa baari ruokalista - Ring Spaa ja Saunad<\/title>\n<meta name=\"robots\" content=\"index, follow, max-snippet:-1, max-image-preview:large, max-video-preview:-1\" \/>\n<link rel=\"canonical\" href=\"https:\/\/ringspa.ee\/spaa-baari-menuu\/\" \/>\n<meta property=\"og:locale\" content=\"fi_FI\" \/>\n<meta property=\"og:type\" content=\"article\" \/>\n<meta property=\"og:title\" content=\"Spa baari ruokalista - Ring Spaa ja Saunad\" \/>\n<meta property=\"og:description\" content=\"RUOKALISTA PIZZAT HINTA MARGHERITA tomaattikastike, mozzarella, oliivi\u00f6ljy, parmesaani, basilika 8 QUATTRO FORMAGGI tomaattikastike, mozzarella, parmesaani, gorgonzola, vuohenjuusto, oliivi\u00f6ljy 14 MORTADELLA E FUNGI tomaattikastike, mozzarella, parmesaani, mortadella-kinkku, sienet 12 TONNO tomaattikastike, mozzarella, parmesaani, tonnikala, punasipuli, kapris, oliivi, oliivi\u00f6ljy, basilika 12 CRUDO tomaattikastike, mozzarella, parmesaani, Parman kinkku, rucola, pesto, basilika&nbsp; 14 PICCANTE tomaattikastiketta, mozzarellaa, Piccante salamia, rucolaa, [&hellip;]\" \/>\n<meta property=\"og:url\" content=\"https:\/\/ringspa.ee\/spaa-baari-menuu\/\" \/>\n<meta property=\"og:site_name\" content=\"Ring Spaa ja Saunad\" \/>\n<meta property=\"article:modified_time\" content=\"2023-06-26T09:20:26+00:00\" \/>\n<meta name=\"twitter:card\" content=\"summary_large_image\" \/>\n<meta name=\"twitter:label1\" content=\"Arvioitu lukuaika\" \/>\n\t<meta name=\"twitter:data1\" content=\"2 minuuttia\" \/>\n<script type=\"application\/ld+json\" class=\"yoast-schema-graph\">{\"@context\":\"https:\\\/\\\/schema.org\",\"@graph\":[{\"@type\":\"WebPage\",\"@id\":\"https:\\\/\\\/ringspa.ee\\\/spaa-baari-menuu\\\/\",\"url\":\"https:\\\/\\\/ringspa.ee\\\/spaa-baari-menuu\\\/\",\"name\":\"Spa baari ruokalista - Ring Spaa ja Saunad\",\"isPartOf\":{\"@id\":\"https:\\\/\\\/ringspa.ee\\\/#website\"},\"datePublished\":\"2023-04-04T11:30:03+00:00\",\"dateModified\":\"2023-06-26T09:20:26+00:00\",\"breadcrumb\":{\"@id\":\"https:\\\/\\\/ringspa.ee\\\/spaa-baari-menuu\\\/#breadcrumb\"},\"inLanguage\":\"fi\",\"potentialAction\":[{\"@type\":\"ReadAction\",\"target\":[\"https:\\\/\\\/ringspa.ee\\\/spaa-baari-menuu\\\/\"]}]},{\"@type\":\"BreadcrumbList\",\"@id\":\"https:\\\/\\\/ringspa.ee\\\/spaa-baari-menuu\\\/#breadcrumb\",\"itemListElement\":[{\"@type\":\"ListItem\",\"position\":1,\"name\":\"Home\",\"item\":\"https:\\\/\\\/ringspa.ee\\\/fi\\\/\"},{\"@type\":\"ListItem\",\"position\":2,\"name\":\"Spa baari ruokalista\"}]},{\"@type\":\"WebSite\",\"@id\":\"https:\\\/\\\/ringspa.ee\\\/#website\",\"url\":\"https:\\\/\\\/ringspa.ee\\\/\",\"name\":\"Ring Spaa ja Saunad\",\"description\":\"\",\"potentialAction\":[{\"@type\":\"SearchAction\",\"target\":{\"@type\":\"EntryPoint\",\"urlTemplate\":\"https:\\\/\\\/ringspa.ee\\\/?s={search_term_string}\"},\"query-input\":{\"@type\":\"PropertyValueSpecification\",\"valueRequired\":true,\"valueName\":\"search_term_string\"}}],\"inLanguage\":\"fi\"}]}<\/script>\n<!-- \/ Yoast SEO plugin. -->","yoast_head_json":{"title":"Spa baari ruokalista - Ring Spaa ja Saunad","robots":{"index":"index","follow":"follow","max-snippet":"max-snippet:-1","max-image-preview":"max-image-preview:large","max-video-preview":"max-video-preview:-1"},"canonical":"https:\/\/ringspa.ee\/spaa-baari-menuu\/","og_locale":"fi_FI","og_type":"article","og_title":"Spa baari ruokalista - Ring Spaa ja Saunad","og_description":"RUOKALISTA PIZZAT HINTA MARGHERITA tomaattikastike, mozzarella, oliivi\u00f6ljy, parmesaani, basilika 8 QUATTRO FORMAGGI tomaattikastike, mozzarella, parmesaani, gorgonzola, vuohenjuusto, oliivi\u00f6ljy 14 MORTADELLA E FUNGI tomaattikastike, mozzarella, parmesaani, mortadella-kinkku, sienet 12 TONNO tomaattikastike, mozzarella, parmesaani, tonnikala, punasipuli, kapris, oliivi, oliivi\u00f6ljy, basilika 12 CRUDO tomaattikastike, mozzarella, parmesaani, Parman kinkku, rucola, pesto, basilika&nbsp; 14 PICCANTE tomaattikastiketta, mozzarellaa, Piccante salamia, rucolaa, [&hellip;]","og_url":"https:\/\/ringspa.ee\/spaa-baari-menuu\/","og_site_name":"Ring Spaa ja Saunad","article_modified_time":"2023-06-26T09:20:26+00:00","twitter_card":"summary_large_image","twitter_misc":{"Arvioitu lukuaika":"2 minuuttia"},"schema":{"@context":"https:\/\/schema.org","@graph":[{"@type":"WebPage","@id":"https:\/\/ringspa.ee\/spaa-baari-menuu\/","url":"https:\/\/ringspa.ee\/spaa-baari-menuu\/","name":"Spa baari ruokalista - Ring Spaa ja Saunad","isPartOf":{"@id":"https:\/\/ringspa.ee\/#website"},"datePublished":"2023-04-04T11:30:03+00:00","dateModified":"2023-06-26T09:20:26+00:00","breadcrumb":{"@id":"https:\/\/ringspa.ee\/spaa-baari-menuu\/#breadcrumb"},"inLanguage":"fi","potentialAction":[{"@type":"ReadAction","target":["https:\/\/ringspa.ee\/spaa-baari-menuu\/"]}]},{"@type":"BreadcrumbList","@id":"https:\/\/ringspa.ee\/spaa-baari-menuu\/#breadcrumb","itemListElement":[{"@type":"ListItem","position":1,"name":"Home","item":"https:\/\/ringspa.ee\/fi\/"},{"@type":"ListItem","position":2,"name":"Spa baari ruokalista"}]},{"@type":"WebSite","@id":"https:\/\/ringspa.ee\/#website","url":"https:\/\/ringspa.ee\/","name":"Ring Spaa ja Saunad","description":"","potentialAction":[{"@type":"SearchAction","target":{"@type":"EntryPoint","urlTemplate":"https:\/\/ringspa.ee\/?s={search_term_string}"},"query-input":{"@type":"PropertyValueSpecification","valueRequired":true,"valueName":"search_term_string"}}],"inLanguage":"fi"}]}},"_links":{"self":[{"href":"https:\/\/ringspa.ee\/fi\/wp-json\/wp\/v2\/pages\/1227","targetHints":{"allow":["GET"]}}],"collection":[{"href":"https:\/\/ringspa.ee\/fi\/wp-json\/wp\/v2\/pages"}],"about":[{"href":"https:\/\/ringspa.ee\/fi\/wp-json\/wp\/v2\/types\/page"}],"author":[{"embeddable":true,"href":"https:\/\/ringspa.ee\/fi\/wp-json\/wp\/v2\/users\/2"}],"replies":[{"embeddable":true,"href":"https:\/\/ringspa.ee\/fi\/wp-json\/wp\/v2\/comments?post=1227"}],"version-history":[{"count":2,"href":"https:\/\/ringspa.ee\/fi\/wp-json\/wp\/v2\/pages\/1227\/revisions"}],"predecessor-version":[{"id":1545,"href":"https:\/\/ringspa.ee\/fi\/wp-json\/wp\/v2\/pages\/1227\/revisions\/1545"}],"wp:attachment":[{"href":"https:\/\/ringspa.ee\/fi\/wp-json\/wp\/v2\/media?parent=1227"}],"curies":[{"name":"wp","href":"https:\/\/api.w.org\/{rel}","templated":true}]}}