{"id":1303,"date":"2023-04-11T12:44:19","date_gmt":"2023-04-11T09:44:19","guid":{"rendered":"https:\/\/ringspa.ee\/hoolitsuste-broneerimine\/"},"modified":"2025-01-13T15:42:26","modified_gmt":"2025-01-13T13:42:26","slug":"hoidot-ja-hieronnat","status":"publish","type":"page","link":"https:\/\/ringspa.ee\/fi\/hoidot-ja-hieronnat\/","title":{"rendered":"Hoidot ja hieronnat"},"content":{"rendered":"\n<div style=\"height:90px\" aria-hidden=\"true\" class=\"wp-block-spacer mobile-spacer-0\"><\/div>\n\n\n\n<div class=\"wp-block-columns alignfull is-layout-flex wp-container-core-columns-is-layout-53642b31 wp-block-columns-is-layout-flex\" style=\"padding-top:0;padding-right:0;padding-bottom:0;padding-left:0\">\n<div class=\"wp-block-column has-white-color has-text-color has-background is-layout-flow wp-block-column-is-layout-flow\" style=\"background-color:#437a64;padding-top:var(--wp--preset--spacing--40);padding-right:var(--wp--preset--spacing--40);padding-bottom:var(--wp--preset--spacing--40);padding-left:var(--wp--preset--spacing--40)\">\n<p><\/p>\n\n\n\n<h1 class=\"wp-block-heading has-text-align-center\" style=\"text-transform:uppercase\">Hemmottele itse\u00e4si spa-hoidolla!<\/h1>\n\n\n\n<div id=\"bookViewer\" data-id=\"1887\"><\/div><script src=\"https:\/\/app.booklux.com\/js\/client_view.js\"><\/script><a class=\"booklux-sys\" href=\"https:\/\/booklux.com\/et\/wellness-retreats-booking-system\">booklux<\/a>\n\n\n\n<p><\/p>\n\n\n\n<div class=\"wp-block-columns alignwide is-layout-flex wp-container-core-columns-is-layout-9d6595d7 wp-block-columns-is-layout-flex\">\n<div class=\"wp-block-column is-layout-flow wp-block-column-is-layout-flow\" style=\"padding-top:var(--wp--preset--spacing--40);padding-right:var(--wp--preset--spacing--40);padding-bottom:var(--wp--preset--spacing--40);padding-left:var(--wp--preset--spacing--40)\">\n<h2 class=\"wp-block-heading has-large-font-size\">ERIKOISTARJOUS<\/h2>\n\n\n\n<p style=\"font-size:18px\">Hieronnan ennakovarauksen yhteydess\u00e4 -50 % alennus spa- ja saunakeskuksen lipusta.<\/p>\n\n\n\n<p style=\"font-size:18px\">Hieronnan varanneiden asiakkaiden k\u00e4yt\u00f6ss\u00e4 on my\u00f6s Ring span ylellinen lepo- ja rentoutumisalue kylpyl\u00e4n 2. kerroksessa, jossa voit lev\u00e4t\u00e4 lepotuoleilla erikoisessa rauhassa ja hiljaisuudessa.<\/p>\n\n\n\n<p style=\"font-size:18px\">Kylpyl\u00e4hoitoja voi varata my\u00f6s ilman k\u00e4ynti\u00e4 saunakeskuksessa. Hoidon hintaan kuuluu 15 min. pukeutumisaikaa ennen hoitoa ja sen j\u00e4lkeen. Suosittelemme aina ennakkovarauksia. Jotta olisi taattu paras hoitonautinto, pyyd\u00e4mme tulemaan paikalle 10 minuuttia ennen hoidon alkua. Asiakkaan my\u00f6h\u00e4styess\u00e4 yli 10 minuuttia, hoitoa valitettavasti ei suoriteta. Ymm\u00e4rr\u00e4mme, ett\u00e4 joskus suunnitelmanne voivat muuttua. Siin\u00e4 tapauksessa hoitoajan muutos tai peruutus on teht\u00e4v\u00e4 v\u00e4hiten 4 tuntia ennen hoidon alkua.<\/p>\n<\/div>\n\n\n\n<div class=\"wp-block-column is-layout-flow wp-block-column-is-layout-flow\">\n<figure class=\"wp-block-image alignleft size-large is-resized is-style-rounded\"><img loading=\"lazy\" decoding=\"async\" width=\"1024\" height=\"683\" src=\"https:\/\/ringspa.ee\/wp-content\/uploads\/2023\/03\/Ring_spa_saunad-18loogastusala-1024x683.jpg\" alt=\"\" class=\"wp-image-74\" style=\"object-fit:cover;width:404px;height:404px\" srcset=\"https:\/\/ringspa.ee\/wp-content\/uploads\/2023\/03\/Ring_spa_saunad-18loogastusala-1024x683.jpg 1024w, https:\/\/ringspa.ee\/wp-content\/uploads\/2023\/03\/Ring_spa_saunad-18loogastusala-300x200.jpg 300w, https:\/\/ringspa.ee\/wp-content\/uploads\/2023\/03\/Ring_spa_saunad-18loogastusala-768x512.jpg 768w, https:\/\/ringspa.ee\/wp-content\/uploads\/2023\/03\/Ring_spa_saunad-18loogastusala-1536x1024.jpg 1536w, https:\/\/ringspa.ee\/wp-content\/uploads\/2023\/03\/Ring_spa_saunad-18loogastusala-1568x1045.jpg 1568w, https:\/\/ringspa.ee\/wp-content\/uploads\/2023\/03\/Ring_spa_saunad-18loogastusala.jpg 2048w\" sizes=\"auto, (max-width: 1024px) 100vw, 1024px\" \/><\/figure>\n<\/div>\n<\/div>\n<\/div>\n<\/div>\n\n\n\n<div style=\"height:20px\" aria-hidden=\"true\" class=\"wp-block-spacer\"><\/div>\n","protected":false},"excerpt":{"rendered":"<p>Hemmottele itse\u00e4si spa-hoidolla! booklux ERIKOISTARJOUS Hieronnan ennakovarauksen yhteydess\u00e4 -50 % alennus spa- ja saunakeskuksen lipusta. Hieronnan varanneiden asiakkaiden k\u00e4yt\u00f6ss\u00e4 on my\u00f6s Ring span ylellinen lepo- ja rentoutumisalue kylpyl\u00e4n 2. kerroksessa, jossa voit lev\u00e4t\u00e4 lepotuoleilla erikoisessa rauhassa ja hiljaisuudessa. Kylpyl\u00e4hoitoja voi varata my\u00f6s ilman k\u00e4ynti\u00e4 saunakeskuksessa. Hoidon hintaan kuuluu 15 min. pukeutumisaikaa ennen hoitoa ja sen [&hellip;]<\/p>\n","protected":false},"author":2,"featured_media":1832,"parent":0,"menu_order":0,"comment_status":"closed","ping_status":"closed","template":"","meta":{"footnotes":""},"class_list":["post-1303","page","type-page","status-publish","has-post-thumbnail","hentry"],"yoast_head":"<!-- This site is optimized with the Yoast SEO plugin v25.0 - https:\/\/yoast.com\/wordpress\/plugins\/seo\/ -->\n<title>Hoidot ja hieronnat - Ring Spaa ja Saunad<\/title>\n<meta name=\"robots\" content=\"index, follow, max-snippet:-1, max-image-preview:large, max-video-preview:-1\" \/>\n<link rel=\"canonical\" href=\"https:\/\/ringspa.ee\/fi\/hoidot-ja-hieronnat\/\" \/>\n<meta property=\"og:locale\" content=\"fi_FI\" \/>\n<meta property=\"og:type\" content=\"article\" \/>\n<meta property=\"og:title\" content=\"Hoidot ja hieronnat - Ring Spaa ja Saunad\" \/>\n<meta property=\"og:description\" content=\"Hemmottele itse\u00e4si spa-hoidolla! booklux ERIKOISTARJOUS Hieronnan ennakovarauksen yhteydess\u00e4 -50 % alennus spa- ja saunakeskuksen lipusta. Hieronnan varanneiden asiakkaiden k\u00e4yt\u00f6ss\u00e4 on my\u00f6s Ring span ylellinen lepo- ja rentoutumisalue kylpyl\u00e4n 2. kerroksessa, jossa voit lev\u00e4t\u00e4 lepotuoleilla erikoisessa rauhassa ja hiljaisuudessa. Kylpyl\u00e4hoitoja voi varata my\u00f6s ilman k\u00e4ynti\u00e4 saunakeskuksessa. Hoidon hintaan kuuluu 15 min. pukeutumisaikaa ennen hoitoa ja sen [&hellip;]\" \/>\n<meta property=\"og:url\" content=\"https:\/\/ringspa.ee\/fi\/hoidot-ja-hieronnat\/\" \/>\n<meta property=\"og:site_name\" content=\"Ring Spaa ja Saunad\" \/>\n<meta property=\"article:modified_time\" content=\"2025-01-13T13:42:26+00:00\" \/>\n<meta property=\"og:image\" content=\"https:\/\/ringspa.ee\/wp-content\/uploads\/2023\/09\/Ring-spaa-massaaz.jpg\" \/>\n\t<meta property=\"og:image:width\" content=\"1920\" \/>\n\t<meta property=\"og:image:height\" content=\"1080\" \/>\n\t<meta property=\"og:image:type\" content=\"image\/jpeg\" \/>\n<meta name=\"twitter:card\" content=\"summary_large_image\" \/>\n<meta name=\"twitter:label1\" content=\"Arvioitu lukuaika\" \/>\n\t<meta name=\"twitter:data1\" content=\"1 minuutti\" \/>\n<script type=\"application\/ld+json\" class=\"yoast-schema-graph\">{\"@context\":\"https:\/\/schema.org\",\"@graph\":[{\"@type\":\"WebPage\",\"@id\":\"https:\/\/ringspa.ee\/fi\/hoidot-ja-hieronnat\/\",\"url\":\"https:\/\/ringspa.ee\/fi\/hoidot-ja-hieronnat\/\",\"name\":\"Hoidot ja hieronnat - Ring Spaa ja Saunad\",\"isPartOf\":{\"@id\":\"https:\/\/ringspa.ee\/#website\"},\"primaryImageOfPage\":{\"@id\":\"https:\/\/ringspa.ee\/fi\/hoidot-ja-hieronnat\/#primaryimage\"},\"image\":{\"@id\":\"https:\/\/ringspa.ee\/fi\/hoidot-ja-hieronnat\/#primaryimage\"},\"thumbnailUrl\":\"https:\/\/ringspa.ee\/wp-content\/uploads\/2023\/09\/Ring-spaa-massaaz.jpg\",\"datePublished\":\"2023-04-11T09:44:19+00:00\",\"dateModified\":\"2025-01-13T13:42:26+00:00\",\"breadcrumb\":{\"@id\":\"https:\/\/ringspa.ee\/fi\/hoidot-ja-hieronnat\/#breadcrumb\"},\"inLanguage\":\"fi\",\"potentialAction\":[{\"@type\":\"ReadAction\",\"target\":[\"https:\/\/ringspa.ee\/fi\/hoidot-ja-hieronnat\/\"]}]},{\"@type\":\"ImageObject\",\"inLanguage\":\"fi\",\"@id\":\"https:\/\/ringspa.ee\/fi\/hoidot-ja-hieronnat\/#primaryimage\",\"url\":\"https:\/\/ringspa.ee\/wp-content\/uploads\/2023\/09\/Ring-spaa-massaaz.jpg\",\"contentUrl\":\"https:\/\/ringspa.ee\/wp-content\/uploads\/2023\/09\/Ring-spaa-massaaz.jpg\",\"width\":1920,\"height\":1080},{\"@type\":\"BreadcrumbList\",\"@id\":\"https:\/\/ringspa.ee\/fi\/hoidot-ja-hieronnat\/#breadcrumb\",\"itemListElement\":[{\"@type\":\"ListItem\",\"position\":1,\"name\":\"Home\",\"item\":\"https:\/\/ringspa.ee\/fi\/\"},{\"@type\":\"ListItem\",\"position\":2,\"name\":\"Hoidot ja hieronnat\"}]},{\"@type\":\"WebSite\",\"@id\":\"https:\/\/ringspa.ee\/#website\",\"url\":\"https:\/\/ringspa.ee\/\",\"name\":\"Ring Spaa ja Saunad\",\"description\":\"\",\"potentialAction\":[{\"@type\":\"SearchAction\",\"target\":{\"@type\":\"EntryPoint\",\"urlTemplate\":\"https:\/\/ringspa.ee\/?s={search_term_string}\"},\"query-input\":{\"@type\":\"PropertyValueSpecification\",\"valueRequired\":true,\"valueName\":\"search_term_string\"}}],\"inLanguage\":\"fi\"}]}<\/script>\n<!-- \/ Yoast SEO plugin. -->","yoast_head_json":{"title":"Hoidot ja hieronnat - Ring Spaa ja Saunad","robots":{"index":"index","follow":"follow","max-snippet":"max-snippet:-1","max-image-preview":"max-image-preview:large","max-video-preview":"max-video-preview:-1"},"canonical":"https:\/\/ringspa.ee\/fi\/hoidot-ja-hieronnat\/","og_locale":"fi_FI","og_type":"article","og_title":"Hoidot ja hieronnat - Ring Spaa ja Saunad","og_description":"Hemmottele itse\u00e4si spa-hoidolla! booklux ERIKOISTARJOUS Hieronnan ennakovarauksen yhteydess\u00e4 -50 % alennus spa- ja saunakeskuksen lipusta. Hieronnan varanneiden asiakkaiden k\u00e4yt\u00f6ss\u00e4 on my\u00f6s Ring span ylellinen lepo- ja rentoutumisalue kylpyl\u00e4n 2. kerroksessa, jossa voit lev\u00e4t\u00e4 lepotuoleilla erikoisessa rauhassa ja hiljaisuudessa. Kylpyl\u00e4hoitoja voi varata my\u00f6s ilman k\u00e4ynti\u00e4 saunakeskuksessa. Hoidon hintaan kuuluu 15 min. pukeutumisaikaa ennen hoitoa ja sen [&hellip;]","og_url":"https:\/\/ringspa.ee\/fi\/hoidot-ja-hieronnat\/","og_site_name":"Ring Spaa ja Saunad","article_modified_time":"2025-01-13T13:42:26+00:00","og_image":[{"width":1920,"height":1080,"url":"https:\/\/ringspa.ee\/wp-content\/uploads\/2023\/09\/Ring-spaa-massaaz.jpg","type":"image\/jpeg"}],"twitter_card":"summary_large_image","twitter_misc":{"Arvioitu lukuaika":"1 minuutti"},"schema":{"@context":"https:\/\/schema.org","@graph":[{"@type":"WebPage","@id":"https:\/\/ringspa.ee\/fi\/hoidot-ja-hieronnat\/","url":"https:\/\/ringspa.ee\/fi\/hoidot-ja-hieronnat\/","name":"Hoidot ja hieronnat - Ring Spaa ja Saunad","isPartOf":{"@id":"https:\/\/ringspa.ee\/#website"},"primaryImageOfPage":{"@id":"https:\/\/ringspa.ee\/fi\/hoidot-ja-hieronnat\/#primaryimage"},"image":{"@id":"https:\/\/ringspa.ee\/fi\/hoidot-ja-hieronnat\/#primaryimage"},"thumbnailUrl":"https:\/\/ringspa.ee\/wp-content\/uploads\/2023\/09\/Ring-spaa-massaaz.jpg","datePublished":"2023-04-11T09:44:19+00:00","dateModified":"2025-01-13T13:42:26+00:00","breadcrumb":{"@id":"https:\/\/ringspa.ee\/fi\/hoidot-ja-hieronnat\/#breadcrumb"},"inLanguage":"fi","potentialAction":[{"@type":"ReadAction","target":["https:\/\/ringspa.ee\/fi\/hoidot-ja-hieronnat\/"]}]},{"@type":"ImageObject","inLanguage":"fi","@id":"https:\/\/ringspa.ee\/fi\/hoidot-ja-hieronnat\/#primaryimage","url":"https:\/\/ringspa.ee\/wp-content\/uploads\/2023\/09\/Ring-spaa-massaaz.jpg","contentUrl":"https:\/\/ringspa.ee\/wp-content\/uploads\/2023\/09\/Ring-spaa-massaaz.jpg","width":1920,"height":1080},{"@type":"BreadcrumbList","@id":"https:\/\/ringspa.ee\/fi\/hoidot-ja-hieronnat\/#breadcrumb","itemListElement":[{"@type":"ListItem","position":1,"name":"Home","item":"https:\/\/ringspa.ee\/fi\/"},{"@type":"ListItem","position":2,"name":"Hoidot ja hieronnat"}]},{"@type":"WebSite","@id":"https:\/\/ringspa.ee\/#website","url":"https:\/\/ringspa.ee\/","name":"Ring Spaa ja Saunad","description":"","potentialAction":[{"@type":"SearchAction","target":{"@type":"EntryPoint","urlTemplate":"https:\/\/ringspa.ee\/?s={search_term_string}"},"query-input":{"@type":"PropertyValueSpecification","valueRequired":true,"valueName":"search_term_string"}}],"inLanguage":"fi"}]}},"_links":{"self":[{"href":"https:\/\/ringspa.ee\/fi\/wp-json\/wp\/v2\/pages\/1303","targetHints":{"allow":["GET"]}}],"collection":[{"href":"https:\/\/ringspa.ee\/fi\/wp-json\/wp\/v2\/pages"}],"about":[{"href":"https:\/\/ringspa.ee\/fi\/wp-json\/wp\/v2\/types\/page"}],"author":[{"embeddable":true,"href":"https:\/\/ringspa.ee\/fi\/wp-json\/wp\/v2\/users\/2"}],"replies":[{"embeddable":true,"href":"https:\/\/ringspa.ee\/fi\/wp-json\/wp\/v2\/comments?post=1303"}],"version-history":[{"count":6,"href":"https:\/\/ringspa.ee\/fi\/wp-json\/wp\/v2\/pages\/1303\/revisions"}],"predecessor-version":[{"id":4342,"href":"https:\/\/ringspa.ee\/fi\/wp-json\/wp\/v2\/pages\/1303\/revisions\/4342"}],"wp:featuredmedia":[{"embeddable":true,"href":"https:\/\/ringspa.ee\/fi\/wp-json\/wp\/v2\/media\/1832"}],"wp:attachment":[{"href":"https:\/\/ringspa.ee\/fi\/wp-json\/wp\/v2\/media?parent=1303"}],"curies":[{"name":"wp","href":"https:\/\/api.w.org\/{rel}","templated":true}]}}