{"id":2496,"date":"2024-01-03T08:31:54","date_gmt":"2024-01-03T06:31:54","guid":{"rendered":"https:\/\/ringspa.ee\/?page_id=2496"},"modified":"2026-01-05T15:44:08","modified_gmt":"2026-01-05T13:44:08","slug":"ryhmaliikuntatunnit","status":"publish","type":"page","link":"https:\/\/ringspa.ee\/fi\/ryhmaliikuntatunnit\/","title":{"rendered":"Ryhm\u00e4liikuntatunnit"},"content":{"rendered":"\n<div style=\"height:90px\" aria-hidden=\"true\" class=\"wp-block-spacer mobile-spacer-0\"><\/div>\n\n\n\n<div class=\"wp-block-columns alignfull has-background is-layout-flex wp-container-core-columns-is-layout-9d6595d7 wp-block-columns-is-layout-flex\" style=\"background-color:#3e755f\">\n<div class=\"wp-block-column is-vertically-aligned-top space10 is-layout-flow wp-block-column-is-layout-flow\" style=\"padding-top:0;padding-right:0;padding-bottom:0;padding-left:0\">\n<div style=\"height:14px\" aria-hidden=\"true\" class=\"wp-block-spacer\"><\/div>\n\n\n\n<h3 class=\"wp-block-heading has-text-align-center has-white-color has-text-color has-link-color wp-elements-10cc49fc3fb4458a81b8a0e042cb4837\">AquaFit vesitreenit toteutetaan isossa altaassa kokeneen valmentajan ohjauksessa.<br>Sauna yoga ja AquaFit treenaukset sis\u00e4ltyv\u00e4t aina kylpyl\u00e4lipun hintaan!<\/h3>\n\n\n\n<div class=\"wp-block-columns space2 is-layout-flex wp-container-core-columns-is-layout-9d6595d7 wp-block-columns-is-layout-flex\">\n<div class=\"wp-block-column is-vertically-aligned-center space10 is-layout-flow wp-block-column-is-layout-flow\" style=\"padding-top:var(--wp--preset--spacing--80);padding-right:var(--wp--preset--spacing--80);padding-bottom:var(--wp--preset--spacing--80);padding-left:var(--wp--preset--spacing--80)\">\n<h2 class=\"wp-block-heading has-white-color has-text-color\" style=\"font-size:55px\">Ryhm\u00e4treenien kalenteri<\/h2>\n\n\n\n<p class=\"has-white-color has-text-color has-link-color wp-elements-3b94e9160b6feb38e64dff1af50e3a67\">MAANANTAI<br>12:30 &#8211; 13:15 AquaFit isossa altaassa<br><br>TIISTAI<br>18:15 &#8211; 18:45 Sauna yoga<\/p>\n\n\n\n<p class=\"has-white-color has-text-color has-link-color wp-elements-329b3c14732ad42de043e19bc5153197\">KESKIVIIKKO<br>17:15 &#8211; 18:00 AquaFit isossa altaassa<br><br><\/p>\n<\/div>\n\n\n\n<div class=\"wp-block-column space2 is-layout-flow wp-block-column-is-layout-flow\" style=\"padding-top:var(--wp--preset--spacing--80);padding-right:var(--wp--preset--spacing--80);padding-bottom:var(--wp--preset--spacing--80);padding-left:var(--wp--preset--spacing--80)\">\n<figure class=\"wp-block-image alignleft size-full is-resized is-style-rounded\"><img loading=\"lazy\" decoding=\"async\" width=\"800\" height=\"800\" src=\"https:\/\/ringspa.ee\/wp-content\/uploads\/2023\/11\/Ring-spaa-ja-saunad-Tervise-paevaspaa.jpg\" alt=\"\" class=\"wp-image-2339\" style=\"width:450px;height:450px\" srcset=\"https:\/\/ringspa.ee\/wp-content\/uploads\/2023\/11\/Ring-spaa-ja-saunad-Tervise-paevaspaa.jpg 800w, https:\/\/ringspa.ee\/wp-content\/uploads\/2023\/11\/Ring-spaa-ja-saunad-Tervise-paevaspaa-300x300.jpg 300w, https:\/\/ringspa.ee\/wp-content\/uploads\/2023\/11\/Ring-spaa-ja-saunad-Tervise-paevaspaa-150x150.jpg 150w, https:\/\/ringspa.ee\/wp-content\/uploads\/2023\/11\/Ring-spaa-ja-saunad-Tervise-paevaspaa-768x768.jpg 768w\" sizes=\"auto, (max-width: 800px) 100vw, 800px\" \/><\/figure>\n<\/div>\n<\/div>\n\n\n\n<div style=\"height:13px\" aria-hidden=\"true\" class=\"wp-block-spacer\"><\/div>\n<\/div>\n<\/div>\n\n\n\n<div class=\"wp-block-columns alignfull has-background is-layout-flex wp-container-core-columns-is-layout-9d6595d7 wp-block-columns-is-layout-flex\" style=\"background-color:#3e755f\">\n<div class=\"wp-block-column is-vertically-aligned-center space10 has-white-color has-text-color is-layout-flow wp-block-column-is-layout-flow\" style=\"padding-top:var(--wp--preset--spacing--80);padding-right:var(--wp--preset--spacing--80);padding-bottom:var(--wp--preset--spacing--80);padding-left:var(--wp--preset--spacing--80)\">\n<h2 class=\"wp-block-heading has-white-color has-text-color\" style=\"font-size:35px\">AquaFit vesitreenit<\/h2>\n\n\n\n<p>AquaFit treenaukset sis\u00e4ltyv\u00e4t aina kylpyl\u00e4lipun hintaan!<\/p>\n\n\n\n<p>MAANANTAISIN klo 12:30<br>KESKIVIIKKOISIN klo 17:15<\/p>\n\n\n\n<ul class=\"wp-block-list\">\n<li>Veden l\u00e4mp\u00f6tila 32\u00b0C<\/li>\n\n\n\n<li>Kest\u00f6 45 min<\/li>\n\n\n\n<li>Valmentaja Lenne Allandi-V\u00e4li<\/li>\n\n\n\n<li>Ryhm\u00e4n maksimikoko 20 henkil\u00f6\u00e4<\/li>\n<\/ul>\n\n\n\n<p style=\"font-size:18px\">AquaFit vesitreenit on hauska ryhm\u00e4liikunta, joka tapahtuu vedess\u00e4. Valmentajan johdolla suoritetaan juoksu-, hyppy- ja voimaharjoituksia. K\u00e4ytet\u00e4\u00e4n erilaisia apuv\u00e4lineit\u00e4. AquaFit sopii kaikille, sill\u00e4 painottomuuden kaltainen tila alentaa painoa ja vapauttaa niveli\u00e4 kuormituksesta. <\/p>\n<\/div>\n\n\n\n<div class=\"wp-block-column is-vertically-aligned-center space10 is-layout-flow wp-block-column-is-layout-flow\" style=\"padding-top:var(--wp--preset--spacing--80);padding-right:var(--wp--preset--spacing--80);padding-bottom:var(--wp--preset--spacing--80);padding-left:var(--wp--preset--spacing--80)\">\n<figure class=\"wp-block-image alignleft size-full is-resized is-style-rounded\"><img loading=\"lazy\" decoding=\"async\" width=\"800\" height=\"800\" src=\"https:\/\/ringspa.ee\/wp-content\/uploads\/2025\/01\/Aquafit-vesiaeroobika-Ring-spaa.jpg\" alt=\"\" class=\"wp-image-4346\" style=\"width:450px;height:450px\" srcset=\"https:\/\/ringspa.ee\/wp-content\/uploads\/2025\/01\/Aquafit-vesiaeroobika-Ring-spaa.jpg 800w, https:\/\/ringspa.ee\/wp-content\/uploads\/2025\/01\/Aquafit-vesiaeroobika-Ring-spaa-300x300.jpg 300w, https:\/\/ringspa.ee\/wp-content\/uploads\/2025\/01\/Aquafit-vesiaeroobika-Ring-spaa-150x150.jpg 150w, https:\/\/ringspa.ee\/wp-content\/uploads\/2025\/01\/Aquafit-vesiaeroobika-Ring-spaa-768x768.jpg 768w, https:\/\/ringspa.ee\/wp-content\/uploads\/2025\/01\/Aquafit-vesiaeroobika-Ring-spaa-400x400.jpg 400w, https:\/\/ringspa.ee\/wp-content\/uploads\/2025\/01\/Aquafit-vesiaeroobika-Ring-spaa-600x600.jpg 600w\" sizes=\"auto, (max-width: 800px) 100vw, 800px\" \/><\/figure>\n\n\n\n<div style=\"height:14px\" aria-hidden=\"true\" class=\"wp-block-spacer mobile-spacer-0\"><\/div>\n\n\n\n<div style=\"height:14px\" aria-hidden=\"true\" class=\"wp-block-spacer\"><\/div>\n<\/div>\n<\/div>\n\n\n\n<div class=\"wp-block-columns alignfull has-background is-layout-flex wp-container-core-columns-is-layout-9d6595d7 wp-block-columns-is-layout-flex\" style=\"background-color:#3e755f\">\n<div class=\"wp-block-column is-vertically-aligned-center space10 has-white-color has-text-color is-layout-flow wp-block-column-is-layout-flow\" style=\"padding-top:var(--wp--preset--spacing--80);padding-right:var(--wp--preset--spacing--80);padding-bottom:var(--wp--preset--spacing--80);padding-left:var(--wp--preset--spacing--80)\">\n<h2 class=\"wp-block-heading has-white-color has-text-color\" style=\"font-size:35px\">Saunajooga<\/h2>\n\n\n\n<p>Saunajoogan treenaukset sis\u00e4ltyv\u00e4t aina kylpyl\u00e4lipun hintaan!<br><br>TIISTAISIN klo 18:15 &#8211; 18:45<\/p>\n\n\n\n<p>Saunajoogan Katajasaunassa (50\u00b0C) kest\u00e4\u00e4 30 minuuttia yhdist\u00e4en erilaisia joogatyylej\u00e4 ja -asentoja rauhassa ja hiljaisuudessa. Suurin osa saunajoogan asennoista on helppoja, asentojen kesto vain muutaman minuutin. Se on ihanteellinen harjoitus kaiken ik\u00e4isille riippumatta kunnosta.<\/p>\n\n\n\n<p style=\"font-size:18px\"><a href=\"https:\/\/ringspa.ee\/fi\/sauna-yoga\/\">Lue lis\u00e4\u00e4 saunajoogasta t\u00e4ssa!<\/a><\/p>\n<\/div>\n\n\n\n<div class=\"wp-block-column is-vertically-aligned-center space10 is-layout-flow wp-block-column-is-layout-flow\" style=\"padding-top:var(--wp--preset--spacing--80);padding-right:var(--wp--preset--spacing--80);padding-bottom:var(--wp--preset--spacing--80);padding-left:var(--wp--preset--spacing--80)\">\n<figure class=\"wp-block-image alignleft size-full is-resized is-style-rounded\"><img loading=\"lazy\" decoding=\"async\" width=\"800\" height=\"800\" src=\"https:\/\/ringspa.ee\/wp-content\/uploads\/2023\/11\/Sauna-Yoga.jpg\" alt=\"\" class=\"wp-image-2197\" style=\"width:450px;height:450px\" srcset=\"https:\/\/ringspa.ee\/wp-content\/uploads\/2023\/11\/Sauna-Yoga.jpg 800w, https:\/\/ringspa.ee\/wp-content\/uploads\/2023\/11\/Sauna-Yoga-300x300.jpg 300w, https:\/\/ringspa.ee\/wp-content\/uploads\/2023\/11\/Sauna-Yoga-150x150.jpg 150w, https:\/\/ringspa.ee\/wp-content\/uploads\/2023\/11\/Sauna-Yoga-768x768.jpg 768w\" sizes=\"auto, (max-width: 800px) 100vw, 800px\" \/><\/figure>\n\n\n\n<div style=\"height:14px\" aria-hidden=\"true\" class=\"wp-block-spacer mobile-spacer-0\"><\/div>\n\n\n\n<div style=\"height:14px\" aria-hidden=\"true\" class=\"wp-block-spacer\"><\/div>\n<\/div>\n<\/div>\n","protected":false},"excerpt":{"rendered":"<p>AquaFit vesitreenit toteutetaan isossa altaassa kokeneen valmentajan ohjauksessa.Sauna yoga ja AquaFit treenaukset sis\u00e4ltyv\u00e4t aina kylpyl\u00e4lipun hintaan! Ryhm\u00e4treenien kalenteri MAANANTAI12:30 &#8211; 13:15 AquaFit isossa altaassa TIISTAI18:15 &#8211; 18:45 Sauna yoga KESKIVIIKKO17:15 &#8211; 18:00 AquaFit isossa altaassa AquaFit vesitreenit AquaFit treenaukset sis\u00e4ltyv\u00e4t aina kylpyl\u00e4lipun hintaan! MAANANTAISIN klo 12:30KESKIVIIKKOISIN klo 17:15 AquaFit vesitreenit on hauska ryhm\u00e4liikunta, joka tapahtuu [&hellip;]<\/p>\n","protected":false},"author":4,"featured_media":0,"parent":0,"menu_order":0,"comment_status":"closed","ping_status":"closed","template":"","meta":{"footnotes":""},"class_list":["post-2496","page","type-page","status-publish","hentry"],"yoast_head":"<!-- This site is optimized with the Yoast SEO plugin v25.0 - https:\/\/yoast.com\/wordpress\/plugins\/seo\/ -->\n<title>Ryhm\u00e4liikuntatunnit - Ring Spaa ja Saunad<\/title>\n<meta name=\"robots\" content=\"index, follow, max-snippet:-1, max-image-preview:large, max-video-preview:-1\" \/>\n<link rel=\"canonical\" href=\"https:\/\/ringspa.ee\/fi\/ryhmaliikuntatunnit\/\" \/>\n<meta property=\"og:locale\" content=\"fi_FI\" \/>\n<meta property=\"og:type\" content=\"article\" \/>\n<meta property=\"og:title\" content=\"Ryhm\u00e4liikuntatunnit - Ring Spaa ja Saunad\" \/>\n<meta property=\"og:description\" content=\"AquaFit vesitreenit toteutetaan isossa altaassa kokeneen valmentajan ohjauksessa.Sauna yoga ja AquaFit treenaukset sis\u00e4ltyv\u00e4t aina kylpyl\u00e4lipun hintaan! Ryhm\u00e4treenien kalenteri MAANANTAI12:30 &#8211; 13:15 AquaFit isossa altaassa TIISTAI18:15 &#8211; 18:45 Sauna yoga KESKIVIIKKO17:15 &#8211; 18:00 AquaFit isossa altaassa AquaFit vesitreenit AquaFit treenaukset sis\u00e4ltyv\u00e4t aina kylpyl\u00e4lipun hintaan! MAANANTAISIN klo 12:30KESKIVIIKKOISIN klo 17:15 AquaFit vesitreenit on hauska ryhm\u00e4liikunta, joka tapahtuu [&hellip;]\" \/>\n<meta property=\"og:url\" content=\"https:\/\/ringspa.ee\/fi\/ryhmaliikuntatunnit\/\" \/>\n<meta property=\"og:site_name\" content=\"Ring Spaa ja Saunad\" \/>\n<meta property=\"article:modified_time\" content=\"2026-01-05T13:44:08+00:00\" \/>\n<meta property=\"og:image\" content=\"https:\/\/ringspa.ee\/wp-content\/uploads\/2023\/11\/Ring-spaa-ja-saunad-Tervise-paevaspaa.jpg\" \/>\n\t<meta property=\"og:image:width\" content=\"800\" \/>\n\t<meta property=\"og:image:height\" content=\"800\" \/>\n\t<meta property=\"og:image:type\" content=\"image\/jpeg\" \/>\n<meta name=\"twitter:card\" content=\"summary_large_image\" \/>\n<meta name=\"twitter:label1\" content=\"Arvioitu lukuaika\" \/>\n\t<meta name=\"twitter:data1\" content=\"2 minuuttia\" \/>\n<script type=\"application\/ld+json\" class=\"yoast-schema-graph\">{\"@context\":\"https:\/\/schema.org\",\"@graph\":[{\"@type\":\"WebPage\",\"@id\":\"https:\/\/ringspa.ee\/fi\/ryhmaliikuntatunnit\/\",\"url\":\"https:\/\/ringspa.ee\/fi\/ryhmaliikuntatunnit\/\",\"name\":\"Ryhm\u00e4liikuntatunnit - Ring Spaa ja Saunad\",\"isPartOf\":{\"@id\":\"https:\/\/ringspa.ee\/#website\"},\"primaryImageOfPage\":{\"@id\":\"https:\/\/ringspa.ee\/fi\/ryhmaliikuntatunnit\/#primaryimage\"},\"image\":{\"@id\":\"https:\/\/ringspa.ee\/fi\/ryhmaliikuntatunnit\/#primaryimage\"},\"thumbnailUrl\":\"https:\/\/ringspa.ee\/wp-content\/uploads\/2023\/11\/Ring-spaa-ja-saunad-Tervise-paevaspaa.jpg\",\"datePublished\":\"2024-01-03T06:31:54+00:00\",\"dateModified\":\"2026-01-05T13:44:08+00:00\",\"breadcrumb\":{\"@id\":\"https:\/\/ringspa.ee\/fi\/ryhmaliikuntatunnit\/#breadcrumb\"},\"inLanguage\":\"fi\",\"potentialAction\":[{\"@type\":\"ReadAction\",\"target\":[\"https:\/\/ringspa.ee\/fi\/ryhmaliikuntatunnit\/\"]}]},{\"@type\":\"ImageObject\",\"inLanguage\":\"fi\",\"@id\":\"https:\/\/ringspa.ee\/fi\/ryhmaliikuntatunnit\/#primaryimage\",\"url\":\"https:\/\/ringspa.ee\/wp-content\/uploads\/2023\/11\/Ring-spaa-ja-saunad-Tervise-paevaspaa.jpg\",\"contentUrl\":\"https:\/\/ringspa.ee\/wp-content\/uploads\/2023\/11\/Ring-spaa-ja-saunad-Tervise-paevaspaa.jpg\"},{\"@type\":\"BreadcrumbList\",\"@id\":\"https:\/\/ringspa.ee\/fi\/ryhmaliikuntatunnit\/#breadcrumb\",\"itemListElement\":[{\"@type\":\"ListItem\",\"position\":1,\"name\":\"Home\",\"item\":\"https:\/\/ringspa.ee\/fi\/\"},{\"@type\":\"ListItem\",\"position\":2,\"name\":\"Ryhm\u00e4liikuntatunnit\"}]},{\"@type\":\"WebSite\",\"@id\":\"https:\/\/ringspa.ee\/#website\",\"url\":\"https:\/\/ringspa.ee\/\",\"name\":\"Ring Spaa ja Saunad\",\"description\":\"\",\"potentialAction\":[{\"@type\":\"SearchAction\",\"target\":{\"@type\":\"EntryPoint\",\"urlTemplate\":\"https:\/\/ringspa.ee\/?s={search_term_string}\"},\"query-input\":{\"@type\":\"PropertyValueSpecification\",\"valueRequired\":true,\"valueName\":\"search_term_string\"}}],\"inLanguage\":\"fi\"}]}<\/script>\n<!-- \/ Yoast SEO plugin. -->","yoast_head_json":{"title":"Ryhm\u00e4liikuntatunnit - Ring Spaa ja Saunad","robots":{"index":"index","follow":"follow","max-snippet":"max-snippet:-1","max-image-preview":"max-image-preview:large","max-video-preview":"max-video-preview:-1"},"canonical":"https:\/\/ringspa.ee\/fi\/ryhmaliikuntatunnit\/","og_locale":"fi_FI","og_type":"article","og_title":"Ryhm\u00e4liikuntatunnit - Ring Spaa ja Saunad","og_description":"AquaFit vesitreenit toteutetaan isossa altaassa kokeneen valmentajan ohjauksessa.Sauna yoga ja AquaFit treenaukset sis\u00e4ltyv\u00e4t aina kylpyl\u00e4lipun hintaan! Ryhm\u00e4treenien kalenteri MAANANTAI12:30 &#8211; 13:15 AquaFit isossa altaassa TIISTAI18:15 &#8211; 18:45 Sauna yoga KESKIVIIKKO17:15 &#8211; 18:00 AquaFit isossa altaassa AquaFit vesitreenit AquaFit treenaukset sis\u00e4ltyv\u00e4t aina kylpyl\u00e4lipun hintaan! MAANANTAISIN klo 12:30KESKIVIIKKOISIN klo 17:15 AquaFit vesitreenit on hauska ryhm\u00e4liikunta, joka tapahtuu [&hellip;]","og_url":"https:\/\/ringspa.ee\/fi\/ryhmaliikuntatunnit\/","og_site_name":"Ring Spaa ja Saunad","article_modified_time":"2026-01-05T13:44:08+00:00","og_image":[{"width":800,"height":800,"url":"https:\/\/ringspa.ee\/wp-content\/uploads\/2023\/11\/Ring-spaa-ja-saunad-Tervise-paevaspaa.jpg","type":"image\/jpeg"}],"twitter_card":"summary_large_image","twitter_misc":{"Arvioitu lukuaika":"2 minuuttia"},"schema":{"@context":"https:\/\/schema.org","@graph":[{"@type":"WebPage","@id":"https:\/\/ringspa.ee\/fi\/ryhmaliikuntatunnit\/","url":"https:\/\/ringspa.ee\/fi\/ryhmaliikuntatunnit\/","name":"Ryhm\u00e4liikuntatunnit - Ring Spaa ja Saunad","isPartOf":{"@id":"https:\/\/ringspa.ee\/#website"},"primaryImageOfPage":{"@id":"https:\/\/ringspa.ee\/fi\/ryhmaliikuntatunnit\/#primaryimage"},"image":{"@id":"https:\/\/ringspa.ee\/fi\/ryhmaliikuntatunnit\/#primaryimage"},"thumbnailUrl":"https:\/\/ringspa.ee\/wp-content\/uploads\/2023\/11\/Ring-spaa-ja-saunad-Tervise-paevaspaa.jpg","datePublished":"2024-01-03T06:31:54+00:00","dateModified":"2026-01-05T13:44:08+00:00","breadcrumb":{"@id":"https:\/\/ringspa.ee\/fi\/ryhmaliikuntatunnit\/#breadcrumb"},"inLanguage":"fi","potentialAction":[{"@type":"ReadAction","target":["https:\/\/ringspa.ee\/fi\/ryhmaliikuntatunnit\/"]}]},{"@type":"ImageObject","inLanguage":"fi","@id":"https:\/\/ringspa.ee\/fi\/ryhmaliikuntatunnit\/#primaryimage","url":"https:\/\/ringspa.ee\/wp-content\/uploads\/2023\/11\/Ring-spaa-ja-saunad-Tervise-paevaspaa.jpg","contentUrl":"https:\/\/ringspa.ee\/wp-content\/uploads\/2023\/11\/Ring-spaa-ja-saunad-Tervise-paevaspaa.jpg"},{"@type":"BreadcrumbList","@id":"https:\/\/ringspa.ee\/fi\/ryhmaliikuntatunnit\/#breadcrumb","itemListElement":[{"@type":"ListItem","position":1,"name":"Home","item":"https:\/\/ringspa.ee\/fi\/"},{"@type":"ListItem","position":2,"name":"Ryhm\u00e4liikuntatunnit"}]},{"@type":"WebSite","@id":"https:\/\/ringspa.ee\/#website","url":"https:\/\/ringspa.ee\/","name":"Ring Spaa ja Saunad","description":"","potentialAction":[{"@type":"SearchAction","target":{"@type":"EntryPoint","urlTemplate":"https:\/\/ringspa.ee\/?s={search_term_string}"},"query-input":{"@type":"PropertyValueSpecification","valueRequired":true,"valueName":"search_term_string"}}],"inLanguage":"fi"}]}},"_links":{"self":[{"href":"https:\/\/ringspa.ee\/fi\/wp-json\/wp\/v2\/pages\/2496","targetHints":{"allow":["GET"]}}],"collection":[{"href":"https:\/\/ringspa.ee\/fi\/wp-json\/wp\/v2\/pages"}],"about":[{"href":"https:\/\/ringspa.ee\/fi\/wp-json\/wp\/v2\/types\/page"}],"author":[{"embeddable":true,"href":"https:\/\/ringspa.ee\/fi\/wp-json\/wp\/v2\/users\/4"}],"replies":[{"embeddable":true,"href":"https:\/\/ringspa.ee\/fi\/wp-json\/wp\/v2\/comments?post=2496"}],"version-history":[{"count":7,"href":"https:\/\/ringspa.ee\/fi\/wp-json\/wp\/v2\/pages\/2496\/revisions"}],"predecessor-version":[{"id":5800,"href":"https:\/\/ringspa.ee\/fi\/wp-json\/wp\/v2\/pages\/2496\/revisions\/5800"}],"wp:attachment":[{"href":"https:\/\/ringspa.ee\/fi\/wp-json\/wp\/v2\/media?parent=2496"}],"curies":[{"name":"wp","href":"https:\/\/api.w.org\/{rel}","templated":true}]}}