{"id":3433,"date":"2023-03-24T16:30:28","date_gmt":"2023-03-24T14:30:28","guid":{"rendered":"https:\/\/ringspa.ee\/ring-spaa-ja-saunade-etikett\/"},"modified":"2025-04-01T10:47:44","modified_gmt":"2025-04-01T07:47:44","slug":"ring-spa-saunat-kylpylaetiketti","status":"publish","type":"page","link":"https:\/\/ringspa.ee\/fi\/ring-spa-saunat-kylpylaetiketti\/","title":{"rendered":"Ring spa &amp; saunat kylpyl\u00e4etiketti"},"content":{"rendered":"\n<div style=\"height:90px\" aria-hidden=\"true\" class=\"wp-block-spacer mobile-spacer-0\"><\/div>\n\n\n\n<div class=\"wp-block-columns alignfull is-layout-flex wp-container-core-columns-is-layout-53642b31 wp-block-columns-is-layout-flex\" style=\"padding-top:0;padding-right:0;padding-bottom:0;padding-left:0\">\n<div class=\"wp-block-column has-white-color has-text-color has-background is-layout-flow wp-block-column-is-layout-flow\" style=\"background-color:#437a64;padding-top:var(--wp--preset--spacing--40);padding-right:var(--wp--preset--spacing--40);padding-bottom:var(--wp--preset--spacing--40);padding-left:var(--wp--preset--spacing--40)\">\n<h1 class=\"wp-block-heading\">RING SPA &amp; SAUNAT KYLPYL\u00c4ETIKETTI<\/h1>\n\n\n\n<p>Tervetuloa Ring spa- ja saunat kylpyl\u00e4\u00e4n! Toivomme, ett\u00e4 Ring spa:n kylpyl\u00e4ss\u00e4 on asiakas aina odotettu ja tervetullut.<br>Nauti kauniista kylpyl\u00e4milj\u00f6\u00f6st\u00e4 ja tunne itsesi osaksi sit\u00e4! Noudata etiketti\u00e4mme, jotta kaikki sujuisi mutkattomasti ja vierailusi olisi ikimuistoinen.<\/p>\n\n\n\n<h2 class=\"wp-block-heading\">LIPUN OSTAMINEN<\/h2>\n\n\n\n<ul class=\"wp-block-list\">\n<li>Ostamalla lipun vahvistat, ett\u00e4 hyv\u00e4ksyt kylpyl\u00e4n s\u00e4\u00e4nn\u00f6t.<\/li>\n\n\n\n<li>Ostamalla saunakeskuksen lipun vahvistat, ett\u00e4 taitosi ja terveydentilasi sallivat sinun k\u00e4ytt\u00e4\u00e4 meid\u00e4n erilaisia altaita sek\u00e4 saunoja.<\/li>\n\n\n\n<li>Pyyd\u00e4mme tarkistamaan ostetut tuotteet, liput ja vaihtorahat v\u00e4litt\u00f6m\u00e4sti kassalla. My\u00f6hempi\u00e4 valituksia ei hyv\u00e4ksyt\u00e4.<br>Henkil\u00f6kunnalla on oikeus pyyt\u00e4\u00e4 ik\u00e4rajoitettujen palveluiden k\u00e4ytt\u00e4mist\u00e4 varten henkil\u00f6todistusta.<\/li>\n\n\n\n<li>Lipun ostamalla vahvistat, ett\u00e4 hyv\u00e4ksyt vesikeskuksen s\u00e4\u00e4nn\u00f6t, mink\u00e4 j\u00e4lkeen saat kassalta rannekkeen, jolla p\u00e4\u00e4set turvaporttien l\u00e4pi kylpyl\u00e4\u00e4n menness\u00e4si ja tehd\u00e4 ostoksia spa-baarissa. <br>Poistuessasi pyyd\u00e4mme palauttamaan rannekkeen palvelutiskin vastaanottovirkailijalle. Saunakeskuksessa on spa-baari, miss\u00e4 on mahdollista nauttia virkist\u00e4vist\u00e4 cocktaileista ja kevyist\u00e4 hiukopaloista.<\/li>\n\n\n\n<li>Rannekkeen katoamisesta tai rikkomisesta on maksettava 50 \u20ac korvaus voimassa olevan hinnaston mukaisesti.<\/li>\n\n\n\n<li>Alle 13-vuotiaat ja sit\u00e4 nuoremmat lapset p\u00e4\u00e4sev\u00e4t kylpyl\u00e4\u00e4n vain yhdess\u00e4 lipun ostaneen t\u00e4ysi-ik\u00e4isen saattajan kanssa, joka vastaa lasten turvallisuudesta ja k\u00e4ytt\u00e4ytymisest\u00e4 sek\u00e4 takaa, ett\u00e4 lapset noudattavat kylpyl\u00e4n k\u00e4ytt\u00e4ytymiss\u00e4\u00e4nt\u00f6j\u00e4. Pyyd\u00e4mme kaikkia vanhempia tai t\u00e4ysi-ik\u00e4isi\u00e4 saattajia seuraamaan omia lapsiaan kylpyl\u00e4ss\u00e4. 13-vuotiaat lapset voivat tulla kylpyl\u00e4\u00e4n itsen\u00e4isesti, mik\u00e4li he osaavat varmistaa oman turvallisuutensa altaissa sek\u00e4 saunassa.<\/li>\n\n\n\n<li>Pukuhuoneessa voit valita haluamasi kaapin. Kaapin voi avata ja sulkea useita kertoja. Varmista joka kerta, ett\u00e4 kaapin ovi sulkeutuu kunnolla. Mik\u00e4li kaapin ovi ei sulkeudu kunnolla tai on rikki, ilmoita siit\u00e4 v\u00e4litt\u00f6m\u00e4sti kenkil\u00f6kunnalle.<\/li>\n<\/ul>\n\n\n\n<h2 class=\"wp-block-heading\">VIERAILUAIKA<\/h2>\n\n\n\n<ul class=\"wp-block-list\">\n<li>Kaikki normaalihintaiset liput Ring spa &amp; saunat kylpyl\u00e4\u00e4n on ilman aikarajoitusta. <\/li>\n\n\n\n<li>Saunakeskuksen p\u00e4\u00e4sylippu menett\u00e4\u00e4 voimassaolonsa poistuttaessa. Saunat suljetaan 15 minuuttia ennen kyplyl\u00e4n sulkemista.<\/li>\n<\/ul>\n\n\n\n<h2 class=\"wp-block-heading\">YLEIST\u00c4<\/h2>\n\n\n\n<ul class=\"wp-block-list\">\n<li>Olet kylpyl\u00e4- ja saunakeskuksessa, jossa jokainen asiakas on tervetullut ja arvostettu. Noudata spassa olevia viittoja ja merkkej\u00e4.<\/li>\n\n\n\n<li>Odotamme sinulta kunnioittavaa suhtautumista niin henkil\u00f6kuntaamme kuin my\u00f6s muihin asiakkaihin, jotka jakavat kanssasi kylpyl\u00e4-ilmapiiri\u00e4.<\/li>\n\n\n\n<li>Tupakointi on Ring span tiloissa kielletty (koskee my\u00f6s s\u00e4hk\u00f6tupakkaa). Sopimussakko tupakoinnista on 100 \u20ac.<\/li>\n\n\n\n<li>Ennen altaaseen menoa on peseytyminen pakollista! Tunnet olosi varmasti raikkaammaksi, kun saunassa hikoilun j\u00e4lkeen huuhtelet itsesi suihkussa.<\/li>\n\n\n\n<li>Ring span tiloissa ihokarvojen poisto, hiusten v\u00e4rj\u00e4ys sek\u00e4 vartalokuorintaa ei ole sallittua.<\/li>\n\n\n\n<li>Omien ruokien ja juomien nauttiminen kylpyl\u00e4n tiloissa ja pukuhuonessa on kielletty (paitsi vauvanruoat\/juomat). S\u00e4\u00e4nn\u00f6n rikkomisesta sakko 100 \u20ac.<br>Nauti virvokkeita spa-baarissa rannekkeella!<\/li>\n\n\n\n<li>Saunassa ei saa k\u00e4ytt\u00e4\u00e4 saunahunajaa, kuorintavoiteita tai muita tahraavia tai tuoksuvia tuotteita. <\/li>\n\n\n\n<li>Oman saunavihdan k\u00e4ytt\u00e4minen ei ole sallittu. Jos haluat vahvistaa terveytt\u00e4si, voit ostaa tammi- tai eukalyptusvihdan omaan k\u00e4ytt\u00f6\u00f6n spa-baaristamme ja vihtoaa ulkosaunassamme maanantaisin ja keskiviikkoisin klo 18:00-22:00.<\/li>\n\n\n\n<li>Pyyd\u00e4mme ett\u00e4 kaikki pit\u00e4isiv\u00e4t silm\u00e4ll\u00e4 lapsiaan ja heid\u00e4n puuhiaan. Liika vapaus saattaa olla lapsille ep\u00e4turvallinen ja h\u00e4irit\u00e4 muita asiakkaita.<\/li>\n\n\n\n<li>Jos perheen nuorin ei viel\u00e4 osaa k\u00e4ytt\u00e4\u00e4 pottaa, tulee k\u00e4ytt\u00e4\u00e4 uimavaippaa ep\u00e4miellytt\u00e4vien yll\u00e4tysten v\u00e4ltt\u00e4miseksi.<\/li>\n\n\n\n<li>Altaisiin hypp\u00e4\u00e4minen kielletty!<\/li>\n\n\n\n<li>Ison altaamme syvyys on 140 cm. Lasten virtaus-altaan syvyys on 80 cm.<\/li>\n\n\n\n<li>Saunakeskuksessa on mukava liikuskella kylpytakissa, uimapuvussa ja kevyiss\u00e4 rantajalkineissa.<\/li>\n\n\n\n<li>Puhtauden ja hyvinvoinnin vuoksi pyyd\u00e4mme sinua k\u00e4ytt\u00e4m\u00e4\u00e4n saunassa istuessasi henkil\u00f6kohtaisia pyyhett\u00e4, joka suojaa lauteita ja tekee istumisesta miellytt\u00e4v\u00e4\u00e4 kuumalla pinnalla (h\u00f6yrysaunaa lukuun ottamatta.) Saunaan tullessasi j\u00e4t\u00e4 jalkineet saunan ulkopuolelle oven viereen.<\/li>\n\n\n\n<li>Sauna- ja allasosaston lattia ja ulkoterassi ovat liukkaat. K\u00e4yt\u00e4 kumipohjaisia uimakenki\u00e4 ja liiku varovasti!<\/li>\n\n\n\n<li>Spa-baaristamme saa cocktaileja, smoothieita ja virvoitusjuomia sek\u00e4 v\u00e4lipaloja, jotka voit maksaa l\u00e4htiess\u00e4si kylpyl\u00e4n vastaanottoon.<\/li>\n\n\n\n<li>Ring spa ei vastaa vierailijan mahdollisesta sairastumisesta, terveysongelmista tai tapaturmista, jotka ovat aiheutuneet vierailijan omasta toiminnasta eik\u00e4 korvaa niist\u00e4 aiheutuneita vahinkoja. Vierailijoiden turvallisuuden takaamiseksi kylpyl\u00e4n yleisiss\u00e4 tiloissa puku- ja suihkuhuoneita lukuun ottamatta on videovalvonta.<\/li>\n\n\n\n<li>Ring spa ei vastaa pukuhuoneeseen tai tallelokeroon j\u00e4tetyist\u00e4 henkil\u00f6kohtaisista ja arvoesineist\u00e4.<\/li>\n\n\n\n<li>Odotamme vierailijoilta hyvien k\u00e4yt\u00f6stapojen mukaista suhtautumista ymp\u00e4rist\u00f6\u00f6ns\u00e4. Mik\u00e4li vierailija rikkoo tahallaan Ring span omaisuutta, h\u00e4n on velvollinen korvaamaan vahingon kokonaisuudessaan.<\/li>\n\n\n\n<li>Humalassa olevien henkil\u00f6iden sis\u00e4\u00e4np\u00e4\u00e4sy kylpyl\u00e4\u00e4n on kielletty. Span henkil\u00f6kunnalla on oikeus p\u00e4\u00e4tt\u00e4\u00e4 itselleen vaarallisen ja toisia k\u00e4vij\u00f6it\u00e4 h\u00e4iritsev\u00e4n henkil\u00f6n oleskelu kyplyl\u00e4ss\u00e4.<\/li>\n\n\n\n<li>Henkil\u00f6kunnalla on oikeus tehd\u00e4 k\u00e4vij\u00f6ille huomautuksia sopimattomista toimista ja talon s\u00e4\u00e4nt\u00f6j\u00e4 rikottaessa peruuttaa lipun voimassaolo korvauksetta.<\/li>\n\n\n\n<li>Kylpyl\u00e4ss\u00e4 kuvaaminen tai videon ottaaminen on sallittu vain henkil\u00f6kunnan luvalla. Kun otat kuvia itsest\u00e4si tai perheenj\u00e4senist\u00e4si, varmista, etteiv\u00e4t muut vierailijat ole mukana kuvassa. Saunoissa, suihkuissa ja pukuhuoneissa kuvaaminen on kielletty\u00e4.<\/li>\n\n\n\n<li>Ring spa &amp; saunat kylpyl\u00e4ss\u00e4 on tallentava kameravalvonta.<\/li>\n<\/ul>\n\n\n\n<div class=\"wp-block-buttons is-layout-flex wp-block-buttons-is-layout-flex\">\n<div class=\"wp-block-button is-style-edream-button-2\"><a class=\"wp-block-button__link has-white-color has-text-color has-link-color wp-element-button\" href=\"https:\/\/ringspa.ee\/fi\/kameravalvonnan-tietosuojaseloste\/\">Kameravalvonnan tietosuojaseloste<\/a><\/div>\n<\/div>\n<\/div>\n<\/div>\n\n\n\n<p><\/p>\n","protected":false},"excerpt":{"rendered":"<p>RING SPA &amp; SAUNAT KYLPYL\u00c4ETIKETTI Tervetuloa Ring spa- ja saunat kylpyl\u00e4\u00e4n! Toivomme, ett\u00e4 Ring spa:n kylpyl\u00e4ss\u00e4 on asiakas aina odotettu ja tervetullut.Nauti kauniista kylpyl\u00e4milj\u00f6\u00f6st\u00e4 ja tunne itsesi osaksi sit\u00e4! Noudata etiketti\u00e4mme, jotta kaikki sujuisi mutkattomasti ja vierailusi olisi ikimuistoinen. LIPUN OSTAMINEN VIERAILUAIKA YLEIST\u00c4<\/p>\n","protected":false},"author":2,"featured_media":0,"parent":0,"menu_order":0,"comment_status":"closed","ping_status":"closed","template":"","meta":{"footnotes":""},"class_list":["post-3433","page","type-page","status-publish","hentry"],"yoast_head":"<!-- This site is optimized with the Yoast SEO plugin v25.0 - https:\/\/yoast.com\/wordpress\/plugins\/seo\/ -->\n<title>Ring spa &amp; saunat kylpyl\u00e4etiketti - Ring Spaa ja Saunad<\/title>\n<meta name=\"robots\" content=\"index, follow, max-snippet:-1, max-image-preview:large, max-video-preview:-1\" \/>\n<link rel=\"canonical\" href=\"https:\/\/ringspa.ee\/fi\/ring-spa-saunat-kylpylaetiketti\/\" \/>\n<meta property=\"og:locale\" content=\"fi_FI\" \/>\n<meta property=\"og:type\" content=\"article\" \/>\n<meta property=\"og:title\" content=\"Ring spa &amp; saunat kylpyl\u00e4etiketti - Ring Spaa ja Saunad\" \/>\n<meta property=\"og:description\" content=\"RING SPA &amp; SAUNAT KYLPYL\u00c4ETIKETTI Tervetuloa Ring spa- ja saunat kylpyl\u00e4\u00e4n! Toivomme, ett\u00e4 Ring spa:n kylpyl\u00e4ss\u00e4 on asiakas aina odotettu ja tervetullut.Nauti kauniista kylpyl\u00e4milj\u00f6\u00f6st\u00e4 ja tunne itsesi osaksi sit\u00e4! Noudata etiketti\u00e4mme, jotta kaikki sujuisi mutkattomasti ja vierailusi olisi ikimuistoinen. LIPUN OSTAMINEN VIERAILUAIKA YLEIST\u00c4\" \/>\n<meta property=\"og:url\" content=\"https:\/\/ringspa.ee\/fi\/ring-spa-saunat-kylpylaetiketti\/\" \/>\n<meta property=\"og:site_name\" content=\"Ring Spaa ja Saunad\" \/>\n<meta property=\"article:modified_time\" content=\"2025-04-01T07:47:44+00:00\" \/>\n<meta name=\"twitter:card\" content=\"summary_large_image\" \/>\n<meta name=\"twitter:label1\" content=\"Arvioitu lukuaika\" \/>\n\t<meta name=\"twitter:data1\" content=\"4 minuuttia\" \/>\n<script type=\"application\/ld+json\" class=\"yoast-schema-graph\">{\"@context\":\"https:\/\/schema.org\",\"@graph\":[{\"@type\":\"WebPage\",\"@id\":\"https:\/\/ringspa.ee\/fi\/ring-spa-saunat-kylpylaetiketti\/\",\"url\":\"https:\/\/ringspa.ee\/fi\/ring-spa-saunat-kylpylaetiketti\/\",\"name\":\"Ring spa &amp; saunat kylpyl\u00e4etiketti - Ring Spaa ja Saunad\",\"isPartOf\":{\"@id\":\"https:\/\/ringspa.ee\/#website\"},\"datePublished\":\"2023-03-24T14:30:28+00:00\",\"dateModified\":\"2025-04-01T07:47:44+00:00\",\"breadcrumb\":{\"@id\":\"https:\/\/ringspa.ee\/fi\/ring-spa-saunat-kylpylaetiketti\/#breadcrumb\"},\"inLanguage\":\"fi\",\"potentialAction\":[{\"@type\":\"ReadAction\",\"target\":[\"https:\/\/ringspa.ee\/fi\/ring-spa-saunat-kylpylaetiketti\/\"]}]},{\"@type\":\"BreadcrumbList\",\"@id\":\"https:\/\/ringspa.ee\/fi\/ring-spa-saunat-kylpylaetiketti\/#breadcrumb\",\"itemListElement\":[{\"@type\":\"ListItem\",\"position\":1,\"name\":\"Home\",\"item\":\"https:\/\/ringspa.ee\/fi\/\"},{\"@type\":\"ListItem\",\"position\":2,\"name\":\"Ring spa &amp; saunat kylpyl\u00e4etiketti\"}]},{\"@type\":\"WebSite\",\"@id\":\"https:\/\/ringspa.ee\/#website\",\"url\":\"https:\/\/ringspa.ee\/\",\"name\":\"Ring Spaa ja Saunad\",\"description\":\"\",\"potentialAction\":[{\"@type\":\"SearchAction\",\"target\":{\"@type\":\"EntryPoint\",\"urlTemplate\":\"https:\/\/ringspa.ee\/?s={search_term_string}\"},\"query-input\":{\"@type\":\"PropertyValueSpecification\",\"valueRequired\":true,\"valueName\":\"search_term_string\"}}],\"inLanguage\":\"fi\"}]}<\/script>\n<!-- \/ Yoast SEO plugin. -->","yoast_head_json":{"title":"Ring spa &amp; saunat kylpyl\u00e4etiketti - Ring Spaa ja Saunad","robots":{"index":"index","follow":"follow","max-snippet":"max-snippet:-1","max-image-preview":"max-image-preview:large","max-video-preview":"max-video-preview:-1"},"canonical":"https:\/\/ringspa.ee\/fi\/ring-spa-saunat-kylpylaetiketti\/","og_locale":"fi_FI","og_type":"article","og_title":"Ring spa &amp; saunat kylpyl\u00e4etiketti - Ring Spaa ja Saunad","og_description":"RING SPA &amp; SAUNAT KYLPYL\u00c4ETIKETTI Tervetuloa Ring spa- ja saunat kylpyl\u00e4\u00e4n! Toivomme, ett\u00e4 Ring spa:n kylpyl\u00e4ss\u00e4 on asiakas aina odotettu ja tervetullut.Nauti kauniista kylpyl\u00e4milj\u00f6\u00f6st\u00e4 ja tunne itsesi osaksi sit\u00e4! Noudata etiketti\u00e4mme, jotta kaikki sujuisi mutkattomasti ja vierailusi olisi ikimuistoinen. LIPUN OSTAMINEN VIERAILUAIKA YLEIST\u00c4","og_url":"https:\/\/ringspa.ee\/fi\/ring-spa-saunat-kylpylaetiketti\/","og_site_name":"Ring Spaa ja Saunad","article_modified_time":"2025-04-01T07:47:44+00:00","twitter_card":"summary_large_image","twitter_misc":{"Arvioitu lukuaika":"4 minuuttia"},"schema":{"@context":"https:\/\/schema.org","@graph":[{"@type":"WebPage","@id":"https:\/\/ringspa.ee\/fi\/ring-spa-saunat-kylpylaetiketti\/","url":"https:\/\/ringspa.ee\/fi\/ring-spa-saunat-kylpylaetiketti\/","name":"Ring spa &amp; saunat kylpyl\u00e4etiketti - Ring Spaa ja Saunad","isPartOf":{"@id":"https:\/\/ringspa.ee\/#website"},"datePublished":"2023-03-24T14:30:28+00:00","dateModified":"2025-04-01T07:47:44+00:00","breadcrumb":{"@id":"https:\/\/ringspa.ee\/fi\/ring-spa-saunat-kylpylaetiketti\/#breadcrumb"},"inLanguage":"fi","potentialAction":[{"@type":"ReadAction","target":["https:\/\/ringspa.ee\/fi\/ring-spa-saunat-kylpylaetiketti\/"]}]},{"@type":"BreadcrumbList","@id":"https:\/\/ringspa.ee\/fi\/ring-spa-saunat-kylpylaetiketti\/#breadcrumb","itemListElement":[{"@type":"ListItem","position":1,"name":"Home","item":"https:\/\/ringspa.ee\/fi\/"},{"@type":"ListItem","position":2,"name":"Ring spa &amp; saunat kylpyl\u00e4etiketti"}]},{"@type":"WebSite","@id":"https:\/\/ringspa.ee\/#website","url":"https:\/\/ringspa.ee\/","name":"Ring Spaa ja Saunad","description":"","potentialAction":[{"@type":"SearchAction","target":{"@type":"EntryPoint","urlTemplate":"https:\/\/ringspa.ee\/?s={search_term_string}"},"query-input":{"@type":"PropertyValueSpecification","valueRequired":true,"valueName":"search_term_string"}}],"inLanguage":"fi"}]}},"_links":{"self":[{"href":"https:\/\/ringspa.ee\/fi\/wp-json\/wp\/v2\/pages\/3433","targetHints":{"allow":["GET"]}}],"collection":[{"href":"https:\/\/ringspa.ee\/fi\/wp-json\/wp\/v2\/pages"}],"about":[{"href":"https:\/\/ringspa.ee\/fi\/wp-json\/wp\/v2\/types\/page"}],"author":[{"embeddable":true,"href":"https:\/\/ringspa.ee\/fi\/wp-json\/wp\/v2\/users\/2"}],"replies":[{"embeddable":true,"href":"https:\/\/ringspa.ee\/fi\/wp-json\/wp\/v2\/comments?post=3433"}],"version-history":[{"count":5,"href":"https:\/\/ringspa.ee\/fi\/wp-json\/wp\/v2\/pages\/3433\/revisions"}],"predecessor-version":[{"id":4637,"href":"https:\/\/ringspa.ee\/fi\/wp-json\/wp\/v2\/pages\/3433\/revisions\/4637"}],"wp:attachment":[{"href":"https:\/\/ringspa.ee\/fi\/wp-json\/wp\/v2\/media?parent=3433"}],"curies":[{"name":"wp","href":"https:\/\/api.w.org\/{rel}","templated":true}]}}