{"id":4766,"date":"2025-05-19T13:03:26","date_gmt":"2025-05-19T10:03:26","guid":{"rendered":"https:\/\/ringspa.ee\/?page_id=4766"},"modified":"2026-02-10T14:45:50","modified_gmt":"2026-02-10T12:45:50","slug":"hosteli","status":"publish","type":"page","link":"https:\/\/ringspa.ee\/fi\/hosteli\/","title":{"rendered":"Hosteli"},"content":{"rendered":"\n<div style=\"height:90px\" aria-hidden=\"true\" class=\"wp-block-spacer mobile-spacer-0\"><\/div>\n\n\n\n<div class=\"wp-block-cover alignfull\"><img loading=\"lazy\" decoding=\"async\" width=\"1024\" height=\"683\" class=\"wp-block-cover__image-background wp-image-346 size-large\" alt=\"\" src=\"https:\/\/ringspa.ee\/wp-content\/uploads\/2023\/03\/Ring_hostel_Tallinnas-1024x683.jpg\" data-object-fit=\"cover\" srcset=\"https:\/\/ringspa.ee\/wp-content\/uploads\/2023\/03\/Ring_hostel_Tallinnas-1024x683.jpg 1024w, https:\/\/ringspa.ee\/wp-content\/uploads\/2023\/03\/Ring_hostel_Tallinnas-300x200.jpg 300w, https:\/\/ringspa.ee\/wp-content\/uploads\/2023\/03\/Ring_hostel_Tallinnas-768x512.jpg 768w, https:\/\/ringspa.ee\/wp-content\/uploads\/2023\/03\/Ring_hostel_Tallinnas-1536x1024.jpg 1536w, https:\/\/ringspa.ee\/wp-content\/uploads\/2023\/03\/Ring_hostel_Tallinnas-1568x1045.jpg 1568w, https:\/\/ringspa.ee\/wp-content\/uploads\/2023\/03\/Ring_hostel_Tallinnas.jpg 2048w\" sizes=\"auto, (max-width: 1024px) 100vw, 1024px\" \/><span aria-hidden=\"true\" class=\"wp-block-cover__background has-background-dim-60 has-background-dim\" style=\"background-color:#646971\"><\/span><div class=\"wp-block-cover__inner-container is-layout-flow wp-block-cover-is-layout-flow\">\n<div style=\"height:20px\" aria-hidden=\"true\" class=\"wp-block-spacer\"><\/div>\n\n\n\n<div class=\"wp-block-columns is-layout-flex wp-container-core-columns-is-layout-9d6595d7 wp-block-columns-is-layout-flex\">\n<div class=\"wp-block-column is-layout-flow wp-block-column-is-layout-flow\" style=\"padding-top:var(--wp--preset--spacing--30);padding-right:var(--wp--preset--spacing--30);padding-bottom:var(--wp--preset--spacing--30);padding-left:var(--wp--preset--spacing--30);flex-basis:50%\">\n<h1 class=\"wp-block-heading has-white-color has-text-color\">Hosteli Tallinnassa kylpyl\u00e4ll\u00e4<\/h1>\n\n\n\n<p>Ring SPA Hostelli on erinomainen valinta kaikille, jotka haluavat nauttia Tallinnan paikallisesta vieh\u00e4tyksest\u00e4 edullisesti ja mukavasti. Huonevalikoimaan kuuluu yksinkertaisia ja siistej\u00e4 kahden hengen huoneita omalla kylpyhuoneella sek\u00e4 nelj\u00e4n hengen huoneita kerross\u00e4ngyill\u00e4 ja jaetuilla peseytymistiloilla. J\u00e4lkimm\u00e4iset sopivat mainiosti edulliseen ryhm\u00e4majoitukseen.<\/p>\n\n\n\n<p class=\"has-white-color has-text-color has-medium-font-size\"><br>Tarjoamme hostellin vieraille majoitushintaan sis\u00e4ltyv\u00e4n kevyen aamiaisen Ring-kahvilassa \u2013 t\u00e4ydellinen tapa aloittaa p\u00e4iv\u00e4 terveellisesti ja energisesti. Lis\u00e4ksi vieraamme voivat nauttia rajoittamattomasta p\u00e4\u00e4syst\u00e4 ylelliseen Ring-kylpyl\u00e4\u00e4n ja saunoihin, jotka tarjoavat rentouttavan hetken aktiivisen p\u00e4iv\u00e4n j\u00e4lkeen.<\/p>\n\n\n\n<p class=\"has-white-color has-text-color has-medium-font-size\"><\/p>\n\n\n\n<div class=\"wp-block-buttons is-layout-flex wp-block-buttons-is-layout-flex\">\n<div class=\"wp-block-button has-custom-width wp-block-button__width-50\"><a class=\"wp-block-button__link wp-element-button\" href=\"https:\/\/bouk.io\/booking\/ringspahostel\/818\/rooms\/480?language=fi&amp;adults=2\" target=\"_blank\" rel=\"noreferrer noopener\">VARAA HUONE<\/a><\/div>\n<\/div>\n\n\n\n<p class=\"has-white-color has-text-color has-medium-font-size\"><\/p>\n<\/div>\n\n\n\n<div class=\"wp-block-column is-layout-flow wp-block-column-is-layout-flow\" style=\"flex-basis:10%\"><\/div>\n\n\n\n<div class=\"wp-block-column has-medium-font-size is-layout-flow wp-block-column-is-layout-flow\" style=\"padding-top:var(--wp--preset--spacing--20);padding-right:var(--wp--preset--spacing--20);padding-bottom:var(--wp--preset--spacing--20);padding-left:var(--wp--preset--spacing--20)\">\n<div class=\"wp-block-create-block-ed-circle-text-block align-center has-white-color has-text-color\"><div class=\"inner-block\" style=\"border:1px solid #fff\"><p>RING HOSTEL<br>CHECK-IN 16:00<br>CHECK-OUT 11:00<br><a href=\"mailto:hostel@ringspa.ee\" target=\"_blank\" rel=\"noreferrer noopener\">hostel@ringspa.ee<\/a><br>+372 699 9100<\/p><\/div><\/div>\n<\/div>\n<\/div>\n\n\n\n<div style=\"height:127px\" aria-hidden=\"true\" class=\"wp-block-spacer\"><\/div>\n<\/div><\/div>\n\n\n\n<div style=\"height:30px\" aria-hidden=\"true\" class=\"wp-block-spacer\"><\/div>\n\n\n\n<h2 class=\"wp-block-heading has-text-align-center\">Ring SPA hostelin s\u00e4\u00e4nn\u00f6t ja m\u00e4\u00e4r\u00e4ykset<\/h2>\n\n\n\n<div class=\"wp-block-columns alignwide is-layout-flex wp-container-core-columns-is-layout-d13b6e79 wp-block-columns-is-layout-flex\" style=\"padding-right:var(--wp--preset--spacing--40);padding-left:var(--wp--preset--spacing--40)\">\n<div class=\"wp-block-column is-layout-constrained wp-container-core-column-is-layout-8cd669b9 wp-block-column-is-layout-constrained\" style=\"padding-right:var(--wp--preset--spacing--40);padding-left:var(--wp--preset--spacing--40)\">\n<p>Sis\u00e4\u00e4nkirjautuminen (CHECK-IN) klo 16:00 alkaen.<br>Uloskirjautuminen (CHECK-OUT) viimeist\u00e4\u00e4n klo 11:00.<br>My\u00f6h\u00e4inen uloskirjautuminen on mahdollista ennakkosopimuksesta. My\u00f6h\u00e4inen uloskirjautuminen kest\u00e4\u00e4 klo 15:00 asti. Jokaiselta lis\u00e4tunnilta klo 11:00 j\u00e4lkeen perit\u00e4\u00e4n 10 \u20ac&nbsp;lis\u00e4maksu.<br><br>AAMIAINEN<br>Kevyt aamiainen tarjoillaan Ring kahvilassa<br>klo: 8:00\u201310:00.<\/p>\n\n\n\n<p>TUPAKOINTI<br>Hosteli noudattaa savuttoman hostelin periaatetta. Asiakas on velvollinen maksamaan sakon, jos h\u00e4n tupakoi alueella (mm hostelihuoneiden avoimissa ikkunoissa), jossa se on kielletty.<br>Sopimussakko tupakoinnista on 200 \u20ac.<\/p>\n\n\n\n<p>PYS\u00c4K\u00d6INTI<br>Pys\u00e4k\u00f6inti on j\u00e4rjestetty AS \u00dchisteenused toimesta. RING keskuksen asiakkaille on sallittu pys\u00e4k\u00f6id\u00e4 maksutta 4 tuntia keskuksen alueella, edellytt\u00e4en ett\u00e4 on rekister\u00f6itynyt pys\u00e4k\u00f6intiautomaatilla tai pys\u00e4k\u00f6intimittarilla klo 11:00\u201322:30 ennakkoon. Enemm\u00e4n kuin 4 tunnin pys\u00e4k\u00f6innin yhteydess\u00e4 SPA:n vastaanottovirkailija rekister\u00f6i autosi numeron kassalla rajoittamattoman vierailun toiveidesi mukaan.<br>Pys\u00e4k\u00f6intialueella on valvontakamerat, mutta hotelli ei vastaa pys\u00e4k\u00f6intialueelle j\u00e4tetyist\u00e4 autoista eik\u00e4 niiden sis\u00e4ll\u00f6st\u00e4.<\/p>\n\n\n\n<p>LEMMIKKIEL\u00c4IMET HOSTELISSAMME<br>Olet aina tervetullut lomailemaan lemmikkisi kanssa! Lemmikkiel\u00e4imet ovat sallittuja vain ennakkosopimuksesta. Ilmoitathan siit\u00e4 meille varauksen yhteydess\u00e4. Lemmikkiel\u00e4inten lis\u00e4maksu on 25 \u20ac \/ koira, riippumatta karvaisen yst\u00e4v\u00e4n koosta tai painosta.<br>Lemmikkiel\u00e4inten omistajia koskevat lis\u00e4maksut ja -s\u00e4\u00e4nn\u00f6t el\u00e4inten pitoa koskevien lakien mukaisesti, ja omistaja on vastuussa lemmikin aiheuttamista vahingoista (sek\u00e4 aineellisista ett\u00e4 terveydellisist\u00e4 vahingoista).<br>Lemmikkiel\u00e4in on hostelin alueella aina omistajan valvonnassa ja vastuulla.<br>Pyyd\u00e4mme pit\u00e4m\u00e4\u00e4n lemmikkiel\u00e4imet hostelin alueella aina talutushihnassa.<br>Lemmikkiel\u00e4imen omistaja vastaa nelijalkaisen yst\u00e4v\u00e4ns\u00e4 puhtaudesta hostelissa ja varmistaa, ettei se h\u00e4iritse muita vieraita.<br>Lemmikkiel\u00e4imen omistajalla on vastuu korvata huollettavansa aiheuttamat vahingot, mukaan lukien lis\u00e4maksu, jos huone tarvitsee suursiivousta (mukaan lukien kemiallinen pesu) hostelista poistumisen j\u00e4lkeen.<br>Lemmikkiel\u00e4imet eiv\u00e4t saa olla ravintolatiloissa tai alueilla, joissa niiden ei ole turvallista olla (liukkaat pinnat, jyrk\u00e4t pudotukset, uppoamisvaara jne.).<\/p>\n\n\n\n<p>KAMERAVALVONNAN TIETOSUOJASELOSTE<br>K\u00e4yt\u00e4mme valvontakameroita Metros O\u00dc:ssa henkil\u00f6iden (eli asiakkaiden, ty\u00f6ntekij\u00f6iden ja vierailijoiden) suojelemiseksi, turvallisuuden varmistamiseksi ja sen selvitt\u00e4miseksi, noudatetaanko sis\u00e4isi\u00e4 menettelys\u00e4\u00e4nt\u00f6j\u00e4. Rekisterinpit\u00e4j\u00e4n\u00e4 toimii Metros O\u00dc.<\/p>\n<\/div>\n\n\n\n<div class=\"wp-block-column is-layout-flow wp-block-column-is-layout-flow\" style=\"padding-right:var(--wp--preset--spacing--40);padding-left:var(--wp--preset--spacing--40)\">\n<p>YLEISEN J\u00c4RJESTYKSEN NOUDATTAMINEN<br>Hostelissa ovat voimassa kaikki yleist\u00e4 j\u00e4rjestyst\u00e4, rauhan s\u00e4ilytt\u00e4mist\u00e4 ja saastuttamisen ehk\u00e4isemist\u00e4 koskevat vaatimukset. Jos yleist\u00e4 j\u00e4rjestyst\u00e4 rikotaan, hosteli kutsuu tarvittaessa joko vartijat tai poliisin. Muiden ihmisten rauhan rikkomisesta on maksettava vahingon korvaamiseksi 100 \u20ac sopimussakko jokaisesta h\u00e4lytyksest\u00e4 rikkomustason mukaisesti.<\/p>\n\n\n\n<p>Y\u00d6RAUHA<br>Y\u00f6rauha alkaa hostelissa klo 23:00 ja kest\u00e4\u00e4 klo 06:00 asti. Y\u00f6rauhan rikkomisena pidet\u00e4\u00e4n muiden ihmisten h\u00e4iritsemist\u00e4 \u00e4\u00e4nin, valoin tai mekaanisilla, elektronisilla jne. v\u00e4lineill\u00e4. Y\u00f6rauhan rikkomisesta on maksettava vahingon korvaamiseksi 100 \u20ac sopimussakko jokaisesta h\u00e4lytyksest\u00e4 rikkomistason mukaisesti.<\/p>\n\n\n\n<p>ASIAKKAAN VASTUU T\u00c4M\u00c4N AIHEUTTAESSA VAHINGON<br>Vieraanamme otat vastuun ja velvollisuuden noudattaa s\u00e4\u00e4nt\u00f6j\u00e4. Olet vastuussa kaikesta tahallisesti tai tahattomasti aiheutuneesta vahingosta, jota sin\u00e4 tai vieraasi aiheutatte hostelihuoneessa tai hostelin yleisiss\u00e4 tiloissa. Hostelilla on oikeus vaatia asiakkaan aiheuttaman aineellisen vahingon korvaamista. Vahingon korvaussumma perustuu aiheutuneeseen vahinkoon, johon lis\u00e4t\u00e4\u00e4n vahingon korjaamiseen liittyv\u00e4t kustannukset.<\/p>\n\n\n\n<p>HYV\u00c4T TAVAT JA K\u00c4YT\u00c4NN\u00d6T<br>Odotamme asiakkaidemme noudattavan yhteiskunnassa voimassaolevia s\u00e4\u00e4nt\u00f6j\u00e4, hyvi\u00e4 k\u00e4yt\u00f6stapoja ja hotellin m\u00e4\u00e4r\u00e4yksi\u00e4. Jos asiakas rikkoo s\u00e4\u00e4nt\u00f6j\u00e4, h\u00e4nelle voidaan m\u00e4\u00e4r\u00e4t\u00e4 sakko, kuten y\u00f6rauhan rikkomisesta, ja h\u00e4nt\u00e4 voidaan tarvittaessa pyyt\u00e4\u00e4 poistumaan hostelista ja sen alueelta. Jos asiakasta k\u00e4sket\u00e4\u00e4n poistumaan hostelista, h\u00e4nen on silti maksettava varattu majoitus ja tilatut lis\u00e4palvelut.<\/p>\n\n\n\n<p>HOSTELIN VASTUU JA VALVONTA<br>Hosteli ei ole vastuussa asiakkaan vartioimatta j\u00e4tt\u00e4mien henkil\u00f6kohtaisten tavaroiden katoamisesta tai tuhoutumisesta. Hostelin yleisiss\u00e4 tiloissa ja pys\u00e4k\u00f6intialueella on videovalvonta. Hostelin j\u00e4rjestyst\u00e4 auttaa tarvittaessa valvomaan vartiointiyritys. Hostelin antamia avaimia (fyysisi\u00e4 ja s\u00e4hk\u00f6isi\u00e4) ei saa luovuttaa kolmansille osapuolille.<\/p>\n\n\n\n<p>VALITUSTEN RATKAISEMINEN<br>Valitus on teht\u00e4v\u00e4 v\u00e4litt\u00f6m\u00e4sti, mutta viimeist\u00e4\u00e4n kahden viikon kuluessa puutteen havaitsemisesta. Jos palvelu ei vastaa vaatimuksia tai siin\u00e4 ilmenee puutteita, pyyd\u00e4mme l\u00e4hett\u00e4m\u00e4\u00e4n s\u00e4hk\u00f6postiosoitteeseen <a href=\"mailto:hostel@ringspa.ee\" target=\"_blank\" rel=\"noreferrer noopener\"><mark style=\"background-color:rgba(0, 0, 0, 0)\" class=\"has-inline-color has-green-color\">hostel@ringspa.ee<\/mark><\/a> reklamaation, jossa on mainittu valituksen esitt\u00e4j\u00e4n nimi, puhelinnumero, tilausnumero ja tarkka kuvaus valituksesta. Valitusten ratkaisemiseksi esitt\u00e4j\u00e4n on s\u00e4ilytett\u00e4v\u00e4 ostoasiakirjat (lasku, sopimus jne.), jotka todistavat valituksen olosuhteet. Hosteli voi j\u00e4tt\u00e4\u00e4 asian ratkaisematta ilman todistavaa asiakirjaa.<br>Kaikki valitukset tarkistetaan ja valituksen esitt\u00e4j\u00e4\u00e4n otetaan yhteytt\u00e4 mahdollisimman pian, mutta viimeist\u00e4\u00e4n 15 p\u00e4iv\u00e4n kuluessa valituksen vastaanottamisesta.<\/p>\n<\/div>\n<\/div>\n","protected":false},"excerpt":{"rendered":"<p>Ring SPA hostelin s\u00e4\u00e4nn\u00f6t ja m\u00e4\u00e4r\u00e4ykset Sis\u00e4\u00e4nkirjautuminen (CHECK-IN) klo 16:00 alkaen.Uloskirjautuminen (CHECK-OUT) viimeist\u00e4\u00e4n klo 11:00.My\u00f6h\u00e4inen uloskirjautuminen on mahdollista ennakkosopimuksesta. My\u00f6h\u00e4inen uloskirjautuminen kest\u00e4\u00e4 klo 15:00 asti. Jokaiselta lis\u00e4tunnilta klo 11:00 j\u00e4lkeen perit\u00e4\u00e4n 10 \u20ac&nbsp;lis\u00e4maksu. AAMIAINENKevyt aamiainen tarjoillaan Ring kahvilassaklo: 8:00\u201310:00. TUPAKOINTIHosteli noudattaa savuttoman hostelin periaatetta. Asiakas on velvollinen maksamaan sakon, jos h\u00e4n tupakoi alueella (mm hostelihuoneiden [&hellip;]<\/p>\n","protected":false},"author":4,"featured_media":0,"parent":0,"menu_order":0,"comment_status":"closed","ping_status":"closed","template":"","meta":{"footnotes":""},"class_list":["post-4766","page","type-page","status-publish","hentry"],"yoast_head":"<!-- This site is optimized with the Yoast SEO plugin v27.4 - https:\/\/yoast.com\/product\/yoast-seo-wordpress\/ -->\n<title>Ring SPA Hosteli Tallinnassa I Edullinen kylpyl\u00e4loma Tallinnassa<\/title>\n<meta name=\"description\" content=\"Ring SPA Hostelissa viet\u00e4t aikaa Tallinnassa edullisesti ja mukavasti. Majoitus sis\u00e4lt\u00e4\u00e4 rajoittamattoman p\u00e4\u00e4syn ylelliseen Ring kylpyl\u00e4\u00e4n.\" \/>\n<meta name=\"robots\" content=\"index, follow, max-snippet:-1, max-image-preview:large, max-video-preview:-1\" \/>\n<link rel=\"canonical\" href=\"https:\/\/ringspa.ee\/fi\/hosteli\/\" \/>\n<meta property=\"og:locale\" content=\"fi_FI\" \/>\n<meta property=\"og:type\" content=\"article\" \/>\n<meta property=\"og:title\" content=\"Ring SPA Hosteli Tallinnassa I Edullinen kylpyl\u00e4loma Tallinnassa\" \/>\n<meta property=\"og:description\" content=\"Ring SPA Hostelissa viet\u00e4t aikaa Tallinnassa edullisesti ja mukavasti. Majoitus sis\u00e4lt\u00e4\u00e4 rajoittamattoman p\u00e4\u00e4syn ylelliseen Ring kylpyl\u00e4\u00e4n.\" \/>\n<meta property=\"og:url\" content=\"https:\/\/ringspa.ee\/fi\/hosteli\/\" \/>\n<meta property=\"og:site_name\" content=\"Ring Spaa ja Saunad\" \/>\n<meta property=\"article:modified_time\" content=\"2026-02-10T12:45:50+00:00\" \/>\n<meta property=\"og:image\" content=\"https:\/\/ringspa.ee\/wp-content\/uploads\/2023\/03\/Ring_hostel_Tallinnas.jpg\" \/>\n\t<meta property=\"og:image:width\" content=\"2048\" \/>\n\t<meta property=\"og:image:height\" content=\"1365\" \/>\n\t<meta property=\"og:image:type\" content=\"image\/jpeg\" \/>\n<meta name=\"twitter:card\" content=\"summary_large_image\" \/>\n<meta name=\"twitter:label1\" content=\"Arvioitu lukuaika\" \/>\n\t<meta name=\"twitter:data1\" content=\"4 minuuttia\" \/>\n<script type=\"application\/ld+json\" class=\"yoast-schema-graph\">{\"@context\":\"https:\\\/\\\/schema.org\",\"@graph\":[{\"@type\":\"WebPage\",\"@id\":\"https:\\\/\\\/ringspa.ee\\\/fi\\\/hosteli\\\/\",\"url\":\"https:\\\/\\\/ringspa.ee\\\/fi\\\/hosteli\\\/\",\"name\":\"Ring SPA Hosteli Tallinnassa I Edullinen kylpyl\u00e4loma Tallinnassa\",\"isPartOf\":{\"@id\":\"https:\\\/\\\/ringspa.ee\\\/#website\"},\"primaryImageOfPage\":{\"@id\":\"https:\\\/\\\/ringspa.ee\\\/fi\\\/hosteli\\\/#primaryimage\"},\"image\":{\"@id\":\"https:\\\/\\\/ringspa.ee\\\/fi\\\/hosteli\\\/#primaryimage\"},\"thumbnailUrl\":\"https:\\\/\\\/ringspa.ee\\\/wp-content\\\/uploads\\\/2023\\\/03\\\/Ring_hostel_Tallinnas-1024x683.jpg\",\"datePublished\":\"2025-05-19T10:03:26+00:00\",\"dateModified\":\"2026-02-10T12:45:50+00:00\",\"description\":\"Ring SPA Hostelissa viet\u00e4t aikaa Tallinnassa edullisesti ja mukavasti. Majoitus sis\u00e4lt\u00e4\u00e4 rajoittamattoman p\u00e4\u00e4syn ylelliseen Ring kylpyl\u00e4\u00e4n.\",\"breadcrumb\":{\"@id\":\"https:\\\/\\\/ringspa.ee\\\/fi\\\/hosteli\\\/#breadcrumb\"},\"inLanguage\":\"fi\",\"potentialAction\":[{\"@type\":\"ReadAction\",\"target\":[\"https:\\\/\\\/ringspa.ee\\\/fi\\\/hosteli\\\/\"]}]},{\"@type\":\"ImageObject\",\"inLanguage\":\"fi\",\"@id\":\"https:\\\/\\\/ringspa.ee\\\/fi\\\/hosteli\\\/#primaryimage\",\"url\":\"https:\\\/\\\/ringspa.ee\\\/wp-content\\\/uploads\\\/2023\\\/03\\\/Ring_hostel_Tallinnas-1024x683.jpg\",\"contentUrl\":\"https:\\\/\\\/ringspa.ee\\\/wp-content\\\/uploads\\\/2023\\\/03\\\/Ring_hostel_Tallinnas-1024x683.jpg\"},{\"@type\":\"BreadcrumbList\",\"@id\":\"https:\\\/\\\/ringspa.ee\\\/fi\\\/hosteli\\\/#breadcrumb\",\"itemListElement\":[{\"@type\":\"ListItem\",\"position\":1,\"name\":\"Home\",\"item\":\"https:\\\/\\\/ringspa.ee\\\/fi\\\/\"},{\"@type\":\"ListItem\",\"position\":2,\"name\":\"Hosteli\"}]},{\"@type\":\"WebSite\",\"@id\":\"https:\\\/\\\/ringspa.ee\\\/#website\",\"url\":\"https:\\\/\\\/ringspa.ee\\\/\",\"name\":\"Ring Spaa ja Saunad\",\"description\":\"\",\"potentialAction\":[{\"@type\":\"SearchAction\",\"target\":{\"@type\":\"EntryPoint\",\"urlTemplate\":\"https:\\\/\\\/ringspa.ee\\\/?s={search_term_string}\"},\"query-input\":{\"@type\":\"PropertyValueSpecification\",\"valueRequired\":true,\"valueName\":\"search_term_string\"}}],\"inLanguage\":\"fi\"}]}<\/script>\n<!-- \/ Yoast SEO plugin. -->","yoast_head_json":{"title":"Ring SPA Hosteli Tallinnassa I Edullinen kylpyl\u00e4loma Tallinnassa","description":"Ring SPA Hostelissa viet\u00e4t aikaa Tallinnassa edullisesti ja mukavasti. Majoitus sis\u00e4lt\u00e4\u00e4 rajoittamattoman p\u00e4\u00e4syn ylelliseen Ring kylpyl\u00e4\u00e4n.","robots":{"index":"index","follow":"follow","max-snippet":"max-snippet:-1","max-image-preview":"max-image-preview:large","max-video-preview":"max-video-preview:-1"},"canonical":"https:\/\/ringspa.ee\/fi\/hosteli\/","og_locale":"fi_FI","og_type":"article","og_title":"Ring SPA Hosteli Tallinnassa I Edullinen kylpyl\u00e4loma Tallinnassa","og_description":"Ring SPA Hostelissa viet\u00e4t aikaa Tallinnassa edullisesti ja mukavasti. Majoitus sis\u00e4lt\u00e4\u00e4 rajoittamattoman p\u00e4\u00e4syn ylelliseen Ring kylpyl\u00e4\u00e4n.","og_url":"https:\/\/ringspa.ee\/fi\/hosteli\/","og_site_name":"Ring Spaa ja Saunad","article_modified_time":"2026-02-10T12:45:50+00:00","og_image":[{"width":2048,"height":1365,"url":"https:\/\/ringspa.ee\/wp-content\/uploads\/2023\/03\/Ring_hostel_Tallinnas.jpg","type":"image\/jpeg"}],"twitter_card":"summary_large_image","twitter_misc":{"Arvioitu lukuaika":"4 minuuttia"},"schema":{"@context":"https:\/\/schema.org","@graph":[{"@type":"WebPage","@id":"https:\/\/ringspa.ee\/fi\/hosteli\/","url":"https:\/\/ringspa.ee\/fi\/hosteli\/","name":"Ring SPA Hosteli Tallinnassa I Edullinen kylpyl\u00e4loma Tallinnassa","isPartOf":{"@id":"https:\/\/ringspa.ee\/#website"},"primaryImageOfPage":{"@id":"https:\/\/ringspa.ee\/fi\/hosteli\/#primaryimage"},"image":{"@id":"https:\/\/ringspa.ee\/fi\/hosteli\/#primaryimage"},"thumbnailUrl":"https:\/\/ringspa.ee\/wp-content\/uploads\/2023\/03\/Ring_hostel_Tallinnas-1024x683.jpg","datePublished":"2025-05-19T10:03:26+00:00","dateModified":"2026-02-10T12:45:50+00:00","description":"Ring SPA Hostelissa viet\u00e4t aikaa Tallinnassa edullisesti ja mukavasti. Majoitus sis\u00e4lt\u00e4\u00e4 rajoittamattoman p\u00e4\u00e4syn ylelliseen Ring kylpyl\u00e4\u00e4n.","breadcrumb":{"@id":"https:\/\/ringspa.ee\/fi\/hosteli\/#breadcrumb"},"inLanguage":"fi","potentialAction":[{"@type":"ReadAction","target":["https:\/\/ringspa.ee\/fi\/hosteli\/"]}]},{"@type":"ImageObject","inLanguage":"fi","@id":"https:\/\/ringspa.ee\/fi\/hosteli\/#primaryimage","url":"https:\/\/ringspa.ee\/wp-content\/uploads\/2023\/03\/Ring_hostel_Tallinnas-1024x683.jpg","contentUrl":"https:\/\/ringspa.ee\/wp-content\/uploads\/2023\/03\/Ring_hostel_Tallinnas-1024x683.jpg"},{"@type":"BreadcrumbList","@id":"https:\/\/ringspa.ee\/fi\/hosteli\/#breadcrumb","itemListElement":[{"@type":"ListItem","position":1,"name":"Home","item":"https:\/\/ringspa.ee\/fi\/"},{"@type":"ListItem","position":2,"name":"Hosteli"}]},{"@type":"WebSite","@id":"https:\/\/ringspa.ee\/#website","url":"https:\/\/ringspa.ee\/","name":"Ring Spaa ja Saunad","description":"","potentialAction":[{"@type":"SearchAction","target":{"@type":"EntryPoint","urlTemplate":"https:\/\/ringspa.ee\/?s={search_term_string}"},"query-input":{"@type":"PropertyValueSpecification","valueRequired":true,"valueName":"search_term_string"}}],"inLanguage":"fi"}]}},"_links":{"self":[{"href":"https:\/\/ringspa.ee\/fi\/wp-json\/wp\/v2\/pages\/4766","targetHints":{"allow":["GET"]}}],"collection":[{"href":"https:\/\/ringspa.ee\/fi\/wp-json\/wp\/v2\/pages"}],"about":[{"href":"https:\/\/ringspa.ee\/fi\/wp-json\/wp\/v2\/types\/page"}],"author":[{"embeddable":true,"href":"https:\/\/ringspa.ee\/fi\/wp-json\/wp\/v2\/users\/4"}],"replies":[{"embeddable":true,"href":"https:\/\/ringspa.ee\/fi\/wp-json\/wp\/v2\/comments?post=4766"}],"version-history":[{"count":21,"href":"https:\/\/ringspa.ee\/fi\/wp-json\/wp\/v2\/pages\/4766\/revisions"}],"predecessor-version":[{"id":5871,"href":"https:\/\/ringspa.ee\/fi\/wp-json\/wp\/v2\/pages\/4766\/revisions\/5871"}],"wp:attachment":[{"href":"https:\/\/ringspa.ee\/fi\/wp-json\/wp\/v2\/media?parent=4766"}],"curies":[{"name":"wp","href":"https:\/\/api.w.org\/{rel}","templated":true}]}}